{"id":997,"date":"2021-12-15T12:55:35","date_gmt":"2021-12-15T12:55:35","guid":{"rendered":"https:\/\/www.secretsofnatureltd.com\/sq\/?post_type=product&#038;p=997"},"modified":"2025-04-08T08:44:01","modified_gmt":"2025-04-08T08:44:01","slug":"vaji-i-arres","status":"publish","type":"product","link":"https:\/\/www.secretsofnatureltd.com\/al\/product\/vaji-i-arres\/","title":{"rendered":"VAJ ARRE"},"content":{"rendered":"<p><strong>Vaji i Arr\u00ebs:<\/strong><\/p>\n<ul>\n<li>I p\u00ebrshtatsh\u00ebm p\u00ebr p\u00ebrdorim n\u00eb t\u00eb ftoht\u00eb dhe n\u00eb t\u00eb ngroht\u00eb<\/li>\n<li>Vaji i arr\u00ebs\u00a0\u00ebsht\u00eb nj\u00eb vaj totalisht i past\u00ebr i\u00a0prodhuar me nj\u00eb presim t\u00eb arr\u00ebs n\u00eb t\u00eb ftoht\u00eb.<\/li>\n<li>Pa proces ngrohje paraprak:\u00a0arrat nuk ngrohen p\u00ebrpara se t\u00eb trajtohen n\u00eb proces, e\u00a0cila do t\u00eb \u04abonte n\u00eb sasi prodhimi m\u00eb t\u00eb lart\u00eb e n\u00eb kosto m\u00eb t\u00eb ul\u00ebt, por jo cil\u00ebsin\u00eb e d\u00ebshiruar.<\/li>\n<li>100% natyral: pa aplikim kimikatesh,pa aditiv\u00eb t\u00eb shtuar,i pa rafinuar dhe pa aromatizues.<\/li>\n<li>Vaji i arr\u00ebs\u00a0q\u00eb\u00a0ne shesim \u00ebsht\u00eb\u00a0i prodhuar me presimi n\u00eb t\u00eb ftoht\u00eb ruan karakteristikat primare t\u00eb frutit t\u00eb arr\u00ebs.<\/li>\n<\/ul>\n<p><strong>Vetit\u00eb e vajit t\u00eb arr\u00ebs:<\/strong><\/p>\n<ul>\n<li>Vaji i arr\u00ebs \u00ebsht\u00eb nj\u00eb ushqim ish\u00ebndetsh\u00ebm. Thelpinjt\u00eb\u00a0e\u00a0arr\u00ebs kan\u00eb nj\u00eb cip\u00eb t\u00eb fort\u00eb q\u00eb mund t\u00eb shkaktoj problee me stomakun,\u00a0m\u00ebl\u00e7in\u00eb dhe me\u00a0organe t\u00eb tjera.\u00a0Ja p\u00ebrse \u00ebsht\u00eb m\u00eb e rekomandueshme t\u00eb p\u00ebrdoret vaji\u00a0i arr\u00ebs n\u00eb v\u00ebnd t\u00eb thelpinj\u00ebve t\u00eb saj.\u00a0Vaji i arr\u00ebs \u00ebsht\u00eb nj\u00eb produkt i jasht\u00ebzakonsh\u00ebm q\u00eb p\u00ebrmban shum\u00eb substanca t\u00eb sh\u00ebndetshme.<\/li>\n<li>P\u00ebrmir\u00ebson qarkullimin e gjakut: vaji i arr\u00ebs p\u00ebrmban nj\u00eb sasi t\u00eb lart\u00eb t\u00eb vajrave t\u00eb ngopur si omega-9,q\u00eb ndihmon n\u00eb ruajtjen e elasticitetit arterial.Fleksibiliteti arterial b\u00ebn t\u00eb mundur q\u00eb fluksi i gjakut\u00a0 t\u00eb rrjedh\u00eb i lir\u00eb pa ndonj\u00eb penges\u00eb\u00a0 q\u00eb do t\u00eb conte n\u00eb\u00a0 hipertension apo s\u00ebmundje zemre.<\/li>\n<li>Ul rreziqet p\u00ebr s\u00ebmundjet e zemr\u00ebs: t\u00eb mirat kardio protektive t\u00eb vajit t\u00eb arr\u00ebs vijn\u00eb si rezultat i p\u00ebrq\u00ebndrimit t\u00eb lart\u00eb \u03b1-linolenik (ALA),q\u00eb \u00ebsht\u00eb nj\u00eb acid yndyror\u00a0 i omega-3 q\u00eb n\u00eb fund shnd\u00ebrrohet ne acidin eikosapentaenoik (EPA) dhe dokosahekzaenoik (DHA).Nj\u00eb studim i universitetit t\u00eb Yale-s,n\u00eb 2009 gjeti q\u00eb konsumimi i p\u00ebrdit\u00ebsh\u00ebm i arrave p\u00ebrmir\u00ebson sh\u00ebnd\u00ebtin e en\u00ebv\u00eb t\u00eb gjakut ,pra duke ulur rrezikun e s\u00ebmundjeve t\u00eb\u00a0 zemr\u00ebs.<\/li>\n<li>Heq inflamacionin : vaji i arr\u00ebs p\u00ebrmban nj\u00eb nivel t\u00eb lart\u00eb vajrash t\u00eb ngopur si omega-3 dhe omega-6 q\u00eb ndihmojn\u00eb n\u00eb reduktimin e inflamacionit dhe ndihmojn\u00eb n\u00eb parandalimin e s\u00ebmundjes s\u00eb artritit.<\/li>\n<li>Ruan nivelin hormonal: arrat jan\u00eb t\u00eb pasura me fitonutrient\u00eb dhe jan\u00eb nj\u00eb burim i shk\u00eblqyer\u00a0 seleniumi,fosfori,magneziumi,zinku,hekuri dhe kal\u00e7iumi\u00a0 q\u00eb stabilizojn\u00eb nivelin e hormoneve n\u00eb gjak.<\/li>\n<li>P\u00ebrmir\u00ebson l\u00ebkur\u00ebn: arrat ose vaji i arr\u00ebs\u00a0p\u00ebrmban nivele t\u00eb konsiderueshme t\u00eb vitaminave B-1; B-2 dhe B-3 t\u00eb cilat shoq\u00ebrohen me vitamin\u00ebn E dhe niacin\u00ebn.Disa fitonutrient\u00eb dhe acide yndyrore\u00a0 prezent n\u00eb vajin e arr\u00ebs kontribuojn\u00eb n\u00eb p\u00ebrmir\u00ebsimin e l\u00ebkur\u00ebs.<\/li>\n<li>Ndalon ekzemen: 2 luge \u00e7aji n\u00eb dit\u00eb me vaj arre ndihmojn\u00eb personat q\u00eb vuajn\u00eb nga s\u00ebmundja ekzem\u00ebs.<\/li>\n<li>Kunder plakjes:\u00a0 arrat dhe vaji i arr\u00ebs p\u00ebrmban shum\u00eb antioksidant\u00eb .Antioksidant\u00ebt luftojn\u00eb ata q\u00eb quhen radikale t\u00eb lir\u00eb dhe shkaktojn\u00eb d\u00ebmtim t\u00eb qeliz\u00ebs dhe p\u00ebrshpejtojn\u00eb pro\u00e7esin e plakjes.<\/li>\n<\/ul>\n<p><strong>P\u00ebrdorimet e vajit t\u00eb arr\u00ebs:<\/strong><\/p>\n<ul>\n<li>Shija e vajit t\u00eb arr\u00ebs \u00ebsht\u00eb perfekte p\u00ebr sallat\u00ebra t\u00eb ndryshme,p\u00ebr ti dh\u00ebn\u00eb shije peshkut,mishit t\u00eb gjelit,pastave dhe \u00ebmb\u00eblsirave t\u00eb ndryshme.<\/li>\n<li>Vaji i arr\u00ebs \u00ebsht\u00eb m\u00eb mir\u00eb t\u00eb p\u00ebrdoret i pagatuar ose n\u00eb salca t\u00eb ftoht\u00eb\u00a0 sepse n\u00ebse ngrohet mund t\u00eb b\u00ebhet leht\u00ebsisht i hidhur.Gjith\u00ebsesi kjo shije mund t\u00eb jet\u00eb shum\u00eb e kend\u00ebshme n\u00eb pjatat e moderuara.<\/li>\n<li>\u00cbsht\u00eb i mahnitsh\u00ebm n\u00eb sallat\u00ebra sidomos kur kombinohet me copa arre.Shtoni vaj arre n\u00eb nj\u00eb sallat\u00eb me mish gjeli deti,disa kokrra rrushi dhe copa arre.Shtoni pak vaj arre mbi nj\u00eb peshk zgare p\u00ebrpara se ta servirni.P\u00ebrzieni makarona t\u00eb sapo gatuara me pak vaj arre dhe speca djeg\u00ebs.Provo t\u00eb p\u00ebrdor\u00ebsh vaj arre n\u00eb ato \u00ebmb\u00eblsira t\u00eb cilat do t\u00eb p\u00ebrmir\u00ebsonin shijen me prezenc\u00ebn e arrave,kikirikut ,bajameve etj.<\/li>\n<\/ul>\n","protected":false},"excerpt":{"rendered":"<p>Vaji i Arr\u00ebs: I p\u00ebrshtatsh\u00ebm p\u00ebr p\u00ebrdorim n\u00eb t\u00eb ftoht\u00eb dhe n\u00eb t\u00eb ngroht\u00eb Vaji i arr\u00ebs\u00a0\u00ebsht\u00eb nj\u00eb vaj totalisht i past\u00ebr i\u00a0prodhuar me nj\u00eb presim t\u00eb arr\u00ebs n\u00eb t\u00eb ftoht\u00eb. Pa proces ngrohje paraprak:\u00a0arrat nuk ngrohen p\u00ebrpara se t\u00eb trajtohen n\u00eb proces, e\u00a0cila do t\u00eb \u04abonte n\u00eb sasi prodhimi m\u00eb t\u00eb lart\u00eb e n\u00eb &hellip;<\/p>\n<p class=\"read-more\"> <a class=\"\" href=\"https:\/\/www.secretsofnatureltd.com\/al\/product\/vaji-i-arres\/\"> <span class=\"screen-reader-text\">VAJ ARRE<\/span> Read More &raquo;<\/a><\/p>\n","protected":false},"featured_media":998,"comment_status":"open","ping_status":"closed","template":"","meta":{"site-sidebar-layout":"default","site-content-layout":"default","ast-main-header-display":"","ast-hfb-above-header-display":"","ast-hfb-below-header-display":"","ast-hfb-mobile-header-display":"","site-post-title":"","ast-breadcrumbs-content":"","ast-featured-img":"","footer-sml-layout":"","theme-transparent-header-meta":"default","adv-header-id-meta":"","stick-header-meta":"","header-above-stick-meta":"","header-main-stick-meta":"","header-below-stick-meta":""},"product_brand":[],"product_cat":[42],"product_tag":[],"class_list":{"0":"post-997","1":"product","2":"type-product","3":"status-publish","4":"has-post-thumbnail","6":"product_cat-vajra","8":"first","9":"instock","10":"shipping-taxable","11":"purchasable","12":"product-type-simple"},"_links":{"self":[{"href":"https:\/\/www.secretsofnatureltd.com\/al\/wp-json\/wp\/v2\/product\/997","targetHints":{"allow":["GET"]}}],"collection":[{"href":"https:\/\/www.secretsofnatureltd.com\/al\/wp-json\/wp\/v2\/product"}],"about":[{"href":"https:\/\/www.secretsofnatureltd.com\/al\/wp-json\/wp\/v2\/types\/product"}],"replies":[{"embeddable":true,"href":"https:\/\/www.secretsofnatureltd.com\/al\/wp-json\/wp\/v2\/comments?post=997"}],"wp:featuredmedia":[{"embeddable":true,"href":"https:\/\/www.secretsofnatureltd.com\/al\/wp-json\/wp\/v2\/media\/998"}],"wp:attachment":[{"href":"https:\/\/www.secretsofnatureltd.com\/al\/wp-json\/wp\/v2\/media?parent=997"}],"wp:term":[{"taxonomy":"product_brand","embeddable":true,"href":"https:\/\/www.secretsofnatureltd.com\/al\/wp-json\/wp\/v2\/product_brand?post=997"},{"taxonomy":"product_cat","embeddable":true,"href":"https:\/\/www.secretsofnatureltd.com\/al\/wp-json\/wp\/v2\/product_cat?post=997"},{"taxonomy":"product_tag","embeddable":true,"href":"https:\/\/www.secretsofnatureltd.com\/al\/wp-json\/wp\/v2\/product_tag?post=997"}],"curies":[{"name":"wp","href":"https:\/\/api.w.org\/{rel}","templated":true}]}}