{"id":995,"date":"2021-12-15T12:29:34","date_gmt":"2021-12-15T12:29:34","guid":{"rendered":"https:\/\/www.secretsofnatureltd.com\/sq\/?post_type=product&#038;p=995"},"modified":"2026-01-08T23:09:39","modified_gmt":"2026-01-08T23:09:39","slug":"vaj-i-far%d1%91s-s%d1%91-zez%d1%91-2","status":"publish","type":"product","link":"https:\/\/www.secretsofnatureltd.com\/al\/product\/vaj-i-far%d1%91s-s%d1%91-zez%d1%91-2\/","title":{"rendered":"VAJ I FAR\u0401S S\u0401 ZEZ\u0401"},"content":{"rendered":"<p><strong>Vaji i Far\u00ebs s\u00eb Zez\u00eb:<\/strong><\/p>\n<ul>\n<li>I p\u00ebrshtatsh\u00ebm vet\u00ebm p\u00ebr p\u00ebrdorim n\u00eb t\u00eb ftoht\u00eb<\/li>\n<li>Vajrat i far\u00ebs s\u00eb zez\u00eb qe ne ofrojme eshte totalisht i past\u00ebr, i prodhuar nga nj\u00eb presim i vet\u00ebm q\u00eb i b\u00ebhet farave t\u00eb zeza n\u00eb t\u00eb ftoht\u00eb.<\/li>\n<li>S`ka proces parangrohje: farat e zeza nuk ngrohen p\u00ebrpara pro\u00e7esit trajtues ,e cila do t\u00eb \u04abonte n\u00eb rendiment m\u00eb t\u00eb lart\u00eb e n\u00eb kosto m\u00eb t\u00eb ul\u00ebt.<\/li>\n<li>100% natyrale: pa aplkim kimikatesh, pa aditiv\u00eb t\u00eb shtuar, jo t\u00eb rafinuar dhe pa aromatizues.<\/li>\n<li>Vaji i far\u00ebs s\u00eb zez\u00eb i prodhuar me presim n\u00eb t\u00eb ftoht\u00eb ruan karakteristikat origjinale t\u00eb far\u00ebs.<\/li>\n<\/ul>\n<p><strong>Vetit\u00eb e vajit t\u00eb far\u00ebs s\u00eb zez\u00eb:<\/strong><\/p>\n<p>Vaji i far\u00ebs s\u00eb zez\u00eb p\u00ebrmban mbi 100 komponime kimike dhe pjesa m\u00eb e madhe e komponimeve t\u00eb tjera q\u00eb ndodhen n\u00eb t\u00eb jan\u00eb akoma p\u00ebr t`u zbuluar. P\u00ebrb\u00ebr\u00ebsi kryesor aktiv n\u00eb vajin e farave t\u00eb zeza \u00ebsht\u00eb Nigelone n\u00eb trajt\u00eb kristaline. Vaji p\u00ebrmban gjithashtu \u03b2-sitosterol, timokuinon, acid miristik, acid palmitik, acid stearik, acid palmitoleik, acid oleik, acid linoleik, acid arakidonik, proteina dhe vitaminat: B1, B2 dhe B3. P\u00ebrmban gjithashtu kalcium, acid folik, hekur, bak\u00ebr, zink dhe fosfor. Vaji i far\u00ebs s\u00eb zez\u00eb \u00ebsht\u00eb nj\u00eb burim i Omega 6.<\/p>\n<p><strong>P\u00ebrfitimet nga vaji i far\u00ebs s\u00eb zez\u00eb:<\/strong><\/p>\n<ul>\n<li>Vaji i farave t\u00eb zeza i prodhuar me presim n\u00eb t\u00eb ftoht\u00eb p\u00ebrdoret n\u00eb kurimin e hemorroideve.<\/li>\n<li>Ky vaj p\u00ebrmir\u00ebson qarkullimin e gjakut.<\/li>\n<li>P\u00ebrdoret si qet\u00ebsues n\u00eb rastet e \u00e7`rregullimeve nervore.<\/li>\n<li>\u0401sht\u00eb shum\u00eb i p\u00ebrdorsh\u00ebm p\u00ebr t\u00eb kuruar koll\u00ebn dhe rrit sistemin imunitar.<\/li>\n<li>P\u00ebrdoret n\u00eb kurimin e diabetit.<\/li>\n<li>Vaji i far\u00ebs s\u00eb zez\u00eb p\u00ebrdoret n\u00eb flok\u00eb p\u00ebr t\u00eb parandaluar r\u00ebnien e tyre dhe p\u00ebr t`i b\u00ebr\u00eb ato m\u00eb t\u00eb sh\u00ebndetsh\u00ebm.<\/li>\n<li>\u0401sht\u00eb shum\u00eb i mir\u00eb kundra irritimit t\u00eb l\u00ebkur\u00ebs apo mavijosjes s\u00eb saj.<\/li>\n<li>Vaji i far\u00ebs s\u00eb zez\u00eb \u00ebsht\u00eb shum\u00eb i mir\u00eb p\u00ebr t\u00eb leht\u00ebsuar inflamacionet e zemr\u00ebs dhe p\u00ebr t\u00eb mbajtur kolesterolin n\u00eb nivele t\u00eb lejuara.<\/li>\n<li>Ndihmon n\u00eb heqjen e ekzem\u00ebs dhe psoriaz\u00ebs.<\/li>\n<li>Studimet kan\u00eb treguar q\u00eb vaji i far\u00ebs s\u00eb zez\u00eb p\u00ebrdoret p\u00ebr kurimin e nj\u00eb s\u00ebr\u00eb tumoresh duke p\u00ebrfshir\u00eb tumorin e gjirit dhe s\u00ebmundjet e tjera t\u00eb gjirit.<\/li>\n<li>Ndihmon p\u00ebr t\u00eb reduktuar presionin e lart\u00eb t\u00eb gjakut.<\/li>\n<li>Parandalon dhe leht\u00ebson spazmat e muskujve dhe dhimbjet e barkut.<\/li>\n<\/ul>\n<p><strong>P\u00ebrdorimet e vajit t\u00eb far\u00ebs s\u00eb zez\u00eb:<\/strong><\/p>\n<ul>\n<li>\u0401sht\u00eb i p\u00ebrshtatsh\u00ebm p\u00ebr p\u00ebrdorim vet\u00ebm n\u00eb t\u00eb ftoht\u00eb.<\/li>\n<li>P\u00ebrdoret n\u00eb sallata t\u00eb ndryshme p\u00ebrfshir\u00eb dhe ato me fruta deti.<\/li>\n<li>Vaji i far\u00ebs s\u00eb zez\u00eb p\u00ebrmir\u00ebson sh\u00ebndetin e flok\u00ebve dhe t\u00eb l\u00ebkur\u00ebs duke e masazhuar at\u00eb n\u00eb skalp dhe l\u00ebkur\u00eb.<\/li>\n<li>Mund t\u00eb p\u00ebrdoret si vaj masazhues p\u00ebr l\u00ebkur\u00ebn.<\/li>\n<li>Mund t\u00eb aplikohet n\u00eb brend\u00ebsi t\u00eb flok\u00ebve.<\/li>\n<\/ul>\n<p>NUK P\u0401RDORET GJAT\u0401 SHTATZANIS\u0401!<\/p>\n","protected":false},"excerpt":{"rendered":"<p>Vaji i Far\u00ebs s\u00eb Zez\u00eb: I p\u00ebrshtatsh\u00ebm vet\u00ebm p\u00ebr p\u00ebrdorim n\u00eb t\u00eb ftoht\u00eb Vajrat i far\u00ebs s\u00eb zez\u00eb qe ne ofrojme eshte totalisht i past\u00ebr, i prodhuar nga nj\u00eb presim i vet\u00ebm q\u00eb i b\u00ebhet farave t\u00eb zeza n\u00eb t\u00eb ftoht\u00eb. S`ka proces parangrohje: farat e zeza nuk ngrohen p\u00ebrpara pro\u00e7esit trajtues ,e cila do &hellip;<\/p>\n<p class=\"read-more\"> <a class=\"\" href=\"https:\/\/www.secretsofnatureltd.com\/al\/product\/vaj-i-far%d1%91s-s%d1%91-zez%d1%91-2\/\"> <span class=\"screen-reader-text\">VAJ I FAR\u0401S S\u0401 ZEZ\u0401<\/span> Read More &raquo;<\/a><\/p>\n","protected":false},"featured_media":996,"comment_status":"open","ping_status":"closed","template":"","meta":{"site-sidebar-layout":"default","site-content-layout":"default","ast-main-header-display":"","ast-hfb-above-header-display":"","ast-hfb-below-header-display":"","ast-hfb-mobile-header-display":"","site-post-title":"","ast-breadcrumbs-content":"","ast-featured-img":"","footer-sml-layout":"","theme-transparent-header-meta":"default","adv-header-id-meta":"","stick-header-meta":"","header-above-stick-meta":"","header-main-stick-meta":"","header-below-stick-meta":""},"product_brand":[],"product_cat":[42],"product_tag":[],"class_list":{"0":"post-995","1":"product","2":"type-product","3":"status-publish","4":"has-post-thumbnail","6":"product_cat-vajra","8":"first","9":"instock","10":"shipping-taxable","11":"purchasable","12":"product-type-simple"},"_links":{"self":[{"href":"https:\/\/www.secretsofnatureltd.com\/al\/wp-json\/wp\/v2\/product\/995","targetHints":{"allow":["GET"]}}],"collection":[{"href":"https:\/\/www.secretsofnatureltd.com\/al\/wp-json\/wp\/v2\/product"}],"about":[{"href":"https:\/\/www.secretsofnatureltd.com\/al\/wp-json\/wp\/v2\/types\/product"}],"replies":[{"embeddable":true,"href":"https:\/\/www.secretsofnatureltd.com\/al\/wp-json\/wp\/v2\/comments?post=995"}],"wp:featuredmedia":[{"embeddable":true,"href":"https:\/\/www.secretsofnatureltd.com\/al\/wp-json\/wp\/v2\/media\/996"}],"wp:attachment":[{"href":"https:\/\/www.secretsofnatureltd.com\/al\/wp-json\/wp\/v2\/media?parent=995"}],"wp:term":[{"taxonomy":"product_brand","embeddable":true,"href":"https:\/\/www.secretsofnatureltd.com\/al\/wp-json\/wp\/v2\/product_brand?post=995"},{"taxonomy":"product_cat","embeddable":true,"href":"https:\/\/www.secretsofnatureltd.com\/al\/wp-json\/wp\/v2\/product_cat?post=995"},{"taxonomy":"product_tag","embeddable":true,"href":"https:\/\/www.secretsofnatureltd.com\/al\/wp-json\/wp\/v2\/product_tag?post=995"}],"curies":[{"name":"wp","href":"https:\/\/api.w.org\/{rel}","templated":true}]}}