{"id":980,"date":"2021-12-08T13:16:09","date_gmt":"2021-12-08T13:16:09","guid":{"rendered":"https:\/\/www.secretsofnatureltd.com\/sq\/?post_type=product&#038;p=980"},"modified":"2025-11-12T05:54:33","modified_gmt":"2025-11-12T05:54:33","slug":"pure-hair-mask","status":"publish","type":"product","link":"https:\/\/www.secretsofnatureltd.com\/al\/product\/pure-hair-mask\/","title":{"rendered":"AYURVEDA- GROWTH HAIR MASK"},"content":{"rendered":"<p data-start=\"278\" data-end=\"675\">E frym\u00ebzuar nga <strong data-start=\"294\" data-end=\"334\">mjek\u00ebsia e lasht\u00eb indiane \u2013 Ayurveda<\/strong>, kjo mask\u00eb flok\u00ebsh artizanale \u00ebsht\u00eb nj\u00eb eliksir natyral i sjelle me dashuri nga <strong data-start=\"416\" data-end=\"438\">farmacistja Eriona<\/strong>, p\u00ebr t\u2019u kujdesur p\u00ebr flok\u00ebt n\u00eb m\u00ebnyr\u00ebn m\u00eb t\u00eb past\u00ebr dhe t\u00eb balancuar q\u00eb natyra ofron.<br data-start=\"525\" data-end=\"528\" \/>E formuluar me <strong data-start=\"543\" data-end=\"572\">23 p\u00ebrb\u00ebr\u00ebs 100% natyral\u00eb<\/strong>, ajo ushqen, forcon dhe rigjeneron flok\u00ebt duke rikthyer shk\u00eblqimin dhe gjall\u00ebrin\u00eb e tyre origjinale.<\/p>\n<p data-start=\"677\" data-end=\"1121\">N\u00eb p\u00ebrb\u00ebrjen e saj gjenden bim\u00eb t\u00eb \u00e7muara Ayurvedike si <strong data-start=\"733\" data-end=\"790\">Ashwagandha, Shatavari, Brahmi, Bhringaraj, Gotu Kola<\/strong> dhe <strong data-start=\"795\" data-end=\"803\">Amla<\/strong>, t\u00eb njohura p\u00ebr aft\u00ebsin\u00eb e tyre p\u00ebr t\u00eb <strong data-start=\"843\" data-end=\"862\">forcuar rr\u00ebnj\u00ebt<\/strong>, <strong data-start=\"864\" data-end=\"891\">nxitur rritjen natyrale<\/strong> dhe <strong data-start=\"896\" data-end=\"925\">balancuar skalpin e kok\u00ebs<\/strong>. K\u00ebto ekstrakte bashkohen me aromat e buta t\u00eb <strong data-start=\"972\" data-end=\"1033\">Tr\u00ebndafilit, Sandalit, Vaniljes, Livandos dhe Portokallit<\/strong>, duke e kthyer \u00e7do aplikim n\u00eb nj\u00eb <strong data-start=\"1068\" data-end=\"1088\">ritual relaksues<\/strong> q\u00eb qet\u00ebson trupin dhe mendjen.<\/p>\n<p data-start=\"1123\" data-end=\"1558\">Formula \u00ebsht\u00eb pasuruar me vajra t\u00eb fuqish\u00ebm si <strong data-start=\"1170\" data-end=\"1297\">Rozmarina, Susami, Kastori, Jojoba, Kungulli, Lajthia, Fara e Zez\u00eb (Nigella Sativa), Katami, Luledielli dhe Bajamja e \u00cbmb\u00ebl<\/strong>, t\u00eb cil\u00ebt jan\u00eb t\u00eb pasur me <strong data-start=\"1325\" data-end=\"1346\">vitaminat E dhe A<\/strong>, <strong data-start=\"1348\" data-end=\"1374\">antioksidant\u00eb natyral\u00eb<\/strong> dhe <strong data-start=\"1379\" data-end=\"1407\">acide yndyrore esenciale<\/strong>. K\u00ebto p\u00ebrb\u00ebr\u00ebs ndihmojn\u00eb n\u00eb <strong data-start=\"1436\" data-end=\"1468\">ndalimin e r\u00ebnies s\u00eb flok\u00ebve<\/strong>, <strong data-start=\"1470\" data-end=\"1502\">p\u00ebrmir\u00ebsimin e elasticitetit<\/strong>, dhe <strong data-start=\"1508\" data-end=\"1555\">rikthimin e but\u00ebsis\u00eb dhe shk\u00eblqimit natyral<\/strong>.<\/p>\n<p data-start=\"1560\" data-end=\"1831\">\u00c7do prodhim i <strong data-start=\"1574\" data-end=\"1605\">Mask\u00ebs Ayurvedike p\u00ebr Flok\u00eb<\/strong> p\u00ebrgatitet me p\u00ebrkushtim dhe kujdes, duke bashkuar <strong data-start=\"1657\" data-end=\"1719\">shkenc\u00ebn moderne me urt\u00ebsin\u00eb e mjek\u00ebsis\u00eb s\u00eb lasht\u00eb indiane<\/strong>.<br data-start=\"1720\" data-end=\"1723\" \/>Nj\u00eb produkt <strong data-start=\"1735\" data-end=\"1829\">100% natyral, i punuar me dor\u00eb, pa parabene, pa shtesa kimike dhe me dashuri ndaj natyr\u00ebs.<\/strong><\/p>\n<p><strong>P\u00ebrdorimi:<\/strong><\/p>\n<ul>\n<li>Aplikojeni tek rr\u00ebnja e flokut.<\/li>\n<li>L\u00ebreni t\u00eb q\u00ebndroj\u00eb 30 minuta deri n\u00eb 2 or\u00eb.<\/li>\n<li>Njomini gishtat me pak uj\u00eb t\u00eb vak\u00ebt dhe masazhoni skalpin p\u00ebr 5 minuta.<\/li>\n<li>Lajini flok\u00ebt si normalisht.<\/li>\n<\/ul>\n<p><strong>Kujdes:\u00a0<\/strong>N\u00ebse jeni alergjik ndaj ndonj\u00ebrit prej p\u00ebrb\u00ebr\u00ebsve t\u00eb produktit ose shfaqni shenja alergjike gjat\u00eb p\u00ebrdorimit NDALONI p\u00ebrdorimin e produktit<strong>!<\/strong><\/p>\n","protected":false},"excerpt":{"rendered":"<p>E frym\u00ebzuar nga mjek\u00ebsia e lasht\u00eb indiane \u2013 Ayurveda, kjo mask\u00eb flok\u00ebsh artizanale \u00ebsht\u00eb nj\u00eb eliksir natyral i sjelle me dashuri nga farmacistja Eriona, p\u00ebr t\u2019u kujdesur p\u00ebr flok\u00ebt n\u00eb m\u00ebnyr\u00ebn m\u00eb t\u00eb past\u00ebr dhe t\u00eb balancuar q\u00eb natyra ofron.E formuluar me 23 p\u00ebrb\u00ebr\u00ebs 100% natyral\u00eb, ajo ushqen, forcon dhe rigjeneron flok\u00ebt duke rikthyer shk\u00eblqimin &hellip;<\/p>\n<p class=\"read-more\"> <a class=\"\" href=\"https:\/\/www.secretsofnatureltd.com\/al\/product\/pure-hair-mask\/\"> <span class=\"screen-reader-text\">AYURVEDA- GROWTH HAIR MASK<\/span> Read More &raquo;<\/a><\/p>\n","protected":false},"featured_media":2863,"comment_status":"open","ping_status":"closed","template":"","meta":{"site-sidebar-layout":"default","site-content-layout":"default","ast-main-header-display":"","ast-hfb-above-header-display":"","ast-hfb-below-header-display":"","ast-hfb-mobile-header-display":"","site-post-title":"","ast-breadcrumbs-content":"","ast-featured-img":"","footer-sml-layout":"","theme-transparent-header-meta":"default","adv-header-id-meta":"","stick-header-meta":"","header-above-stick-meta":"","header-main-stick-meta":"","header-below-stick-meta":""},"product_brand":[],"product_cat":[64,37],"product_tag":[],"class_list":{"0":"post-980","1":"product","2":"type-product","3":"status-publish","4":"has-post-thumbnail","6":"product_cat-bukuria","7":"product_cat-floku","9":"first","10":"instock","11":"shipping-taxable","12":"purchasable","13":"product-type-simple"},"_links":{"self":[{"href":"https:\/\/www.secretsofnatureltd.com\/al\/wp-json\/wp\/v2\/product\/980","targetHints":{"allow":["GET"]}}],"collection":[{"href":"https:\/\/www.secretsofnatureltd.com\/al\/wp-json\/wp\/v2\/product"}],"about":[{"href":"https:\/\/www.secretsofnatureltd.com\/al\/wp-json\/wp\/v2\/types\/product"}],"replies":[{"embeddable":true,"href":"https:\/\/www.secretsofnatureltd.com\/al\/wp-json\/wp\/v2\/comments?post=980"}],"wp:featuredmedia":[{"embeddable":true,"href":"https:\/\/www.secretsofnatureltd.com\/al\/wp-json\/wp\/v2\/media\/2863"}],"wp:attachment":[{"href":"https:\/\/www.secretsofnatureltd.com\/al\/wp-json\/wp\/v2\/media?parent=980"}],"wp:term":[{"taxonomy":"product_brand","embeddable":true,"href":"https:\/\/www.secretsofnatureltd.com\/al\/wp-json\/wp\/v2\/product_brand?post=980"},{"taxonomy":"product_cat","embeddable":true,"href":"https:\/\/www.secretsofnatureltd.com\/al\/wp-json\/wp\/v2\/product_cat?post=980"},{"taxonomy":"product_tag","embeddable":true,"href":"https:\/\/www.secretsofnatureltd.com\/al\/wp-json\/wp\/v2\/product_tag?post=980"}],"curies":[{"name":"wp","href":"https:\/\/api.w.org\/{rel}","templated":true}]}}