{"id":963,"date":"2021-12-04T11:21:49","date_gmt":"2021-12-04T11:21:49","guid":{"rendered":"https:\/\/www.secretsofnatureltd.com\/sq\/?post_type=product&#038;p=963"},"modified":"2025-04-10T10:45:01","modified_gmt":"2025-04-10T10:45:01","slug":"acne-face-tonic","status":"publish","type":"product","link":"https:\/\/www.secretsofnatureltd.com\/al\/product\/acne-face-tonic\/","title":{"rendered":"ACNE FACE TONIC"},"content":{"rendered":"<p><em>Acne Face Tonic <\/em>\u00ebsht\u00eb nj\u00eb produkt artizanal i formuluar nga farmaciste Eriona, p\u00ebrgatitur me p\u00ebrb\u00ebr\u00ebs <strong><em>100% natyral<\/em><\/strong>. I p\u00ebrgatitur me rreth 13 lloje bim\u00ebsh kurative ku nd\u00ebr to p\u00ebrmendim: <em>Vajin Eukaliptus, Vajin Tea Tree, Vajin e Rozmarines<\/em> etj, kjo p\u00ebrb\u00ebrje siguron zvog\u00eblimin e poreve t\u00eb fytyr\u00ebs dhe balancon nivelin e pH n\u00eb l\u00ebkur\u00eb, duke krijuar k\u00ebshtu nj\u00eb\u00a0shtres\u00eb mbrojt\u00ebse. Me an\u00eb t\u00eb fromul\u00ebs s\u00eb tij unike, ky tonik arrin t\u00eb dep\u00ebrtoj\u00eb n\u00eb\u00a0l\u00ebkur\u00eb, duke mund\u00ebsuar k\u00ebshtu pastrimin deri n\u00eb thell\u00ebsi dhe largon \u00e7do grimc\u00eb papast\u00ebrtie. P\u00ebrdorimi i tonikut perpara se t\u00eb vendosni produkte t\u00eb tjera n\u00eb l\u00ebkur\u00eb, siguron q\u00eb k\u00ebto produkte t\u00eb\u00a0p\u00ebrthithen m\u00eb mir\u00eb. Formula e tij \u00ebsht\u00eb shum\u00eb delikate p\u00ebr fytyr\u00ebn tuaj dhe redukton irritimin.<\/p>\n<p><strong>P\u00ebrdorimi:<\/strong><\/p>\n<ul>\n<li>Lajm\u00eb fytyr\u00ebn me uj\u00eb t\u00eb vaket, duke aplikuar lar\u00ebsin (n\u00eb rekomandojm\u00eb lar\u00ebsin <em>Acne Face Cleanser<\/em>).<\/li>\n<li>Thajm\u00eb fytyr\u00ebn dhe n\u00eb nj\u00eb tampon\/pambuk sprucojme tonikun (ne rekomandojm\u00eb <em>Acne Face Tonic<\/em>), dhe m\u00eb pas pastrojm\u00eb fytyren me t\u00eb. Nuk \u00ebsht\u00eb e nevojshme t\u00eb shp\u00eblahet fytyra nese aplikoni <em>Toniku Acne.<\/em><\/li>\n<li>M\u00eb pas vendosim kremin <em>Acne<\/em>, duke e masazhuar leht\u00eb n\u00eb fytytr\u00eb.<\/li>\n<\/ul>\n<p><strong>Kujdes:<\/strong> Formuluar p\u00ebr t\u00eb minimizuar rrezikun e reaksioneve alergjike, por n\u00ebse keni ndonj\u00eb alergji ose tregoni ndonj\u00eb shenj\u00eb alergjie nga p\u00ebrb\u00ebr\u00ebsit e m\u00ebsip\u00ebrm, ju lutemi NDALONI p\u00ebrdorimin e k\u00ebtij produkti<strong>!<\/strong><\/p>\n","protected":false},"excerpt":{"rendered":"<p>Acne Face Tonic \u00ebsht\u00eb nj\u00eb produkt artizanal i formuluar nga farmaciste Eriona, p\u00ebrgatitur me p\u00ebrb\u00ebr\u00ebs 100% natyral. I p\u00ebrgatitur me rreth 13 lloje bim\u00ebsh kurative ku nd\u00ebr to p\u00ebrmendim: Vajin Eukaliptus, Vajin Tea Tree, Vajin e Rozmarines etj, kjo p\u00ebrb\u00ebrje siguron zvog\u00eblimin e poreve t\u00eb fytyr\u00ebs dhe balancon nivelin e pH n\u00eb l\u00ebkur\u00eb, duke krijuar &hellip;<\/p>\n<p class=\"read-more\"> <a class=\"\" href=\"https:\/\/www.secretsofnatureltd.com\/al\/product\/acne-face-tonic\/\"> <span class=\"screen-reader-text\">ACNE FACE TONIC<\/span> Read More &raquo;<\/a><\/p>\n","protected":false},"featured_media":1410,"comment_status":"open","ping_status":"closed","template":"","meta":{"site-sidebar-layout":"default","site-content-layout":"default","ast-main-header-display":"","ast-hfb-above-header-display":"","ast-hfb-below-header-display":"","ast-hfb-mobile-header-display":"","site-post-title":"","ast-breadcrumbs-content":"","ast-featured-img":"","footer-sml-layout":"","theme-transparent-header-meta":"default","adv-header-id-meta":"","stick-header-meta":"","header-above-stick-meta":"","header-main-stick-meta":"","header-below-stick-meta":""},"product_brand":[],"product_cat":[64,36,51],"product_tag":[],"class_list":{"0":"post-963","1":"product","2":"type-product","3":"status-publish","4":"has-post-thumbnail","6":"product_cat-bukuria","7":"product_cat-fytyra","8":"product_cat-tonik","10":"first","11":"instock","12":"shipping-taxable","13":"purchasable","14":"product-type-simple"},"_links":{"self":[{"href":"https:\/\/www.secretsofnatureltd.com\/al\/wp-json\/wp\/v2\/product\/963","targetHints":{"allow":["GET"]}}],"collection":[{"href":"https:\/\/www.secretsofnatureltd.com\/al\/wp-json\/wp\/v2\/product"}],"about":[{"href":"https:\/\/www.secretsofnatureltd.com\/al\/wp-json\/wp\/v2\/types\/product"}],"replies":[{"embeddable":true,"href":"https:\/\/www.secretsofnatureltd.com\/al\/wp-json\/wp\/v2\/comments?post=963"}],"wp:featuredmedia":[{"embeddable":true,"href":"https:\/\/www.secretsofnatureltd.com\/al\/wp-json\/wp\/v2\/media\/1410"}],"wp:attachment":[{"href":"https:\/\/www.secretsofnatureltd.com\/al\/wp-json\/wp\/v2\/media?parent=963"}],"wp:term":[{"taxonomy":"product_brand","embeddable":true,"href":"https:\/\/www.secretsofnatureltd.com\/al\/wp-json\/wp\/v2\/product_brand?post=963"},{"taxonomy":"product_cat","embeddable":true,"href":"https:\/\/www.secretsofnatureltd.com\/al\/wp-json\/wp\/v2\/product_cat?post=963"},{"taxonomy":"product_tag","embeddable":true,"href":"https:\/\/www.secretsofnatureltd.com\/al\/wp-json\/wp\/v2\/product_tag?post=963"}],"curies":[{"name":"wp","href":"https:\/\/api.w.org\/{rel}","templated":true}]}}