{"id":958,"date":"2021-12-04T10:30:27","date_gmt":"2021-12-04T10:30:27","guid":{"rendered":"https:\/\/www.secretsofnatureltd.com\/sq\/?post_type=product&#038;p=958"},"modified":"2026-03-11T10:02:59","modified_gmt":"2026-03-11T10:02:59","slug":"acne-face-cleanser","status":"publish","type":"product","link":"https:\/\/www.secretsofnatureltd.com\/al\/product\/acne-face-cleanser\/","title":{"rendered":"ACNE FACE CLEANSER"},"content":{"rendered":"<p><em>Acne Face Cleanser <\/em>\u00ebsht\u00eb nj\u00eb produkt artizanal i formuluar nga farmaciste Eriona, p\u00ebrgatitur me p\u00ebrb\u00ebr\u00ebs <strong><em>100% natyral<\/em><\/strong>. Me delikates\u00eb largon nga fytyra juaj papast\u00ebrtit\u00eb, produktetet kozmetike dhe yndyr\u00ebn e tep\u00ebrt t\u00eb l\u00ebkur\u00ebs. Pastron dhe dezinfekton, pa veti agresive duke l\u00ebn\u00eb nj\u00eb l\u00ebkur\u00eb t\u00eb l\u00ebmuar dhe gati p\u00ebr rutin\u00ebn n\u00eb vazhdim\u00ebsi t\u00eb p\u00ebrkujdesit t\u00eb l\u00ebkur\u00ebs. P\u00ebrdorimi i tij \u00ebsht\u00eb nj\u00eb domosdoshm\u00ebri para \u00e7do aplikim kremi apo produkti tjet\u00ebr n\u00eb fytyr\u00eb. Perfekt dhe i sigurt p\u00ebr largimin e \u00e7do lloj papast\u00ebrtie ose heqjen e produkteve kozmetike nga fytyra dhe syt\u00eb. P\u00ebrgatit l\u00ebkur\u00ebn p\u00ebr hapat e m\u00ebtejsh\u00ebm t\u00eb largimit t\u00eb akneve dhe e l\u00eb at\u00eb t\u00eb but\u00eb.<\/p>\n<p>&nbsp;<\/p>\n<p><strong>P\u00ebrdorimi:<\/strong><\/p>\n<ul>\n<li>Lajm\u00eb fytyr\u00ebn me uj\u00eb t\u00eb vaket, duke aplikuar lar\u00ebsin (n\u00eb rekomandojm\u00eb lar\u00ebsin <em>Acne Face Cleanser<\/em>).<\/li>\n<li>Thajm\u00eb fytyr\u00ebn dhe n\u00eb nj\u00eb tampon\/pambuk sprucojme tonikun (ne rekomandojm\u00eb <em>Acne Face Tonic<\/em>), dhe m\u00eb pas pastrojm\u00eb fytyren me t\u00eb. Nuk \u00ebsht\u00eb e nevojshme t\u00eb shp\u00eblahet fytyra nese aplikoni <em>Toniku Acne.<\/em><\/li>\n<li>M\u00eb pas vendosim kremin <em>Acne<\/em>, duke e masazhuar leht\u00eb n\u00eb fytytr\u00eb.<\/li>\n<li>P\u00ebrdoreni lar\u00ebsin n\u00eb mengjes dhe mbr\u00ebmje.<\/li>\n<\/ul>\n<p><strong>Kujdes:<\/strong> Formuluar p\u00ebr t\u00eb minimizuar rrezikun e reaksioneve alergjike, por n\u00ebse keni ndonj\u00eb alergji ose tregoni ndonj\u00eb shenj\u00eb alergjie nga p\u00ebrb\u00ebr\u00ebsit e m\u00ebsip\u00ebrm, ju lutemi NDALONI p\u00ebrdorimin e k\u00ebtij produkti<strong>!<\/strong><\/p>\n","protected":false},"excerpt":{"rendered":"<p>Acne Face Cleanser \u00ebsht\u00eb nj\u00eb produkt artizanal i formuluar nga farmaciste Eriona, p\u00ebrgatitur me p\u00ebrb\u00ebr\u00ebs 100% natyral. Me delikates\u00eb largon nga fytyra juaj papast\u00ebrtit\u00eb, produktetet kozmetike dhe yndyr\u00ebn e tep\u00ebrt t\u00eb l\u00ebkur\u00ebs. Pastron dhe dezinfekton, pa veti agresive duke l\u00ebn\u00eb nj\u00eb l\u00ebkur\u00eb t\u00eb l\u00ebmuar dhe gati p\u00ebr rutin\u00ebn n\u00eb vazhdim\u00ebsi t\u00eb p\u00ebrkujdesit t\u00eb l\u00ebkur\u00ebs. P\u00ebrdorimi &hellip;<\/p>\n<p class=\"read-more\"> <a class=\"\" href=\"https:\/\/www.secretsofnatureltd.com\/al\/product\/acne-face-cleanser\/\"> <span class=\"screen-reader-text\">ACNE FACE CLEANSER<\/span> Read More &raquo;<\/a><\/p>\n","protected":false},"featured_media":1409,"comment_status":"open","ping_status":"closed","template":"","meta":{"site-sidebar-layout":"default","site-content-layout":"default","ast-main-header-display":"","ast-hfb-above-header-display":"","ast-hfb-below-header-display":"","ast-hfb-mobile-header-display":"","site-post-title":"","ast-breadcrumbs-content":"","ast-featured-img":"","footer-sml-layout":"","theme-transparent-header-meta":"default","adv-header-id-meta":"","stick-header-meta":"","header-above-stick-meta":"","header-main-stick-meta":"","header-below-stick-meta":""},"product_brand":[],"product_cat":[64,36,52],"product_tag":[],"class_list":{"0":"post-958","1":"product","2":"type-product","3":"status-publish","4":"has-post-thumbnail","6":"product_cat-bukuria","7":"product_cat-fytyra","8":"product_cat-lares","10":"first","11":"instock","12":"shipping-taxable","13":"purchasable","14":"product-type-simple"},"_links":{"self":[{"href":"https:\/\/www.secretsofnatureltd.com\/al\/wp-json\/wp\/v2\/product\/958","targetHints":{"allow":["GET"]}}],"collection":[{"href":"https:\/\/www.secretsofnatureltd.com\/al\/wp-json\/wp\/v2\/product"}],"about":[{"href":"https:\/\/www.secretsofnatureltd.com\/al\/wp-json\/wp\/v2\/types\/product"}],"replies":[{"embeddable":true,"href":"https:\/\/www.secretsofnatureltd.com\/al\/wp-json\/wp\/v2\/comments?post=958"}],"wp:featuredmedia":[{"embeddable":true,"href":"https:\/\/www.secretsofnatureltd.com\/al\/wp-json\/wp\/v2\/media\/1409"}],"wp:attachment":[{"href":"https:\/\/www.secretsofnatureltd.com\/al\/wp-json\/wp\/v2\/media?parent=958"}],"wp:term":[{"taxonomy":"product_brand","embeddable":true,"href":"https:\/\/www.secretsofnatureltd.com\/al\/wp-json\/wp\/v2\/product_brand?post=958"},{"taxonomy":"product_cat","embeddable":true,"href":"https:\/\/www.secretsofnatureltd.com\/al\/wp-json\/wp\/v2\/product_cat?post=958"},{"taxonomy":"product_tag","embeddable":true,"href":"https:\/\/www.secretsofnatureltd.com\/al\/wp-json\/wp\/v2\/product_tag?post=958"}],"curies":[{"name":"wp","href":"https:\/\/api.w.org\/{rel}","templated":true}]}}