{"id":2986,"date":"2026-02-20T07:34:14","date_gmt":"2026-02-20T07:34:14","guid":{"rendered":"https:\/\/www.secretsofnatureltd.com\/al\/?post_type=product&#038;p=2986"},"modified":"2026-03-27T03:50:23","modified_gmt":"2026-03-27T03:50:23","slug":"kiss-kiss","status":"publish","type":"product","link":"https:\/\/www.secretsofnatureltd.com\/al\/product\/kiss-kiss\/","title":{"rendered":"Kiss-Kiss"},"content":{"rendered":"<h2 data-start=\"234\" data-end=\"272\">Body Butter \u2013 Koleksioni i Kujtimeve<\/h2>\n<p data-start=\"274\" data-end=\"345\">Jo thjesht kujdes p\u00ebr l\u00ebkur\u00ebn.<br data-start=\"304\" data-end=\"307\" \/>Nj\u00eb p\u00ebrjetim. Nj\u00eb ndjesi. Nj\u00eb histori.<\/p>\n<p data-start=\"347\" data-end=\"479\">Ky body butter luksoz \u00ebsht\u00eb krijuar p\u00ebr grat\u00eb q\u00eb nuk k\u00ebrkojn\u00eb vet\u00ebm hidratim \u2014 por k\u00ebrkojn\u00eb emocione, kujtime dhe momente p\u00ebr veten.<\/p>\n<p data-start=\"481\" data-end=\"582\">\u00c7do arom\u00eb \u00ebsht\u00eb nj\u00eb kapitull.<br data-start=\"510\" data-end=\"513\" \/>\u00c7do prekje n\u00eb l\u00ebkur\u00eb \u00ebsht\u00eb nj\u00eb rikthim n\u00eb nj\u00eb ndjesi q\u00eb nuk harrohet.<\/p>\n<p data-start=\"584\" data-end=\"768\">E formuluar me p\u00ebrkushtim nga Farmaciste Eriona, kjo formul\u00eb bashkon shkenc\u00ebn, natyr\u00ebn dhe ndjeshm\u00ebrin\u00eb fem\u00ebrore n\u00eb nj\u00eb tekstur\u00eb t\u00eb pasur q\u00eb p\u00ebrqafon l\u00ebkur\u00ebn dhe shpirtin nj\u00ebkoh\u00ebsisht.<\/p>\n<h3 data-start=\"1562\" data-end=\"1580\">\ud83c\udf53 Kiss-Kiss<\/h3>\n<p data-start=\"1581\" data-end=\"1656\">Nj\u00eb puthje freskie.<br data-start=\"1600\" data-end=\"1603\" \/>Nj\u00eb buz\u00ebqeshje n\u00eb form\u00eb arome.<br data-start=\"1633\" data-end=\"1636\" \/>Nj\u00eb shp\u00ebrthim rinor.<\/p>\n<p data-start=\"1658\" data-end=\"1803\">Luleshtrydhja e \u00ebmb\u00ebl sjell energji, gjall\u00ebri dhe nj\u00eb ndjesi lozonjare q\u00eb ndri\u00e7on l\u00ebkur\u00ebn dhe humorin.<br data-start=\"1760\" data-end=\"1763\" \/>P\u00ebr shpirtin q\u00eb nuk resht s\u00eb \u00ebnd\u00ebrruari.<\/p>\n","protected":false},"excerpt":{"rendered":"<p>Body Butter \u2013 Koleksioni i Kujtimeve Jo thjesht kujdes p\u00ebr l\u00ebkur\u00ebn.Nj\u00eb p\u00ebrjetim. Nj\u00eb ndjesi. Nj\u00eb histori. Ky body butter luksoz \u00ebsht\u00eb krijuar p\u00ebr grat\u00eb q\u00eb nuk k\u00ebrkojn\u00eb vet\u00ebm hidratim \u2014 por k\u00ebrkojn\u00eb emocione, kujtime dhe momente p\u00ebr veten. \u00c7do arom\u00eb \u00ebsht\u00eb nj\u00eb kapitull.\u00c7do prekje n\u00eb l\u00ebkur\u00eb \u00ebsht\u00eb nj\u00eb rikthim n\u00eb nj\u00eb ndjesi q\u00eb nuk harrohet. &hellip;<\/p>\n<p class=\"read-more\"> <a class=\"\" href=\"https:\/\/www.secretsofnatureltd.com\/al\/product\/kiss-kiss\/\"> <span class=\"screen-reader-text\">Kiss-Kiss<\/span> Read More &raquo;<\/a><\/p>\n","protected":false},"featured_media":2978,"comment_status":"open","ping_status":"closed","template":"","meta":{"site-sidebar-layout":"default","site-content-layout":"default","ast-main-header-display":"","ast-hfb-above-header-display":"","ast-hfb-below-header-display":"","ast-hfb-mobile-header-display":"","site-post-title":"","ast-breadcrumbs-content":"","ast-featured-img":"","footer-sml-layout":"","theme-transparent-header-meta":"default","adv-header-id-meta":"","stick-header-meta":"","header-above-stick-meta":"","header-main-stick-meta":"","header-below-stick-meta":""},"product_brand":[],"product_cat":[80,38],"product_tag":[],"class_list":{"0":"post-2986","1":"product","2":"type-product","3":"status-publish","4":"has-post-thumbnail","6":"product_cat-body","7":"product_cat-trupi","9":"first","10":"instock","11":"shipping-taxable","12":"purchasable","13":"product-type-simple"},"_links":{"self":[{"href":"https:\/\/www.secretsofnatureltd.com\/al\/wp-json\/wp\/v2\/product\/2986","targetHints":{"allow":["GET"]}}],"collection":[{"href":"https:\/\/www.secretsofnatureltd.com\/al\/wp-json\/wp\/v2\/product"}],"about":[{"href":"https:\/\/www.secretsofnatureltd.com\/al\/wp-json\/wp\/v2\/types\/product"}],"replies":[{"embeddable":true,"href":"https:\/\/www.secretsofnatureltd.com\/al\/wp-json\/wp\/v2\/comments?post=2986"}],"wp:featuredmedia":[{"embeddable":true,"href":"https:\/\/www.secretsofnatureltd.com\/al\/wp-json\/wp\/v2\/media\/2978"}],"wp:attachment":[{"href":"https:\/\/www.secretsofnatureltd.com\/al\/wp-json\/wp\/v2\/media?parent=2986"}],"wp:term":[{"taxonomy":"product_brand","embeddable":true,"href":"https:\/\/www.secretsofnatureltd.com\/al\/wp-json\/wp\/v2\/product_brand?post=2986"},{"taxonomy":"product_cat","embeddable":true,"href":"https:\/\/www.secretsofnatureltd.com\/al\/wp-json\/wp\/v2\/product_cat?post=2986"},{"taxonomy":"product_tag","embeddable":true,"href":"https:\/\/www.secretsofnatureltd.com\/al\/wp-json\/wp\/v2\/product_tag?post=2986"}],"curies":[{"name":"wp","href":"https:\/\/api.w.org\/{rel}","templated":true}]}}