{"id":2984,"date":"2026-02-20T07:28:21","date_gmt":"2026-02-20T07:28:21","guid":{"rendered":"https:\/\/www.secretsofnatureltd.com\/al\/?post_type=product&#038;p=2984"},"modified":"2026-03-27T03:52:36","modified_gmt":"2026-03-27T03:52:36","slug":"rafaelo","status":"publish","type":"product","link":"https:\/\/www.secretsofnatureltd.com\/al\/product\/rafaelo\/","title":{"rendered":"Raffaello"},"content":{"rendered":"<h2 data-start=\"234\" data-end=\"272\">Body Butter \u2013 Koleksioni i Kujtimeve<\/h2>\n<p data-start=\"274\" data-end=\"345\">Jo thjesht kujdes p\u00ebr l\u00ebkur\u00ebn.<br data-start=\"304\" data-end=\"307\" \/>Nj\u00eb p\u00ebrjetim. Nj\u00eb ndjesi. Nj\u00eb histori.<\/p>\n<p data-start=\"347\" data-end=\"479\">Ky body butter luksoz \u00ebsht\u00eb krijuar p\u00ebr grat\u00eb q\u00eb nuk k\u00ebrkojn\u00eb vet\u00ebm hidratim \u2014 por k\u00ebrkojn\u00eb emocione, kujtime dhe momente p\u00ebr veten.<\/p>\n<p data-start=\"481\" data-end=\"582\">\u00c7do arom\u00eb \u00ebsht\u00eb nj\u00eb kapitull.<br data-start=\"510\" data-end=\"513\" \/>\u00c7do prekje n\u00eb l\u00ebkur\u00eb \u00ebsht\u00eb nj\u00eb rikthim n\u00eb nj\u00eb ndjesi q\u00eb nuk harrohet.<\/p>\n<p data-start=\"584\" data-end=\"768\">E formuluar me p\u00ebrkushtim nga Farmaciste Eriona, kjo formul\u00eb bashkon shkenc\u00ebn, natyr\u00ebn dhe ndjeshm\u00ebrin\u00eb fem\u00ebrore n\u00eb nj\u00eb tekstur\u00eb t\u00eb pasur q\u00eb p\u00ebrqafon l\u00ebkur\u00ebn dhe shpirtin nj\u00ebkoh\u00ebsisht.<\/p>\n<h3 data-start=\"1087\" data-end=\"1103\">\ud83e\udd65 Raffaello<\/h3>\n<p data-start=\"1104\" data-end=\"1184\">Eleganc\u00eb n\u00eb form\u00eb arome.<br data-start=\"1128\" data-end=\"1131\" \/>Nj\u00eb luks i heshtur.<br data-start=\"1150\" data-end=\"1153\" \/>Nj\u00eb \u00ebmb\u00eblsi q\u00eb nuk k\u00ebrkon leje.<\/p>\n<p data-start=\"1186\" data-end=\"1320\">Kokosi kremoze dhe nota delikate \u00e7okollate krijojn\u00eb nj\u00eb arom\u00eb sensuale dhe t\u00eb rafinuar.<br data-start=\"1273\" data-end=\"1276\" \/>P\u00ebr gruan q\u00eb di t\u00eb shk\u00eblqej\u00eb pa b\u00ebr\u00eb zhurm\u00eb.<\/p>\n","protected":false},"excerpt":{"rendered":"<p>Body Butter \u2013 Koleksioni i Kujtimeve Jo thjesht kujdes p\u00ebr l\u00ebkur\u00ebn.Nj\u00eb p\u00ebrjetim. Nj\u00eb ndjesi. Nj\u00eb histori. Ky body butter luksoz \u00ebsht\u00eb krijuar p\u00ebr grat\u00eb q\u00eb nuk k\u00ebrkojn\u00eb vet\u00ebm hidratim \u2014 por k\u00ebrkojn\u00eb emocione, kujtime dhe momente p\u00ebr veten. \u00c7do arom\u00eb \u00ebsht\u00eb nj\u00eb kapitull.\u00c7do prekje n\u00eb l\u00ebkur\u00eb \u00ebsht\u00eb nj\u00eb rikthim n\u00eb nj\u00eb ndjesi q\u00eb nuk harrohet. &hellip;<\/p>\n<p class=\"read-more\"> <a class=\"\" href=\"https:\/\/www.secretsofnatureltd.com\/al\/product\/rafaelo\/\"> <span class=\"screen-reader-text\">Raffaello<\/span> Read More &raquo;<\/a><\/p>\n","protected":false},"featured_media":2988,"comment_status":"open","ping_status":"closed","template":"","meta":{"site-sidebar-layout":"default","site-content-layout":"default","ast-main-header-display":"","ast-hfb-above-header-display":"","ast-hfb-below-header-display":"","ast-hfb-mobile-header-display":"","site-post-title":"","ast-breadcrumbs-content":"","ast-featured-img":"","footer-sml-layout":"","theme-transparent-header-meta":"default","adv-header-id-meta":"","stick-header-meta":"","header-above-stick-meta":"","header-main-stick-meta":"","header-below-stick-meta":""},"product_brand":[],"product_cat":[80,38],"product_tag":[],"class_list":{"0":"post-2984","1":"product","2":"type-product","3":"status-publish","4":"has-post-thumbnail","6":"product_cat-body","7":"product_cat-trupi","9":"first","10":"instock","11":"shipping-taxable","12":"purchasable","13":"product-type-simple"},"_links":{"self":[{"href":"https:\/\/www.secretsofnatureltd.com\/al\/wp-json\/wp\/v2\/product\/2984","targetHints":{"allow":["GET"]}}],"collection":[{"href":"https:\/\/www.secretsofnatureltd.com\/al\/wp-json\/wp\/v2\/product"}],"about":[{"href":"https:\/\/www.secretsofnatureltd.com\/al\/wp-json\/wp\/v2\/types\/product"}],"replies":[{"embeddable":true,"href":"https:\/\/www.secretsofnatureltd.com\/al\/wp-json\/wp\/v2\/comments?post=2984"}],"wp:featuredmedia":[{"embeddable":true,"href":"https:\/\/www.secretsofnatureltd.com\/al\/wp-json\/wp\/v2\/media\/2988"}],"wp:attachment":[{"href":"https:\/\/www.secretsofnatureltd.com\/al\/wp-json\/wp\/v2\/media?parent=2984"}],"wp:term":[{"taxonomy":"product_brand","embeddable":true,"href":"https:\/\/www.secretsofnatureltd.com\/al\/wp-json\/wp\/v2\/product_brand?post=2984"},{"taxonomy":"product_cat","embeddable":true,"href":"https:\/\/www.secretsofnatureltd.com\/al\/wp-json\/wp\/v2\/product_cat?post=2984"},{"taxonomy":"product_tag","embeddable":true,"href":"https:\/\/www.secretsofnatureltd.com\/al\/wp-json\/wp\/v2\/product_tag?post=2984"}],"curies":[{"name":"wp","href":"https:\/\/api.w.org\/{rel}","templated":true}]}}