{"id":2539,"date":"2025-02-04T19:15:34","date_gmt":"2025-02-04T19:15:34","guid":{"rendered":"https:\/\/www.secretsofnatureltd.com\/al\/?post_type=product&#038;p=2539"},"modified":"2026-04-23T17:12:10","modified_gmt":"2026-04-23T17:12:10","slug":"blue-shine-2","status":"publish","type":"product","link":"https:\/\/www.secretsofnatureltd.com\/al\/product\/blue-shine-2\/","title":{"rendered":"Blue Shine"},"content":{"rendered":"<p style=\"text-align: center;\"><strong>BLUE SHINE<\/strong><br \/>\n<strong>NJ\u00cb FORMUL\u00cb LUKSOZE, 100% NATYRALE DHE SHKENC\u00cbRISHT E AVANCUAR!<\/strong><\/p>\n<h5><a href=\"https:\/\/blueshine.my.canva.site\/\">Hap Katalogun e BlueShine-Kliko Ketu<\/a><\/h5>\n<p>Blue Shine \u00ebsht\u00eb nj\u00eb formul\u00eb luksoze, krejt\u00ebsisht natyrale dhe organike, e krijuar p\u00ebr t\u00eb rigjeneruar, hidratuar dhe mbrojtur l\u00ebkur\u00ebn, duke i dh\u00ebn\u00eb asaj nj\u00eb shk\u00eblqim t\u00eb sh\u00ebndetsh\u00ebm dhe rrezatues. I zhvilluar me p\u00ebrb\u00ebr\u00ebs t\u00eb p\u00ebrzgjedhur me kujdes nga natyra, ky produkt unifikon fuqin\u00eb e shkenc\u00ebs dhe mrekullit\u00eb natyrore p\u00ebr t\u00eb ofruar rezultate t\u00eb jasht\u00ebzakonshme.<\/p>\n<p><strong>I PASUR ME 20 PERBERES <span class=\"OYPEnA font-feature-liga-off font-feature-clig-off font-feature-calt-off text-decoration-none text-strikethrough-none\">POTENCIAL 100% natyral\u00eb<\/span>\u00a0<\/strong><\/p>\n<ul>\n<li>8 p\u00ebrb\u00ebr\u00ebs me efekt anti-plakje dhe rigjenerues<\/li>\n<li>7 vajra natyral\u00eb p\u00ebr hidratim t\u00eb thell\u00eb<\/li>\n<li>3 vajra esencial\u00eb p\u00ebr relaksim dhe balancim<\/li>\n<li>2 p\u00ebrb\u00ebr\u00ebs p\u00ebr p\u00ebrthithje dhe stabilitet<\/li>\n<\/ul>\n<div>\n<p><strong>VE\u00c7ANTIA E FORMUL\u00cbS<\/strong><\/p>\n<div>\n<ul>\n<li>Kombinimi i shkenc\u00ebs dhe natyr\u00ebs n\u00ebp\u00ebrmjet teknologjis\u00eb m\u00eb t\u00eb avancuar<\/li>\n<li>P\u00ebrqindje e lart\u00eb e p\u00ebrb\u00ebr\u00ebsve aktiv\u00eb 100% natyral<\/li>\n<li>Formul\u00eb universale p\u00ebr t\u00eb gjitha moshat dhe llojet e l\u00ebkur\u00ebs.<\/li>\n<li>Pa parabene, sulfate, silikone, alkool sintetik ose p\u00ebrb\u00ebr\u00ebs jo natyral\u00eb.<\/li>\n<li>Pa testime n\u00eb kafsh\u00eb dhe 100% miq\u00ebsore me mjedisin.<\/li>\n<li>Paketim i ricikluesh\u00ebm dhe ekologjik.<\/li>\n<li>Prodhuar me standarte<\/li>\n<li>Kanadeze Aprovuar p\u00ebr Patent\u00eb<\/li>\n<\/ul>\n<\/div>\n<\/div>\n<p style=\"text-align: left;\"><b>HISTORIA JONE<\/b><\/p>\n<p><strong><span class=\"OYPEnA font-feature-liga-off font-feature-clig-off font-feature-calt-off text-decoration-none text-strikethrough-none\">Gjith\u00e7ka nisi nga nj\u00eb pasion p\u00ebr bukurin\u00eb autentike&#8230;<\/span><\/strong><\/p>\n<p class=\"cvGsUA direction-ltr align-justify para-style-body\"><span class=\"OYPEnA font-feature-liga-off font-feature-clig-off font-feature-calt-off text-decoration-none text-strikethrough-none\">Si farmaciste dhe formuluese natyrale, Eriona e kuptoi se kujdesi ndaj l\u00ebkur\u00ebs duhet t\u00eb jet\u00eb m\u00eb shum\u00eb se sip\u00ebrfaq\u00ebsor. Studimet e saj n\u00eb nutricioniz\u00ebm holistik e thelluan k\u00ebt\u00eb vizion, nga ku ajo kaloi m\u00eb shum\u00eb se nj\u00eb vit duke zhvilluar nj\u00eb formul\u00eb unike q\u00eb do t\u00eb sillte nj\u00eb risi n\u00eb bot\u00ebn e kozmetik\u00ebs.<\/span><\/p>\n<p class=\"cvGsUA direction-ltr align-justify para-style-body\"><span class=\"OYPEnA font-feature-liga-off font-feature-clig-off font-feature-calt-off text-decoration-none text-strikethrough-none\">K\u00ebshtu, n\u00eb vitin 2020, lindi Serumi BlueShine \u2013 nj\u00eb produkt revolucionar q\u00eb u b\u00eb menj\u00ebher\u00eb bestseller.<\/span><\/p>\n<p class=\"cvGsUA direction-ltr align-justify para-style-body\"><span class=\"OYPEnA font-feature-liga-off font-feature-clig-off font-feature-calt-off text-decoration-none text-strikethrough-none\">Por, inovacioni nuk ndalet. Me d\u00ebshir\u00ebn p\u00ebr ta \u00e7uar formul\u00ebn n\u00eb nj\u00eb nivel m\u00eb t\u00eb lart\u00eb, Eriona bashk\u00ebpunoi me nj\u00eb ekspert formulues n\u00eb SHBA dhe nj\u00eb laborator prestigjioz n\u00eb Kanada p\u00ebr ta prodhuar. N\u00eb vitin 2024, ky produkt u pranua p\u00ebr regjistrim dhe patentim.<\/span><\/p>\n<p class=\"cvGsUA direction-ltr align-justify para-style-body\"><span class=\"OYPEnA font-feature-liga-off font-feature-clig-off font-feature-calt-off text-decoration-none text-strikethrough-none\">Ajo q\u00eb mbani n\u00eb duar \u00ebsht\u00eb nj\u00eb serum i avancuar, i formuluar p\u00ebr t\u00eb ushqyer n\u00eb thell\u00ebsi, mbrojtur dhe transformuar l\u00ebkur\u00ebn, duke kombinuar fuqin\u00eb e shkenc\u00ebs me pasurin\u00eb e natyr\u00ebs.<\/span><\/p>\n<p style=\"text-align: left;\"><strong><span class=\"OYPEnA font-feature-liga-off font-feature-clig-off font-feature-calt-off text-decoration-none text-strikethrough-none\">BLUESHINE &#8211; PRANUAR PER PATENTIM<\/span><\/strong><\/p>\n<p class=\"cvGsUA direction-ltr align-justify para-style-body\"><span class=\"OYPEnA font-feature-liga-off font-feature-clig-off font-feature-calt-off text-decoration-none text-strikethrough-none\">BlueShine \u00ebsht\u00eb pranuar p\u00ebr patentim, duke vulosur zyrtarisht origjinalitetin e tij si nj\u00eb formul\u00eb unike dhe t\u00eb mbrojtur ligj\u00ebrisht nga kopjimi.<\/span><\/p>\n<p class=\"cvGsUA direction-ltr align-justify para-style-body\"><span class=\"OYPEnA font-feature-liga-off font-feature-clig-off font-feature-calt-off text-decoration-none text-strikethrough-none\">Ky serum sjell nj\u00eb inovacion t\u00eb ve\u00e7ant\u00eb n\u00eb kujdesin e l\u00ebkur\u00ebs \u2013 p\u00ebrdorimin e dy serumeve q\u00eb, kur bashkohen, krijojn\u00eb nj\u00eb mas\u00eb qum\u00ebshtore me p\u00ebrthithje maksimale. Kjo risi jo vet\u00ebm q\u00eb eliminon nevoj\u00ebn p\u00ebr emulgator\u00eb, por edhe lejon p\u00ebrshtatjen dhe kombinimin e serumeve sipas nevojave dhe llojit t\u00eb l\u00ebkur\u00ebs, duke ofruar nj\u00eb p\u00ebrvoj\u00eb t\u00eb personalizuar dhe rezultate optimale.<\/span><\/p>\n<p class=\"cvGsUA direction-ltr align-justify para-style-body\"><strong><span class=\"OYPEnA font-feature-liga-off font-feature-clig-off font-feature-calt-off text-decoration-none text-strikethrough-none\">FYTYRA JUAJ E DASHURON KETE PRODUKT SEPSE:<\/span><\/strong><\/p>\n<ul>\n<li>Hidraton thell\u00ebsisht dhe n\u00eb koh\u00eb afatgjate<\/li>\n<li>Rigjeneron n\u00eb nivel qelizor &amp; kund\u00ebr plakjes<\/li>\n<li>Ndri\u00e7on &amp; zbeh njollat<\/li>\n<li>Mbron kund\u00ebr faktor\u00ebve t\u00eb jasht\u00ebm<\/li>\n<li>Qet\u00ebson &amp; balancon l\u00ebkur\u00ebn e ndjeshme<\/li>\n<li>P\u00ebrmir\u00ebson barrier\u00ebn natyrale t\u00eb l\u00ebkur\u00ebs<\/li>\n<li>Ushqen mikrobiom\u00ebn e l\u00ebkur\u00ebs &amp; ul sensitivitetin e l\u00ebkur\u00ebs<\/li>\n<li>Qet\u00ebson &amp; relakson p\u00ebrmes aromaterapis\u00eb<\/li>\n<\/ul>\n<p style=\"text-align: left;\"><strong><span class=\"OYPEnA font-feature-liga-off font-feature-clig-off font-feature-calt-off text-decoration-none text-strikethrough-none\">DEDIKUAR PER:<\/span><\/strong><\/p>\n<ul>\n<li class=\"cvGsUA direction-ltr align-center para-style-body\"><span class=\"OYPEnA font-feature-liga-off font-feature-clig-off font-feature-calt-off text-decoration-none text-strikethrough-none\">L\u00ebkur\u00ebn e that\u00eb <\/span><span class=\"OYPEnA font-feature-liga-off font-feature-clig-off font-feature-calt-off text-decoration-none text-strikethrough-none\">dhe t\u00eb dehidratuar. <\/span><span class=\"OYPEnA font-feature-liga-off font-feature-clig-off font-feature-calt-off text-decoration-none text-strikethrough-none\">Hidraton thell\u00eb dhe <\/span><span class=\"OYPEnA font-feature-liga-off font-feature-clig-off font-feature-calt-off text-decoration-none text-strikethrough-none\">ruan lag\u00ebshtin\u00eb.<\/span><\/li>\n<li class=\"cvGsUA direction-ltr align-center para-style-body\"><span class=\"OYPEnA font-feature-liga-off font-feature-clig-off font-feature-calt-off text-decoration-none text-strikethrough-none\">L\u00ebkur\u00ebn e ndjeshme <\/span><span class=\"OYPEnA font-feature-liga-off font-feature-clig-off font-feature-calt-off text-decoration-none text-strikethrough-none\">dhe t\u00eb irrituar. <\/span><span class=\"OYPEnA font-feature-liga-off font-feature-clig-off font-feature-calt-off text-decoration-none text-strikethrough-none\">Qet\u00ebson dhe forcon <\/span><span class=\"OYPEnA font-feature-liga-off font-feature-clig-off font-feature-calt-off text-decoration-none text-strikethrough-none\">barrier\u00ebn e l\u00ebkur\u00ebs.<\/span><\/li>\n<li class=\"cvGsUA direction-ltr align-center para-style-body\"><span class=\"OYPEnA font-feature-liga-off font-feature-clig-off font-feature-calt-off text-decoration-none text-strikethrough-none\">L\u00ebkur\u00ebn e yndyrshme <\/span><span class=\"OYPEnA font-feature-liga-off font-feature-clig-off font-feature-calt-off text-decoration-none text-strikethrough-none\">dhe t\u00eb kombinuar. <\/span><span class=\"OYPEnA font-feature-liga-off font-feature-clig-off font-feature-calt-off text-decoration-none text-strikethrough-none\">Balancon yndyr\u00ebn dhe <\/span><span class=\"OYPEnA font-feature-liga-off font-feature-clig-off font-feature-calt-off text-decoration-none text-strikethrough-none\">minimizon poret.<\/span><\/li>\n<li class=\"cvGsUA direction-ltr align-center para-style-body\"><span class=\"OYPEnA font-feature-liga-off font-feature-clig-off font-feature-calt-off text-decoration-none text-strikethrough-none\">L\u00ebkur\u00ebn me <\/span><span class=\"OYPEnA font-feature-liga-off font-feature-clig-off font-feature-calt-off text-decoration-none text-strikethrough-none\">hiperpigmentim. <\/span><span class=\"OYPEnA font-feature-liga-off font-feature-clig-off font-feature-calt-off text-decoration-none text-strikethrough-none\">Ndri\u00e7on dhe nj\u00ebtrajt\u00ebson <\/span><span class=\"OYPEnA font-feature-liga-off font-feature-clig-off font-feature-calt-off text-decoration-none text-strikethrough-none\">tonin e l\u00ebkur\u00ebs.<\/span><\/li>\n<li class=\"cvGsUA direction-ltr align-center para-style-body\"><span class=\"OYPEnA font-feature-liga-off font-feature-clig-off font-feature-calt-off text-decoration-none text-strikethrough-none\">L\u00ebkur\u00ebn me shenja <\/span><span class=\"OYPEnA font-feature-liga-off font-feature-clig-off font-feature-calt-off text-decoration-none text-strikethrough-none\">plakjeje. <\/span><span class=\"OYPEnA font-feature-liga-off font-feature-clig-off font-feature-calt-off text-decoration-none text-strikethrough-none\">Stimulon kolagjenin dhe <\/span><span class=\"OYPEnA font-feature-liga-off font-feature-clig-off font-feature-calt-off text-decoration-none text-strikethrough-none\">rigjeneron l\u00ebkur\u00ebn.<\/span><\/li>\n<\/ul>\n<p style=\"text-align: left;\"><strong>RUTINA E BLUE SHINE<\/strong><\/p>\n<ol>\n<li><span class=\"OYPEnA font-feature-liga-off font-feature-clig-off font-feature-calt-off text-decoration-none text-strikethrough-none\"><span class=\"OYPEnA font-feature-liga-off font-feature-clig-off font-feature-calt-off text-decoration-none text-strikethrough-none\">Fillimisht lani duart. M\u00eb pas f\u00ebrkoni dhe pastroni but\u00ebsisht fytyr\u00ebn me lar\u00ebsin p\u00ebrkates dhe uj\u00eb t\u00eb ngroht\u00eb.<\/span><\/span><\/li>\n<li><span class=\"OYPEnA font-feature-liga-off font-feature-clig-off font-feature-calt-off text-decoration-none text-strikethrough-none\">Vendosni 2-3 pika t\u00eb <\/span><span class=\"OYPEnA font-feature-liga-off font-feature-clig-off font-feature-calt-off text-decoration-none text-strikethrough-none\">Serumit Shine<\/span><span class=\"OYPEnA font-feature-liga-off font-feature-clig-off font-feature-calt-off text-decoration-none text-strikethrough-none\"> (p\u00ebrmbajtje ujore) dhe 1-2 pika t\u00eb S<\/span><span class=\"OYPEnA font-feature-liga-off font-feature-clig-off font-feature-calt-off text-decoration-none text-strikethrough-none\">erumit Blue <\/span><span class=\"OYPEnA font-feature-liga-off font-feature-clig-off font-feature-calt-off text-decoration-none text-strikethrough-none\"><span class=\"OYPEnA font-feature-liga-off font-feature-clig-off font-feature-calt-off text-decoration-none text-strikethrough-none\">(p\u00ebrmbajtje vajore) n\u00eb nj\u00eb p\u00ebll\u00ebmb\u00eb t\u00eb past\u00ebr. P\u00ebrshtateni sasin\u00eb sipas nevojave t\u00eb l\u00ebkur\u00ebs tuaj, duke u siguruar q\u00eb p\u00ebrzierja t\u00eb mos b\u00ebhet shum\u00eb e yndyrshme.<\/span><\/span><\/li>\n<li><span class=\"OYPEnA font-feature-liga-off font-feature-clig-off font-feature-calt-off text-decoration-none text-strikethrough-none\">P\u00ebrdorni majat e gishtave p\u00ebr t\u00eb p\u00ebrzier serumet <\/span><span class=\"OYPEnA font-feature-liga-off font-feature-clig-off font-feature-calt-off text-decoration-none text-strikethrough-none\"><span class=\"OYPEnA font-feature-liga-off font-feature-clig-off font-feature-calt-off text-decoration-none text-strikethrough-none\">derisa t\u00eb arrini nj\u00eb konsistenc\u00eb qum\u00ebshtore.<\/span><\/span><\/li>\n<li><span class=\"OYPEnA font-feature-liga-off font-feature-clig-off font-feature-calt-off text-decoration-none text-strikethrough-none\"><span class=\"OYPEnA font-feature-liga-off font-feature-clig-off font-feature-calt-off text-decoration-none text-strikethrough-none\">Masazhojeni but\u00ebsisht p\u00ebrzierjen n\u00eb fytyr\u00eb dhe qaf\u00eb, duke filluar nga brenda dhe duke l\u00ebvizur drejt jasht\u00eb. P\u00ebrdoreni n\u00eb m\u00ebngjes dhe n\u00eb mbr\u00ebmje.<\/span><\/span><\/li>\n<li>\n<p class=\"cvGsUA direction-ltr align-start para-style-body\"><span class=\"OYPEnA font-feature-liga-off font-feature-clig-off font-feature-calt-off text-decoration-none text-strikethrough-none\">N\u00ebse keni l\u00ebkur\u00eb t\u00eb yndyrshme, p\u00ebrdorni m\u00eb pak pika t\u00eb Serumit Blue dhe m\u00eb shum\u00eb pika t\u00eb Serumit Shine.<\/span><span class=\"OYPEnA font-feature-liga-off font-feature-clig-off font-feature-calt-off text-decoration-none text-strikethrough-none\"><br \/>\n<\/span><\/p>\n<\/li>\n<\/ol>\n<p><strong style=\"font-size: 16px;\">R&amp;D &#8211; INOVACIONI I BLUESHINE<\/strong><\/p>\n<div>\n<ul>\n<li><strong>Vitamina C (Sodium Ascorbyl Phosphate)\u00a0<\/strong><br \/>\nKy \u00ebsht\u00eb nj\u00eb derivat i vitamin\u00ebs C. Nuk oksidohet shpejt dhe nuk irriton lekuren si Acidi Askorbik i zakonsh\u00ebm. Ndricon lekuren, redukton njollat dhe stimulon kolagjenin<\/li>\n<\/ul>\n<div>\n<ul>\n<li><strong>Bakuchiol<\/strong><br \/>\nAlternativ\u00eb natyrale e retinolit, por pa efektet an\u00ebsore si irritimi apo ndjeshm\u00ebria ndaj diellit sikurse Retinoli. Redukton rrudhat, rrit elasticitetin e l\u00ebkur\u00ebs duke nxitur rigjenerimin qelizor dhe prodhimin e kolagjenit. Esht\u00eb i sigurt p\u00ebr l\u00ebkurat e ndjeshme.<\/li>\n<\/ul>\n<div>\n<ul>\n<li><strong>CoQ10 (Ubiquinone, Tocopheryl Acetate, Squalane)<\/strong><br \/>\nNj\u00eb antioksidant i fuqish\u00ebm q\u00eb mbron l\u00ebkur\u00ebn nga d\u00ebmtimi i radikaleve t\u00eb lira. P\u00ebrmir\u00ebson elasticitetin e l\u00ebkur\u00ebs, duke dh\u00ebn\u00eb nj\u00eb pamje m\u00eb t\u00eb fresk\u00ebt dhe rinore.<\/li>\n<\/ul>\n<div>\n<ul>\n<li><strong>Acidi Hialuronik (Sodium Hyaluronate)\u00a0<\/strong><br \/>\nKy \u00ebsht\u00eb nj\u00eb form\u00eb e p\u00ebrparuar e acidit hialuronik q\u00eb dep\u00ebrton m\u00eb thell\u00eb n\u00eb l\u00ebkur\u00eb p\u00ebr nj\u00eb hidratim intensiv. Mban deri n\u00eb 1000 her\u00eb pesh\u00ebn e tij n\u00eb uj\u00eb, duke siguruar nj\u00eb efekt lifting dhe zbut\u00ebs.<\/li>\n<li><strong>Prebiotik\u00ebt (Lactobacillus Ferment Lysate)<\/strong><br \/>\nForcojn\u00eb barrier\u00ebn e l\u00ebkur\u00ebs duke balancuar mikrobiom\u00ebn, p\u00ebr nj\u00eb l\u00ebkur\u00eb m\u00eb t\u00eb mbrojtur dhe m\u00eb pak t\u00eb ndjeshme ndaj agresor\u00ebve t\u00eb jasht\u00ebm.<\/li>\n<\/ul>\n<div>\n<div>\n<ul>\n<li><strong>Squalane (nga burime bimore)<\/strong><br \/>\nLipid q\u00eb imiton sebumin (vajin natyral) t\u00eb l\u00ebkur\u00ebs, hidraton thell\u00ebsisht dhe ruan lag\u00ebshtin\u00eb pa l\u00ebn\u00eb ndjesi yndyre.<\/li>\n<\/ul>\n<div>\n<ul>\n<li><strong>Vaji i Jojob\u00ebs (Simmondsia Chinensis Seed Oil)<\/strong><br \/>\nVaji m\u00eb i ngjash\u00ebm me sebumin natyral t\u00eb l\u00ebkur\u00ebs. Ndihmon n\u00eb balancimin yndyr\u00ebs pa bllokuar poret.<\/li>\n<li><strong>Vaji i Arganit &amp; Makadamias<\/strong><br \/>\nUshqejn\u00eb dhe rigjenerojn\u00eb l\u00ebkur\u00ebn fal\u00eb p\u00ebrmbajtjes s\u00eb tyre t\u00eb lart\u00eb t\u00eb acideve yndyrore esenciale dhe antioksidant\u00ebve, duke rritur elasticitetin.<\/li>\n<\/ul>\n<div>\n<ul>\n<li><strong>Vaji i Chia-s (Salvia Hispanica Seed Oil)\u00a0<\/strong><br \/>\nI pasur me omega-3 dhe antioksidant\u00ebve. Ndihmon n\u00eb reduktimin e inflamacionit dhe mbrojtjen e l\u00ebkur\u00ebs nga d\u00ebmtimet e jashtme.<\/li>\n<\/ul>\n<div>\n<ul>\n<li><strong>Sea Buckthorn (Hippophae Rhamnoides Fruit Oil)\u00a0<\/strong><br \/>\nP\u00ebrmban sasi t\u00eb lart\u00eb t\u00eb vitamin\u00ebs C dhe beta-karotenit, rigjeneron qelizat dhe ndri\u00e7on l\u00ebkur\u00ebn duke e rivitalizuar.<\/li>\n<\/ul>\n<div>\n<div>\n<ul>\n<li><strong>Livando (Lavandula Angustifolia Oil)<\/strong><br \/>\nQet\u00ebson dhe rigjeneron l\u00ebkur\u00ebn, ideal p\u00ebr l\u00ebkurat e ndjeshme<\/li>\n<li><strong>Geranium (Pelargonium Roseum Leaf\/Flower Oil)<\/strong><br \/>\nTonifikon dhe balancon prodhimin e yndyr\u00ebs, ideal p\u00ebr l\u00ebkurat mikse ose t\u00eb yndyrshme.<\/li>\n<li><strong>Jasmin (Jasminum Grandiflorum Flower Extract)\u00a0<\/strong><br \/>\nP\u00ebrve\u00e7 arom\u00ebs s\u00eb tij natyrale dhe luksoze, jasmini ka veti qet\u00ebsuese q\u00eb ndihmojn\u00eb n\u00eb relaksimin e l\u00ebkur\u00ebs dhe gjendjes emocionale.<\/li>\n<\/ul>\n<\/div>\n<\/div>\n<\/div>\n<\/div>\n<\/div>\n<\/div>\n<\/div>\n<\/div>\n<\/div>\n<\/div>\n<\/div>\n<p class=\"cvGsUA direction-ltr align-center para-style-body\" style=\"text-align: left;\"><strong><span class=\"OYPEnA font-feature-liga-off font-feature-clig-off font-feature-calt-off text-decoration-none text-strikethrough-none\">KUJDES!<\/span><\/strong><\/p>\n<p class=\"cvGsUA direction-ltr align-justify para-style-body\" style=\"text-align: left;\"><strong><span class=\"OYPEnA font-feature-liga-off font-feature-clig-off font-feature-calt-off text-decoration-none text-strikethrough-none\">*Ju lutemi, kryeni nj\u00eb test paraprak. N\u00ebse keni alergji ose shfaqni ndonj\u00eb reaksion alergjik nga p\u00ebrb\u00ebr\u00ebsit e m\u00ebsip\u00ebrm, ndaloni menj\u00ebher\u00eb p\u00ebrdorimin e produktit.<\/span><\/strong><\/p>\n<p class=\"cvGsUA direction-ltr align-justify para-style-body\" style=\"text-align: left;\"><strong><span class=\"OYPEnA font-feature-liga-off font-feature-clig-off font-feature-calt-off text-decoration-none text-strikethrough-none\">*P\u00ebr t\u00eb ruajtur cil\u00ebsin\u00eb e Serumit BlueShine, i pasur me vitamin\u00eb C, mbajeni n\u00eb nj\u00eb vend t\u00eb fresk\u00ebt dhe t\u00eb err\u00ebt, larg drit\u00ebs dhe nxeht\u00ebsis\u00eb, p\u00ebr t\u00eb parandaluar oksidimin. Sigurohuni q\u00eb shishja t\u00eb jet\u00eb e mbyllur mir\u00eb pas \u00e7do p\u00ebrdorimi.<\/span><\/strong><\/p>\n<p class=\"cvGsUA direction-ltr align-justify para-style-body\" style=\"text-align: left;\"><strong><span class=\"OYPEnA font-feature-liga-off font-feature-clig-off font-feature-calt-off text-decoration-none text-strikethrough-none\">*Mbajeni produktin larg f\u00ebmij\u00ebve.<\/span><\/strong><\/p>\n<h3><a href=\"https:\/\/blueshine.my.canva.site\/\">*Hap katalogun e BlueShine-Kliko Ketu<\/a><\/h3>\n","protected":false},"excerpt":{"rendered":"<p>NJ\u00cb FORMUL\u00cb LUKSOZE, 100% NATYRALE DHE SHKENC\u00cbRISHT E AVANCUAR!<\/p>\n","protected":false},"featured_media":2551,"comment_status":"open","ping_status":"closed","template":"","meta":{"site-sidebar-layout":"default","site-content-layout":"default","ast-main-header-display":"","ast-hfb-above-header-display":"","ast-hfb-below-header-display":"","ast-hfb-mobile-header-display":"","site-post-title":"","ast-breadcrumbs-content":"","ast-featured-img":"","footer-sml-layout":"","theme-transparent-header-meta":"default","adv-header-id-meta":"","stick-header-meta":"","header-above-stick-meta":"","header-main-stick-meta":"","header-below-stick-meta":""},"product_brand":[],"product_cat":[64,36,43,41],"product_tag":[],"class_list":{"0":"post-2539","1":"product","2":"type-product","3":"status-publish","4":"has-post-thumbnail","6":"product_cat-bukuria","7":"product_cat-fytyra","8":"product_cat-greenager","9":"product_cat-sete","11":"first","12":"instock","13":"shipping-taxable","14":"purchasable","15":"product-type-simple"},"_links":{"self":[{"href":"https:\/\/www.secretsofnatureltd.com\/al\/wp-json\/wp\/v2\/product\/2539","targetHints":{"allow":["GET"]}}],"collection":[{"href":"https:\/\/www.secretsofnatureltd.com\/al\/wp-json\/wp\/v2\/product"}],"about":[{"href":"https:\/\/www.secretsofnatureltd.com\/al\/wp-json\/wp\/v2\/types\/product"}],"replies":[{"embeddable":true,"href":"https:\/\/www.secretsofnatureltd.com\/al\/wp-json\/wp\/v2\/comments?post=2539"}],"wp:featuredmedia":[{"embeddable":true,"href":"https:\/\/www.secretsofnatureltd.com\/al\/wp-json\/wp\/v2\/media\/2551"}],"wp:attachment":[{"href":"https:\/\/www.secretsofnatureltd.com\/al\/wp-json\/wp\/v2\/media?parent=2539"}],"wp:term":[{"taxonomy":"product_brand","embeddable":true,"href":"https:\/\/www.secretsofnatureltd.com\/al\/wp-json\/wp\/v2\/product_brand?post=2539"},{"taxonomy":"product_cat","embeddable":true,"href":"https:\/\/www.secretsofnatureltd.com\/al\/wp-json\/wp\/v2\/product_cat?post=2539"},{"taxonomy":"product_tag","embeddable":true,"href":"https:\/\/www.secretsofnatureltd.com\/al\/wp-json\/wp\/v2\/product_tag?post=2539"}],"curies":[{"name":"wp","href":"https:\/\/api.w.org\/{rel}","templated":true}]}}