{"id":2108,"date":"2024-06-06T08:20:03","date_gmt":"2024-06-06T08:20:03","guid":{"rendered":"https:\/\/www.secretsofnatureltd.com\/al\/?post_type=product&#038;p=2108"},"modified":"2025-11-05T11:11:09","modified_gmt":"2025-11-05T11:11:09","slug":"natural-deodorant-rose","status":"publish","type":"product","link":"https:\/\/www.secretsofnatureltd.com\/al\/product\/natural-deodorant-rose\/","title":{"rendered":"NATURAL DEODORANT ROSE"},"content":{"rendered":"<p><em>Deodoranti Natyral<\/em>\u00a0\u00ebsht\u00eb nj\u00eb produkt\u00a0<em><strong>100% natyral<\/strong><\/em> i formuluar nga farmaciste Eriona. N\u00eb aspektin fiziologjik, zona e sqetull\u00ebs \u00ebsht\u00eb nj\u00eb pjes\u00eb e r\u00ebnd\u00ebsishme ku nyjet limfatike largojn\u00eb toksinat p\u00ebrmes djersitjes. Deodoranti Natyral nuk e ndalon k\u00ebt\u00eb proces, por me formul\u00ebn e tij parandalon rritjen e tep\u00ebrt t\u00eb baktereve pa ndikuar n\u00eb djersitje. Aroma e k\u00ebnd\u00ebshme e trendafilit rrit freskin\u00eb dhe qet\u00ebson sistemin nervor. Ky formulim \u00ebsht\u00eb i p\u00ebrshatsh\u00ebm p\u00ebr \u00e7do mosh\u00eb dhe gjini. L\u00ebreni deodorantin Natyral t\u00eb mbaj\u00eb \u201ct\u00eb \u00ebmb\u00ebl\u201d sqetull\u00ebn tuaj deri n\u00eb 24 or\u00eb!<\/p>\n<p><strong>Kujdes:<\/strong>\u00a0Formuluar p\u00ebr t\u00eb minimizuar rrezikun e reaksioneve alergjike, por n\u00ebse keni ndonj\u00eb alergji ose shfaqni ndonj\u00eb alergji nga p\u00ebrb\u00ebr\u00ebsit e m\u00ebsip\u00ebrm, ju lutemi NDALONI p\u00ebrdorimin e k\u00ebtij produkti<strong>!<\/strong><\/p>\n","protected":false},"excerpt":{"rendered":"<p>Deodoranti Natyral\u00a0\u00ebsht\u00eb nj\u00eb produkt\u00a0100% natyral i formuluar nga farmaciste Eriona. N\u00eb aspektin fiziologjik, zona e sqetull\u00ebs \u00ebsht\u00eb nj\u00eb pjes\u00eb e r\u00ebnd\u00ebsishme ku nyjet limfatike largojn\u00eb toksinat p\u00ebrmes djersitjes. Deodoranti Natyral nuk e ndalon k\u00ebt\u00eb proces, por me formul\u00ebn e tij parandalon rritjen e tep\u00ebrt t\u00eb baktereve pa ndikuar n\u00eb djersitje. Aroma e k\u00ebnd\u00ebshme e trendafilit &hellip;<\/p>\n<p class=\"read-more\"> <a class=\"\" href=\"https:\/\/www.secretsofnatureltd.com\/al\/product\/natural-deodorant-rose\/\"> <span class=\"screen-reader-text\">NATURAL DEODORANT ROSE<\/span> Read More &raquo;<\/a><\/p>\n","protected":false},"featured_media":2691,"comment_status":"open","ping_status":"closed","template":"","meta":{"site-sidebar-layout":"default","site-content-layout":"default","ast-main-header-display":"","ast-hfb-above-header-display":"","ast-hfb-below-header-display":"","ast-hfb-mobile-header-display":"","site-post-title":"","ast-breadcrumbs-content":"","ast-featured-img":"","footer-sml-layout":"","theme-transparent-header-meta":"default","adv-header-id-meta":"","stick-header-meta":"","header-above-stick-meta":"","header-main-stick-meta":"","header-below-stick-meta":""},"product_brand":[],"product_cat":[58],"product_tag":[],"class_list":{"0":"post-2108","1":"product","2":"type-product","3":"status-publish","4":"has-post-thumbnail","6":"product_cat-deodorant","8":"first","9":"instock","10":"shipping-taxable","11":"purchasable","12":"product-type-simple"},"_links":{"self":[{"href":"https:\/\/www.secretsofnatureltd.com\/al\/wp-json\/wp\/v2\/product\/2108","targetHints":{"allow":["GET"]}}],"collection":[{"href":"https:\/\/www.secretsofnatureltd.com\/al\/wp-json\/wp\/v2\/product"}],"about":[{"href":"https:\/\/www.secretsofnatureltd.com\/al\/wp-json\/wp\/v2\/types\/product"}],"replies":[{"embeddable":true,"href":"https:\/\/www.secretsofnatureltd.com\/al\/wp-json\/wp\/v2\/comments?post=2108"}],"wp:featuredmedia":[{"embeddable":true,"href":"https:\/\/www.secretsofnatureltd.com\/al\/wp-json\/wp\/v2\/media\/2691"}],"wp:attachment":[{"href":"https:\/\/www.secretsofnatureltd.com\/al\/wp-json\/wp\/v2\/media?parent=2108"}],"wp:term":[{"taxonomy":"product_brand","embeddable":true,"href":"https:\/\/www.secretsofnatureltd.com\/al\/wp-json\/wp\/v2\/product_brand?post=2108"},{"taxonomy":"product_cat","embeddable":true,"href":"https:\/\/www.secretsofnatureltd.com\/al\/wp-json\/wp\/v2\/product_cat?post=2108"},{"taxonomy":"product_tag","embeddable":true,"href":"https:\/\/www.secretsofnatureltd.com\/al\/wp-json\/wp\/v2\/product_tag?post=2108"}],"curies":[{"name":"wp","href":"https:\/\/api.w.org\/{rel}","templated":true}]}}