{"id":1571,"date":"2022-08-31T13:20:55","date_gmt":"2022-08-31T13:20:55","guid":{"rendered":"https:\/\/www.secretsofnatureltd.com\/al\/?post_type=product&#038;p=1571"},"modified":"2025-04-08T08:44:08","modified_gmt":"2025-04-08T08:44:08","slug":"sun-set","status":"publish","type":"product","link":"https:\/\/www.secretsofnatureltd.com\/al\/product\/sun-set\/","title":{"rendered":"Sun Set"},"content":{"rendered":"<p><em>Sun Face Cream \u00ebsht\u00eb nj\u00eb\u00a0<\/em>produkt artizanal i formuluar nga farmaciste Eriona, p\u00ebrgatitur me p\u00ebrb\u00ebr\u00ebs\u00a0<strong><em>100% natyral<\/em><\/strong>. Ky krem mund\u00ebson mbrojtjen e fytyr\u00ebs tuaj dhe p\u00ebrkujdeset p\u00ebr cdo d\u00ebmtim t\u00eb shkaktuar nga rrezet UVA dhe UVB. Duke p\u00ebrdorur k\u00ebt\u00eb krem me 45 SPF, fytyra juaj mbrohet dhe nga rrezet e diellit, dhe ushqehet nga p\u00ebrb\u00ebr\u00ebsit natyral t\u00eb kremit. Kremi kundra diellit nuk lejon krijimin e rrudhave dhe njollave t\u00eb diellit n\u00eb l\u00ebkur\u00eb. Rrezet e diellit jane aq t\u00eb d\u00ebmshme, sa mund t\u00eb behen shkaktare t\u00eb kancerit t\u00eb l\u00ebkur\u00ebs dhe jo vet\u00ebm. Ky krem me mbrojtes natyral nuk d\u00ebmton l\u00ebkuren tuaj edhe nuk ka efekte an\u00ebsore.<\/p>\n<p>N\u00eb stin\u00ebn e veres rrezet e diellit jan\u00eb m\u00eb t\u00eb forta dhe shum\u00eb m\u00eb t\u00eb d\u00ebmshme. \u00cbsht\u00eb i domosdosh\u00ebm p\u00ebrdorimi i kremit t\u00eb diellit, q\u00eb t\u00eb parandaloj\u00eb formimin e shenjave t\u00eb reja n\u00eb l\u00ebkur\u00eb dhe acarimin e atyre q\u00eb gjenden.<\/p>\n<p><strong>P\u00ebrdorimi:<\/strong><\/p>\n<ul>\n<li>P\u00ebrdoret \u00e7do dit\u00eb.<\/li>\n<li>Aplikojeni n\u00ebfytyr\u00eb\u00a0t\u00eb\u00a0past\u00ebr, p\u00ebrpara ekspozimit n\u00eb<\/li>\n<li>Aplikojeni \u00e7do 2-3or\u00eb gjat\u00eb dit\u00ebs.<\/li>\n<\/ul>\n<p><em>Sun Body Lotion\u00a0<\/em>produkt artizanal i formuluar nga farmaciste Eriona, p\u00ebrgatitur me p\u00ebrb\u00ebr\u00ebs\u00a0<strong><em>100% natyral<\/em><\/strong>. Ky krem mund\u00ebson mbrojtjen e trupit tuaj dhe p\u00ebrkujdeset p\u00ebr cdo d\u00ebmtim t\u00eb shkaktuar nga rrezet UVA dhe UVB. Duke p\u00ebrdorur k\u00ebt\u00eb krem me 45 SPF, trupi juaj mbrohet dhe nga rrezet e diellit, dhe ushqehet nga p\u00ebrb\u00ebr\u00ebsit natyral t\u00eb kremit. Rrezet e diellit jane aq t\u00eb d\u00ebmshme, sa mund t\u00eb behen shkaktare t\u00eb kancerit t\u00eb l\u00ebkur\u00ebs dhe jo vet\u00ebm. Ky krem me mbrojtes natyral nuk d\u00ebmton l\u00ebkuren tuaj edhe nuk ka efekte an\u00ebsore.<\/p>\n<p>N\u00eb stin\u00ebn e veres rrezet e diellit jan\u00eb m\u00eb t\u00eb forta dhe shum\u00eb m\u00eb t\u00eb d\u00ebmshme. \u00cbsht\u00eb i domosdosh\u00ebm p\u00ebrdorimi i kremit t\u00eb diellit, q\u00eb t\u00eb parandaloj\u00eb formimin e shenjave t\u00eb reja n\u00eb l\u00ebkur\u00eb dhe acarimin e atyre q\u00eb gjenden.<\/p>\n<p><strong>P\u00ebrdorimi:<\/strong><\/p>\n<ul>\n<li>Aplikojeni n\u00eb trup \u00e7do 2 or\u00eb, kur jeni t\u00eb ekspozuar n\u00eb diell.<\/li>\n<li>Kujdes me ekspozimin ne diell edhe pas aplikimit te kremit, sidomos dit\u00ebt e para t\u00eb aplikimit.<\/li>\n<\/ul>\n<p><em>Sun Body Tanning Oil<\/em>\u00a0produkt artizanal i formuluar nga farmaciste Eriona me p\u00ebrb\u00ebr\u00ebs\u00a0<strong><em>100% natyral<\/em><\/strong>. Nj\u00eb kombinim midis vajrave esencial dhe vajrave natyral si:\u00a0<em>Vaj Bajame, Vaj Lajthie, Vaj Ulliri Vaj Esencial Karrote, Vaj Esencial Geranium\u00a0<\/em>etj. Kjo p\u00ebrzierje ju siguron nj\u00eb l\u00ebkur\u00eb me nj\u00eb nxirje t\u00eb art\u00eb nga dielli.<\/p>\n<p><strong>P\u00ebrdorimi:\u00a0<\/strong>Aplikojen \u00e7do 2 or\u00eb, duke filluar q\u00eb nga momenti q\u00eb ekspozoheni n\u00eb diell.<\/p>\n<p><strong>Kujdes:<\/strong>\u00a0Formuluar p\u00ebr t\u00eb minimizuar rrezikun e reaksioneve alergjike, por n\u00ebse keni ndonj\u00eb alergji ose shfaqni ndonj\u00eb alergji nga p\u00ebrb\u00ebr\u00ebsit e m\u00ebsip\u00ebrm, ju lutemi NDALONI p\u00ebrdorimin e k\u00ebtij produkti<strong>!<\/strong><\/p>\n","protected":false},"excerpt":{"rendered":"<p>Sun Face Cream \u00ebsht\u00eb nj\u00eb\u00a0produkt artizanal i formuluar nga farmaciste Eriona, p\u00ebrgatitur me p\u00ebrb\u00ebr\u00ebs\u00a0100% natyral. Ky krem mund\u00ebson mbrojtjen e fytyr\u00ebs tuaj dhe p\u00ebrkujdeset p\u00ebr cdo d\u00ebmtim t\u00eb shkaktuar nga rrezet UVA dhe UVB. Duke p\u00ebrdorur k\u00ebt\u00eb krem me 45 SPF, fytyra juaj mbrohet dhe nga rrezet e diellit, dhe ushqehet nga p\u00ebrb\u00ebr\u00ebsit natyral t\u00eb &hellip;<\/p>\n<p class=\"read-more\"> <a class=\"\" href=\"https:\/\/www.secretsofnatureltd.com\/al\/product\/sun-set\/\"> <span class=\"screen-reader-text\">Sun Set<\/span> Read More &raquo;<\/a><\/p>\n","protected":false},"featured_media":1572,"comment_status":"open","ping_status":"closed","template":"","meta":{"site-sidebar-layout":"default","site-content-layout":"default","ast-main-header-display":"","ast-hfb-above-header-display":"","ast-hfb-below-header-display":"","ast-hfb-mobile-header-display":"","site-post-title":"","ast-breadcrumbs-content":"","ast-featured-img":"","footer-sml-layout":"","theme-transparent-header-meta":"default","adv-header-id-meta":"","stick-header-meta":"","header-above-stick-meta":"","header-main-stick-meta":"","header-below-stick-meta":""},"product_brand":[],"product_cat":[41],"product_tag":[],"class_list":{"0":"post-1571","1":"product","2":"type-product","3":"status-publish","4":"has-post-thumbnail","6":"product_cat-sete","8":"first","9":"outofstock","10":"sale","11":"shipping-taxable","12":"purchasable","13":"product-type-simple"},"_links":{"self":[{"href":"https:\/\/www.secretsofnatureltd.com\/al\/wp-json\/wp\/v2\/product\/1571","targetHints":{"allow":["GET"]}}],"collection":[{"href":"https:\/\/www.secretsofnatureltd.com\/al\/wp-json\/wp\/v2\/product"}],"about":[{"href":"https:\/\/www.secretsofnatureltd.com\/al\/wp-json\/wp\/v2\/types\/product"}],"replies":[{"embeddable":true,"href":"https:\/\/www.secretsofnatureltd.com\/al\/wp-json\/wp\/v2\/comments?post=1571"}],"wp:featuredmedia":[{"embeddable":true,"href":"https:\/\/www.secretsofnatureltd.com\/al\/wp-json\/wp\/v2\/media\/1572"}],"wp:attachment":[{"href":"https:\/\/www.secretsofnatureltd.com\/al\/wp-json\/wp\/v2\/media?parent=1571"}],"wp:term":[{"taxonomy":"product_brand","embeddable":true,"href":"https:\/\/www.secretsofnatureltd.com\/al\/wp-json\/wp\/v2\/product_brand?post=1571"},{"taxonomy":"product_cat","embeddable":true,"href":"https:\/\/www.secretsofnatureltd.com\/al\/wp-json\/wp\/v2\/product_cat?post=1571"},{"taxonomy":"product_tag","embeddable":true,"href":"https:\/\/www.secretsofnatureltd.com\/al\/wp-json\/wp\/v2\/product_tag?post=1571"}],"curies":[{"name":"wp","href":"https:\/\/api.w.org\/{rel}","templated":true}]}}