{"id":1503,"date":"2022-03-24T16:03:51","date_gmt":"2022-03-24T16:03:51","guid":{"rendered":"https:\/\/www.secretsofnatureltd.com\/al\/?post_type=product&#038;p=1503"},"modified":"2025-04-10T10:54:26","modified_gmt":"2025-04-10T10:54:26","slug":"rose-water","status":"publish","type":"product","link":"https:\/\/www.secretsofnatureltd.com\/al\/product\/rose-water\/","title":{"rendered":"rose water"},"content":{"rendered":"<p><em>Uji i Tr\u00ebndafilit<\/em> \u00ebsht\u00eb nj\u00eb l\u00ebng q\u00eb prodhohet duke zhytur petalet e tr\u00ebndafilit n\u00eb uj\u00eb ose duke distiluar petalet e tr\u00ebndafilit me avull. \u00cbsht\u00eb p\u00ebrdorur p\u00ebr shekuj n\u00eb Lindjen e Mesme p\u00ebr nj\u00eb s\u00ebr\u00eb aplikimesh bukurie dhe sh\u00ebndet\u00ebsore.<\/p>\n<p>Uji i tr\u00ebndafilit ka pes\u00eb veti q\u00eb mb\u00ebshtesin p\u00ebrdorimin e tij aktual n\u00eb trajtimin e akneve:<\/p>\n<ul>\n<li>\u00cbsht\u00eb nj\u00eb anti-inflamator.<\/li>\n<li>\u00cbsht\u00eb nj\u00eb astringent.<\/li>\n<li>\u00cbsht\u00eb nj\u00eb antiseptik dhe antibakterial.<\/li>\n<li>Balancon pH.<\/li>\n<li>Ka antioksidant\u00eb.<\/li>\n<\/ul>\n<p><strong>P\u00ebrdorimi:<\/strong><\/p>\n<p><strong>Hiqni vajrat e tep\u00ebrta: <\/strong>Lagni nj\u00eb cop\u00eb pambuku t\u00eb but\u00eb ose nj\u00eb cop\u00eb pambuku n\u00eb uj\u00eb t\u00eb ftoht\u00eb tr\u00ebndafili dhe lyejeni but\u00ebsisht n\u00eb l\u00ebkur\u00eb t\u00eb past\u00ebr. Mund t\u00eb ndihmoj\u00eb n\u00eb largimin e yndyr\u00ebs shtes\u00eb dhe papast\u00ebrtive q\u00eb mbeten n\u00eb l\u00ebkur\u00ebn tuaj pas pastrimit.<\/p>\n<p>Tonifikimi i rregullt i l\u00ebkur\u00ebs me uj\u00eb tr\u00ebndafili mund t\u00eb ndihmoj\u00eb n\u00eb parandalimin e formimit t\u00eb akneve t\u00eb shkaktuara nga poret e bllokuara. Plus, uji i tr\u00ebndafilit \u00ebsht\u00eb m\u00eb pak i thar\u00eb n\u00eb l\u00ebkur\u00ebn tuaj sesa toner\u00ebt e l\u00ebkur\u00ebs me baz\u00eb alkooli ose kimike.<\/p>\n<p><strong>Hidratoni dhe ekuilibroni nivelin e pH: <\/strong>P\u00ebrdorni at\u00eb p\u00ebr t\u00eb sp\u00ebrkatur fytyr\u00ebn tuaj. Kjo mund t\u00eb ndihmoj\u00eb n\u00eb hidratimin e l\u00ebkur\u00ebs tuaj dhe rivendosjen e ekuilibrit t\u00eb saj natyror t\u00eb pH. Mbajeni shishen n\u00eb frigorifer p\u00ebr freskim shtes\u00eb.<\/p>\n<p><strong>Qet\u00ebsoni syt\u00eb e lodhur dhe zvog\u00ebloni \u00ebnjtjet:<\/strong> Lagni dy pambuk n\u00eb uj\u00eb t\u00eb ftoht\u00eb tr\u00ebndafili dhe vendosini but\u00ebsisht mbi qepallat tuaja. L\u00ebrini p\u00ebr 5 minuta p\u00ebr t\u00eb qet\u00ebsuar syt\u00eb e lodhur dhe t\u00eb fryr\u00eb.<\/p>\n","protected":false},"excerpt":{"rendered":"<p>Uji i Tr\u00ebndafilit \u00ebsht\u00eb nj\u00eb l\u00ebng q\u00eb prodhohet duke zhytur petalet e tr\u00ebndafilit n\u00eb uj\u00eb ose duke distiluar petalet e tr\u00ebndafilit me avull. \u00cbsht\u00eb p\u00ebrdorur p\u00ebr shekuj n\u00eb Lindjen e Mesme p\u00ebr nj\u00eb s\u00ebr\u00eb aplikimesh bukurie dhe sh\u00ebndet\u00ebsore. Uji i tr\u00ebndafilit ka pes\u00eb veti q\u00eb mb\u00ebshtesin p\u00ebrdorimin e tij aktual n\u00eb trajtimin e akneve: \u00cbsht\u00eb &hellip;<\/p>\n<p class=\"read-more\"> <a class=\"\" href=\"https:\/\/www.secretsofnatureltd.com\/al\/product\/rose-water\/\"> <span class=\"screen-reader-text\">rose water<\/span> Read More &raquo;<\/a><\/p>\n","protected":false},"featured_media":1506,"comment_status":"open","ping_status":"closed","template":"","meta":{"site-sidebar-layout":"default","site-content-layout":"default","ast-main-header-display":"","ast-hfb-above-header-display":"","ast-hfb-below-header-display":"","ast-hfb-mobile-header-display":"","site-post-title":"","ast-breadcrumbs-content":"","ast-featured-img":"","footer-sml-layout":"","theme-transparent-header-meta":"default","adv-header-id-meta":"","stick-header-meta":"","header-above-stick-meta":"","header-main-stick-meta":"","header-below-stick-meta":""},"product_brand":[],"product_cat":[64,36],"product_tag":[],"class_list":{"0":"post-1503","1":"product","2":"type-product","3":"status-publish","4":"has-post-thumbnail","6":"product_cat-bukuria","7":"product_cat-fytyra","9":"first","10":"instock","11":"shipping-taxable","12":"purchasable","13":"product-type-simple"},"_links":{"self":[{"href":"https:\/\/www.secretsofnatureltd.com\/al\/wp-json\/wp\/v2\/product\/1503","targetHints":{"allow":["GET"]}}],"collection":[{"href":"https:\/\/www.secretsofnatureltd.com\/al\/wp-json\/wp\/v2\/product"}],"about":[{"href":"https:\/\/www.secretsofnatureltd.com\/al\/wp-json\/wp\/v2\/types\/product"}],"replies":[{"embeddable":true,"href":"https:\/\/www.secretsofnatureltd.com\/al\/wp-json\/wp\/v2\/comments?post=1503"}],"wp:featuredmedia":[{"embeddable":true,"href":"https:\/\/www.secretsofnatureltd.com\/al\/wp-json\/wp\/v2\/media\/1506"}],"wp:attachment":[{"href":"https:\/\/www.secretsofnatureltd.com\/al\/wp-json\/wp\/v2\/media?parent=1503"}],"wp:term":[{"taxonomy":"product_brand","embeddable":true,"href":"https:\/\/www.secretsofnatureltd.com\/al\/wp-json\/wp\/v2\/product_brand?post=1503"},{"taxonomy":"product_cat","embeddable":true,"href":"https:\/\/www.secretsofnatureltd.com\/al\/wp-json\/wp\/v2\/product_cat?post=1503"},{"taxonomy":"product_tag","embeddable":true,"href":"https:\/\/www.secretsofnatureltd.com\/al\/wp-json\/wp\/v2\/product_tag?post=1503"}],"curies":[{"name":"wp","href":"https:\/\/api.w.org\/{rel}","templated":true}]}}