{"id":1419,"date":"2022-03-01T10:51:47","date_gmt":"2022-03-01T10:51:47","guid":{"rendered":"https:\/\/www.secretsofnatureltd.com\/sq\/?post_type=product&#038;p=1419"},"modified":"2025-11-04T15:51:03","modified_gmt":"2025-11-04T15:51:03","slug":"mama-set","status":"publish","type":"product","link":"https:\/\/www.secretsofnatureltd.com\/al\/product\/mama-set\/","title":{"rendered":"MAMA &#038; BABY SET"},"content":{"rendered":"<p>Mama Anti-Stretch Marks Oil<br \/>\nKy \u00ebsht\u00eb nj\u00eb vaj 100% natyral i p\u00ebrgatitur nga farmacistja Eriona. \u00cbsht\u00eb nj\u00eb p\u00ebrzierje e disa vajrave natyral\u00eb q\u00eb ndihmojn\u00eb n\u00eb parandalimin e strijave. Vaj i p\u00ebrshtatsh\u00ebm p\u00ebr n\u00ebnat shtatz\u00ebna, nuk d\u00ebmton beben dhe i jep l\u00ebkur\u00ebs elasticitet dhe hidratim.<br \/>\nP\u00ebrdorimi: Aplikohet n\u00eb zon\u00ebn e barkut 1 deri n\u00eb 4 her\u00eb n\u00eb dit\u00eb, duke e masazhuar leht\u00eb. Rritni sasin\u00eb e vajit kur barku fillon t\u00eb zmadhohet.<\/p>\n<p>Mama Healing Cream<br \/>\nKrem natyral artizanal i krijuar p\u00ebr n\u00ebnat shtatz\u00ebna. I sigurt p\u00ebr beben dhe ndihmon n\u00eb shtimin e elasticitetit dhe hidratimin e l\u00ebkur\u00ebs. Aplikohet n\u00eb zon\u00ebn perineale p\u00ebr t\u00eb leht\u00ebsuar lindjen dhe p\u00ebr t\u00eb sh\u00ebruar plag\u00ebt pas lindjes.<br \/>\nP\u00ebrdorimi: P\u00ebrdoret para dhe pas lindjes, 2 deri n\u00eb 3 her\u00eb n\u00eb dit\u00eb n\u00eb zon\u00ebn perineale.<\/p>\n<p>Mama Healing Spray<br \/>\nSpray natyral i p\u00ebrgatitur nga farmacistja Eriona p\u00ebr t\u00eb ndihmuar n\u00ebnat gjat\u00eb dhe pas shtatz\u00ebnis\u00eb. Rrit elasticitetin e l\u00ebkur\u00ebs dhe hidratimin. P\u00ebrdoret n\u00eb zon\u00ebn perineale dhe n\u00eb bark p\u00ebr t\u00eb shmangur strijat.<br \/>\nP\u00ebrdorimi: P\u00ebrdoret para dhe pas lindjes, i kombinuar me kremin Mama Healing Cream p\u00ebr efekt m\u00eb t\u00eb mir\u00eb.<\/p>\n<p>Mama Nipple Cream<br \/>\nKrem p\u00ebr majat e gjirit me p\u00ebrb\u00ebr\u00ebs 100% natyral, pa lanolin\u00eb dhe pa dyll blete. I p\u00ebrgatitur p\u00ebr t\u00eb ndihmuar n\u00ebnat q\u00eb japin gji, duke sh\u00ebruar \u00e7arjet dhe plag\u00ebt. I sigurt p\u00ebr beben.<br \/>\nP\u00ebrdorimi: Lyeni maj\u00ebn e gjirit pas \u00e7do gji-dh\u00ebnie. Nuk ka nevoj\u00eb t\u00eb pastrohet para gji-dh\u00ebnies. Mund t\u00eb p\u00ebrdoret q\u00eb nga dita e par\u00eb e ushqyerjes me gji.<\/p>\n<p>Kujdes: Produktet jan\u00eb t\u00eb formuluara p\u00ebr t\u00eb minimizuar rrezikun e alergjive, por n\u00ebse keni ndonj\u00eb ndjeshm\u00ebri ndaj p\u00ebrb\u00ebr\u00ebsve, ndaloni menj\u00ebher\u00eb p\u00ebrdorimin.<\/p>\n","protected":false},"excerpt":{"rendered":"<p>Mama Anti-Stretch Marks Oil Ky \u00ebsht\u00eb nj\u00eb vaj 100% natyral i p\u00ebrgatitur nga farmacistja Eriona. \u00cbsht\u00eb nj\u00eb p\u00ebrzierje e disa vajrave natyral\u00eb q\u00eb ndihmojn\u00eb n\u00eb parandalimin e strijave. Vaj i p\u00ebrshtatsh\u00ebm p\u00ebr n\u00ebnat shtatz\u00ebna, nuk d\u00ebmton beben dhe i jep l\u00ebkur\u00ebs elasticitet dhe hidratim. P\u00ebrdorimi: Aplikohet n\u00eb zon\u00ebn e barkut 1 deri n\u00eb 4 her\u00eb &hellip;<\/p>\n<p class=\"read-more\"> <a class=\"\" href=\"https:\/\/www.secretsofnatureltd.com\/al\/product\/mama-set\/\"> <span class=\"screen-reader-text\">MAMA &#038; BABY SET<\/span> Read More &raquo;<\/a><\/p>\n","protected":false},"featured_media":1420,"comment_status":"open","ping_status":"closed","template":"","meta":{"site-sidebar-layout":"default","site-content-layout":"default","ast-main-header-display":"","ast-hfb-above-header-display":"","ast-hfb-below-header-display":"","ast-hfb-mobile-header-display":"","site-post-title":"","ast-breadcrumbs-content":"","ast-featured-img":"","footer-sml-layout":"","theme-transparent-header-meta":"default","adv-header-id-meta":"","stick-header-meta":"","header-above-stick-meta":"","header-main-stick-meta":"","header-below-stick-meta":""},"product_brand":[],"product_cat":[41],"product_tag":[],"class_list":{"0":"post-1419","1":"product","2":"type-product","3":"status-publish","4":"has-post-thumbnail","6":"product_cat-sete","8":"first","9":"instock","10":"sale","11":"shipping-taxable","12":"purchasable","13":"product-type-simple"},"_links":{"self":[{"href":"https:\/\/www.secretsofnatureltd.com\/al\/wp-json\/wp\/v2\/product\/1419","targetHints":{"allow":["GET"]}}],"collection":[{"href":"https:\/\/www.secretsofnatureltd.com\/al\/wp-json\/wp\/v2\/product"}],"about":[{"href":"https:\/\/www.secretsofnatureltd.com\/al\/wp-json\/wp\/v2\/types\/product"}],"replies":[{"embeddable":true,"href":"https:\/\/www.secretsofnatureltd.com\/al\/wp-json\/wp\/v2\/comments?post=1419"}],"wp:featuredmedia":[{"embeddable":true,"href":"https:\/\/www.secretsofnatureltd.com\/al\/wp-json\/wp\/v2\/media\/1420"}],"wp:attachment":[{"href":"https:\/\/www.secretsofnatureltd.com\/al\/wp-json\/wp\/v2\/media?parent=1419"}],"wp:term":[{"taxonomy":"product_brand","embeddable":true,"href":"https:\/\/www.secretsofnatureltd.com\/al\/wp-json\/wp\/v2\/product_brand?post=1419"},{"taxonomy":"product_cat","embeddable":true,"href":"https:\/\/www.secretsofnatureltd.com\/al\/wp-json\/wp\/v2\/product_cat?post=1419"},{"taxonomy":"product_tag","embeddable":true,"href":"https:\/\/www.secretsofnatureltd.com\/al\/wp-json\/wp\/v2\/product_tag?post=1419"}],"curies":[{"name":"wp","href":"https:\/\/api.w.org\/{rel}","templated":true}]}}