{"id":1417,"date":"2022-03-01T10:35:07","date_gmt":"2022-03-01T10:35:07","guid":{"rendered":"https:\/\/www.secretsofnatureltd.com\/sq\/?post_type=product&#038;p=1417"},"modified":"2025-04-23T07:16:39","modified_gmt":"2025-04-23T07:16:39","slug":"pure-set-plus","status":"publish","type":"product","link":"https:\/\/www.secretsofnatureltd.com\/al\/product\/pure-set-plus\/","title":{"rendered":"Pure face set plus"},"content":{"rendered":"<p>Pure Face Cleanser \u00ebsht\u00eb nj\u00eb produkt artizanal i formuluar nga farmaciste Eriona, i p\u00ebrgatitur me p\u00ebrb\u00ebr\u00ebs 100% natyral. Ky lar\u00ebs siguron pastrimin e thell\u00eb t\u00eb \u00e7do tipi l\u00ebkure. Kombinimi i gjasht\u00eb llojeve t\u00eb bim\u00ebve mban l\u00ebkur\u00ebn t\u00eb past\u00ebr dhe t\u00eb hidratuar, pa l\u00ebn\u00eb ndjesin\u00eb e that\u00ebsis\u00eb. P\u00ebrdorimi:<\/p>\n<p>    Pastroni l\u00ebkur\u00ebn e fytyr\u00ebs me lar\u00ebsin, duke e shkumuar at\u00eb.<\/p>\n<p>    P\u00ebrdoreni 2-3 her\u00eb n\u00eb dit\u00eb.<\/p>\n<p>    I p\u00ebrshtatsh\u00ebm p\u00ebr t\u00eb gjitha llojet e l\u00ebkur\u00ebs, ideal p\u00ebr l\u00ebkur\u00ebn normale deri n\u00eb t\u00eb that\u00eb.<\/p>\n<p>Pure Face Tonic \u00ebsht\u00eb nj\u00eb produkt artizanal i formuluar nga farmaciste Eriona, i p\u00ebrgatitur me p\u00ebrb\u00ebr\u00ebs 100% natyral. Ky tonik me vajra esenciale si Vaj Sherebele, Vaj Geranium dhe Vaj Tea Tree ndihmon n\u00eb zvog\u00eblimin e poreve dhe balancimin e pH-s\u00eb. P\u00ebrdorimi:<\/p>\n<p>    Pasi t\u00eb keni pastruar fytyr\u00ebn, aplikoni tonikun me nj\u00eb pambuk.<\/p>\n<p>    Nuk \u00ebsht\u00eb e nevojshme t\u00eb shp\u00eblahet fytyra pas aplikimit.<\/p>\n<p>    P\u00ebrdoreni 2-3 her\u00eb n\u00eb dit\u00eb.<\/p>\n<p>Pure Face Cream \u00ebsht\u00eb nj\u00eb produkt artizanal i formuluar nga farmaciste Eriona, i p\u00ebrgatitur me p\u00ebrb\u00ebr\u00ebs 100% natyral, si Aloe Vera, Rose Water, dhe Pomegranate Oil. Ky krem siguron hidratim dhe ushqim t\u00eb plot\u00eb p\u00ebr l\u00ebkur\u00ebn, duke i dh\u00ebn\u00eb shk\u00eblqimin e merituar. P\u00ebrdorimi:<\/p>\n<p>    Pas pastrimit t\u00eb fytyr\u00ebs, aplikoni kremi dhe masazhoni leht\u00eb.<\/p>\n<p>    P\u00ebrdoreni 2-3 her\u00eb n\u00eb dit\u00eb.<\/p>\n<p>Pure Undereye Cream \u00ebsht\u00eb nj\u00eb produkt artizanal i formuluar nga farmaciste Eriona, i p\u00ebrgatitur me p\u00ebrb\u00ebr\u00ebs 100% natyral. Ky krem ka veti hidratuese dhe ushqyese p\u00ebr zon\u00ebn posht\u00eb syve. P\u00ebrdorimi:<\/p>\n<p>    Pas pastrimit t\u00eb fytyr\u00ebs, aplikoni kremin n\u00eb zon\u00ebn posht\u00eb syve dhe masazhoni leht\u00eb.<\/p>\n<p>    P\u00ebrdoreni 2 her\u00eb n\u00eb dit\u00eb (n\u00eb m\u00ebngjes dhe n\u00eb dark\u00eb).<\/p>\n<p>Pure Face Scrub \u00ebsht\u00eb nj\u00eb produkt artizanal i formuluar nga farmaciste Eriona, 100% natyral. Ky skrab ka veti rigjeneruese dhe antioksiduese, duke pastruar thell\u00ebsisht l\u00ebkur\u00ebn. P\u00ebrdorimi:<\/p>\n<p>    P\u00ebrdoreni 1-2 her\u00eb n\u00eb jav\u00eb.<\/p>\n<p>    Pas pastrimit t\u00eb fytyr\u00ebs, aplikoni skrabin dhe l\u00ebreni t\u00eb q\u00ebndroj\u00eb 5-10 minuta, pastaj shp\u00eblajeni me uj\u00eb.<\/p>\n<p>Pure Face Serum Plus \u00ebsht\u00eb nj\u00eb produkt artizanal i formuluar nga farmaciste Eriona, 100% natyral. Ky serum siguron hidratim t\u00eb plot\u00eb t\u00eb l\u00ebkur\u00ebs dhe ka efekt anti-rrudh\u00eb. P\u00ebrdorimi:<\/p>\n<p>    Aplikoni serumin n\u00eb fytyr\u00eb t\u00eb past\u00ebr dhe masazhoni leht\u00eb.<\/p>\n<p>    N\u00ebse keni l\u00ebkur\u00eb shum\u00eb t\u00eb that\u00eb, mund ta kombinoni me krem hidratues.<\/p>\n<p>Kujdes: Ky produkt \u00ebsht\u00eb formuluar p\u00ebr t\u00eb minimizuar rrezikun e reaksioneve alergjike, por n\u00ebse keni ndonj\u00eb alergji ndaj p\u00ebrb\u00ebr\u00ebsve, ndaloni p\u00ebrdorimin.<\/p>\n","protected":false},"excerpt":{"rendered":"<p>A natural solution for hair-loss<\/p>\n","protected":false},"featured_media":1421,"comment_status":"open","ping_status":"closed","template":"","meta":{"site-sidebar-layout":"default","site-content-layout":"default","ast-main-header-display":"","ast-hfb-above-header-display":"","ast-hfb-below-header-display":"","ast-hfb-mobile-header-display":"","site-post-title":"","ast-breadcrumbs-content":"","ast-featured-img":"","footer-sml-layout":"","theme-transparent-header-meta":"default","adv-header-id-meta":"","stick-header-meta":"","header-above-stick-meta":"","header-main-stick-meta":"","header-below-stick-meta":""},"product_brand":[],"product_cat":[64,68,52,69,41,54,51],"product_tag":[],"class_list":{"0":"post-1417","1":"product","2":"type-product","3":"status-publish","4":"has-post-thumbnail","6":"product_cat-bukuria","7":"product_cat-krem-pr-zonn-posht-syve","8":"product_cat-lares","9":"product_cat-serum-pr-fytyrn","10":"product_cat-sete","11":"product_cat-skrab","12":"product_cat-tonik","14":"first","15":"outofstock","16":"sale","17":"shipping-taxable","18":"purchasable","19":"product-type-simple"},"_links":{"self":[{"href":"https:\/\/www.secretsofnatureltd.com\/al\/wp-json\/wp\/v2\/product\/1417","targetHints":{"allow":["GET"]}}],"collection":[{"href":"https:\/\/www.secretsofnatureltd.com\/al\/wp-json\/wp\/v2\/product"}],"about":[{"href":"https:\/\/www.secretsofnatureltd.com\/al\/wp-json\/wp\/v2\/types\/product"}],"replies":[{"embeddable":true,"href":"https:\/\/www.secretsofnatureltd.com\/al\/wp-json\/wp\/v2\/comments?post=1417"}],"wp:featuredmedia":[{"embeddable":true,"href":"https:\/\/www.secretsofnatureltd.com\/al\/wp-json\/wp\/v2\/media\/1421"}],"wp:attachment":[{"href":"https:\/\/www.secretsofnatureltd.com\/al\/wp-json\/wp\/v2\/media?parent=1417"}],"wp:term":[{"taxonomy":"product_brand","embeddable":true,"href":"https:\/\/www.secretsofnatureltd.com\/al\/wp-json\/wp\/v2\/product_brand?post=1417"},{"taxonomy":"product_cat","embeddable":true,"href":"https:\/\/www.secretsofnatureltd.com\/al\/wp-json\/wp\/v2\/product_cat?post=1417"},{"taxonomy":"product_tag","embeddable":true,"href":"https:\/\/www.secretsofnatureltd.com\/al\/wp-json\/wp\/v2\/product_tag?post=1417"}],"curies":[{"name":"wp","href":"https:\/\/api.w.org\/{rel}","templated":true}]}}