{"id":1271,"date":"2022-02-02T03:23:43","date_gmt":"2022-02-02T03:23:43","guid":{"rendered":"https:\/\/www.secretsofnatureltd.com\/sq\/?post_type=product&#038;p=1271"},"modified":"2025-04-08T08:44:08","modified_gmt":"2025-04-08T08:44:08","slug":"caj-xhinxher-100gr","status":"publish","type":"product","link":"https:\/\/www.secretsofnatureltd.com\/al\/product\/caj-xhinxher-100gr\/","title":{"rendered":"\u00e7aj xhinxher (100gr)"},"content":{"rendered":"<p>Ngroht\u00ebsi e k\u00ebndshme. \u00c7aji me limon, tep\u00ebr pikant frym\u00ebzon \u00e7do adhurues t\u00eb xhenxhefilit. P\u00ebrb\u00ebrja shk\u00eblqen n\u00eb nj\u00eb ngjyr\u00eb bezh\u00eb t\u00eb leht\u00eb n\u00eb filxhan dhe shkon shum\u00eb me kuzhin\u00ebn aziatike dhe \u00ebmb\u00eblsirat pikante. Tret\u00ebs ideal, duke sjell\u00eb leht\u00ebsim pas nj\u00eb vakti t\u00eb bollsh\u00ebm. Kur pihet e ftoht\u00eb, me nenexhik t\u00eb fresk\u00ebt dhe limon, p\u00ebrzierja \u00ebsht\u00eb nj\u00eb pije e mrekullueshme freskuese p\u00ebr ver\u00ebn. Nj\u00eb domosdoshm\u00ebri p\u00ebr \u00e7do adhurues t\u00eb Azis\u00eb!<\/p>\n","protected":false},"excerpt":{"rendered":"<p>Ngroht\u00ebsi e k\u00ebndshme. \u00c7aji me limon, tep\u00ebr pikant frym\u00ebzon \u00e7do adhurues t\u00eb xhenxhefilit. P\u00ebrb\u00ebrja shk\u00eblqen n\u00eb nj\u00eb ngjyr\u00eb bezh\u00eb t\u00eb leht\u00eb n\u00eb filxhan dhe shkon shum\u00eb me kuzhin\u00ebn aziatike dhe \u00ebmb\u00eblsirat pikante. Tret\u00ebs ideal, duke sjell\u00eb leht\u00ebsim pas nj\u00eb vakti t\u00eb bollsh\u00ebm. Kur pihet e ftoht\u00eb, me nenexhik t\u00eb fresk\u00ebt dhe limon, p\u00ebrzierja \u00ebsht\u00eb nj\u00eb &hellip;<\/p>\n<p class=\"read-more\"> <a class=\"\" href=\"https:\/\/www.secretsofnatureltd.com\/al\/product\/caj-xhinxher-100gr\/\"> <span class=\"screen-reader-text\">\u00e7aj xhinxher (100gr)<\/span> Read More &raquo;<\/a><\/p>\n","protected":false},"featured_media":1272,"comment_status":"open","ping_status":"closed","template":"","meta":{"site-sidebar-layout":"default","site-content-layout":"default","ast-main-header-display":"","ast-hfb-above-header-display":"","ast-hfb-below-header-display":"","ast-hfb-mobile-header-display":"","site-post-title":"","ast-breadcrumbs-content":"","ast-featured-img":"","footer-sml-layout":"","theme-transparent-header-meta":"default","adv-header-id-meta":"","stick-header-meta":"","header-above-stick-meta":"","header-main-stick-meta":"","header-below-stick-meta":""},"product_brand":[],"product_cat":[63],"product_tag":[],"class_list":{"0":"post-1271","1":"product","2":"type-product","3":"status-publish","4":"has-post-thumbnail","6":"product_cat-caj-organik","8":"first","9":"instock","10":"shipping-taxable","11":"purchasable","12":"product-type-simple"},"_links":{"self":[{"href":"https:\/\/www.secretsofnatureltd.com\/al\/wp-json\/wp\/v2\/product\/1271","targetHints":{"allow":["GET"]}}],"collection":[{"href":"https:\/\/www.secretsofnatureltd.com\/al\/wp-json\/wp\/v2\/product"}],"about":[{"href":"https:\/\/www.secretsofnatureltd.com\/al\/wp-json\/wp\/v2\/types\/product"}],"replies":[{"embeddable":true,"href":"https:\/\/www.secretsofnatureltd.com\/al\/wp-json\/wp\/v2\/comments?post=1271"}],"wp:featuredmedia":[{"embeddable":true,"href":"https:\/\/www.secretsofnatureltd.com\/al\/wp-json\/wp\/v2\/media\/1272"}],"wp:attachment":[{"href":"https:\/\/www.secretsofnatureltd.com\/al\/wp-json\/wp\/v2\/media?parent=1271"}],"wp:term":[{"taxonomy":"product_brand","embeddable":true,"href":"https:\/\/www.secretsofnatureltd.com\/al\/wp-json\/wp\/v2\/product_brand?post=1271"},{"taxonomy":"product_cat","embeddable":true,"href":"https:\/\/www.secretsofnatureltd.com\/al\/wp-json\/wp\/v2\/product_cat?post=1271"},{"taxonomy":"product_tag","embeddable":true,"href":"https:\/\/www.secretsofnatureltd.com\/al\/wp-json\/wp\/v2\/product_tag?post=1271"}],"curies":[{"name":"wp","href":"https:\/\/api.w.org\/{rel}","templated":true}]}}