{"id":1267,"date":"2022-02-02T03:18:25","date_gmt":"2022-02-02T03:18:25","guid":{"rendered":"https:\/\/www.secretsofnatureltd.com\/sq\/?post_type=product&#038;p=1267"},"modified":"2025-04-08T08:44:07","modified_gmt":"2025-04-08T08:44:07","slug":"caj-xhinxher-limon","status":"publish","type":"product","link":"https:\/\/www.secretsofnatureltd.com\/al\/product\/caj-xhinxher-limon\/","title":{"rendered":"\u00e7aj xhinxher limon"},"content":{"rendered":"<p>Si do ta p\u00ebrshkruanim shijen e k\u00ebtij \u00e7aji? I ngroht\u00eb dhe freskues. Kombinimi i xhenxhefilit pikant dhe limoni, t\u00eb dyja do t\u00eb ndezin muskujt tuaj t\u00eb t\u00eb qeshurit \u2013 n\u00eb fund t\u00eb fundit, pikante t\u00eb b\u00ebn t\u00eb lumtur dhe t\u00eb thart\u00eb t\u00eb arg\u00ebton. P\u00ebrzierja shkon mir\u00eb me kuzhin\u00ebn aziatike dhe at\u00eb orientale.<\/p>\n","protected":false},"excerpt":{"rendered":"<p>Si do ta p\u00ebrshkruanim shijen e k\u00ebtij \u00e7aji? I ngroht\u00eb dhe freskues. Kombinimi i xhenxhefilit pikant dhe limoni, t\u00eb dyja do t\u00eb ndezin muskujt tuaj t\u00eb t\u00eb qeshurit \u2013 n\u00eb fund t\u00eb fundit, pikante t\u00eb b\u00ebn t\u00eb lumtur dhe t\u00eb thart\u00eb t\u00eb arg\u00ebton. P\u00ebrzierja shkon mir\u00eb me kuzhin\u00ebn aziatike dhe at\u00eb orientale.<\/p>\n","protected":false},"featured_media":1268,"comment_status":"open","ping_status":"closed","template":"","meta":{"site-sidebar-layout":"default","site-content-layout":"default","ast-main-header-display":"","ast-hfb-above-header-display":"","ast-hfb-below-header-display":"","ast-hfb-mobile-header-display":"","site-post-title":"","ast-breadcrumbs-content":"","ast-featured-img":"","footer-sml-layout":"","theme-transparent-header-meta":"default","adv-header-id-meta":"","stick-header-meta":"","header-above-stick-meta":"","header-main-stick-meta":"","header-below-stick-meta":""},"product_brand":[],"product_cat":[63],"product_tag":[],"class_list":{"0":"post-1267","1":"product","2":"type-product","3":"status-publish","4":"has-post-thumbnail","6":"product_cat-caj-organik","8":"first","9":"instock","10":"shipping-taxable","11":"purchasable","12":"product-type-simple"},"_links":{"self":[{"href":"https:\/\/www.secretsofnatureltd.com\/al\/wp-json\/wp\/v2\/product\/1267","targetHints":{"allow":["GET"]}}],"collection":[{"href":"https:\/\/www.secretsofnatureltd.com\/al\/wp-json\/wp\/v2\/product"}],"about":[{"href":"https:\/\/www.secretsofnatureltd.com\/al\/wp-json\/wp\/v2\/types\/product"}],"replies":[{"embeddable":true,"href":"https:\/\/www.secretsofnatureltd.com\/al\/wp-json\/wp\/v2\/comments?post=1267"}],"wp:featuredmedia":[{"embeddable":true,"href":"https:\/\/www.secretsofnatureltd.com\/al\/wp-json\/wp\/v2\/media\/1268"}],"wp:attachment":[{"href":"https:\/\/www.secretsofnatureltd.com\/al\/wp-json\/wp\/v2\/media?parent=1267"}],"wp:term":[{"taxonomy":"product_brand","embeddable":true,"href":"https:\/\/www.secretsofnatureltd.com\/al\/wp-json\/wp\/v2\/product_brand?post=1267"},{"taxonomy":"product_cat","embeddable":true,"href":"https:\/\/www.secretsofnatureltd.com\/al\/wp-json\/wp\/v2\/product_cat?post=1267"},{"taxonomy":"product_tag","embeddable":true,"href":"https:\/\/www.secretsofnatureltd.com\/al\/wp-json\/wp\/v2\/product_tag?post=1267"}],"curies":[{"name":"wp","href":"https:\/\/api.w.org\/{rel}","templated":true}]}}