{"id":1265,"date":"2022-02-02T03:13:39","date_gmt":"2022-02-02T03:13:39","guid":{"rendered":"https:\/\/www.secretsofnatureltd.com\/sq\/?post_type=product&#038;p=1265"},"modified":"2025-04-08T08:44:07","modified_gmt":"2025-04-08T08:44:07","slug":"caj-mente-50gr","status":"publish","type":"product","link":"https:\/\/www.secretsofnatureltd.com\/al\/product\/caj-mente-50gr\/","title":{"rendered":"\u00e7aj mente (50gr)"},"content":{"rendered":"<p>\u00e7aji mente e b\u00ebn m\u00eb t\u00eb leht\u00eb ngr\u00ebnien e r\u00ebnd\u00eb, pastron kok\u00ebn dhe ofron freskim. Provojeni me nj\u00eb tort\u00eb me \u00e7okollat\u00eb, do t\u00eb mahniteni.<\/p>\n","protected":false},"excerpt":{"rendered":"<p>\u00e7aji mente e b\u00ebn m\u00eb t\u00eb leht\u00eb ngr\u00ebnien e r\u00ebnd\u00eb, pastron kok\u00ebn dhe ofron freskim. Provojeni me nj\u00eb tort\u00eb me \u00e7okollat\u00eb, do t\u00eb mahniteni.<\/p>\n","protected":false},"featured_media":1266,"comment_status":"open","ping_status":"closed","template":"","meta":{"site-sidebar-layout":"default","site-content-layout":"default","ast-main-header-display":"","ast-hfb-above-header-display":"","ast-hfb-below-header-display":"","ast-hfb-mobile-header-display":"","site-post-title":"","ast-breadcrumbs-content":"","ast-featured-img":"","footer-sml-layout":"","theme-transparent-header-meta":"default","adv-header-id-meta":"","stick-header-meta":"","header-above-stick-meta":"","header-main-stick-meta":"","header-below-stick-meta":""},"product_brand":[],"product_cat":[63],"product_tag":[],"class_list":{"0":"post-1265","1":"product","2":"type-product","3":"status-publish","4":"has-post-thumbnail","6":"product_cat-caj-organik","8":"first","9":"instock","10":"shipping-taxable","11":"purchasable","12":"product-type-simple"},"_links":{"self":[{"href":"https:\/\/www.secretsofnatureltd.com\/al\/wp-json\/wp\/v2\/product\/1265","targetHints":{"allow":["GET"]}}],"collection":[{"href":"https:\/\/www.secretsofnatureltd.com\/al\/wp-json\/wp\/v2\/product"}],"about":[{"href":"https:\/\/www.secretsofnatureltd.com\/al\/wp-json\/wp\/v2\/types\/product"}],"replies":[{"embeddable":true,"href":"https:\/\/www.secretsofnatureltd.com\/al\/wp-json\/wp\/v2\/comments?post=1265"}],"wp:featuredmedia":[{"embeddable":true,"href":"https:\/\/www.secretsofnatureltd.com\/al\/wp-json\/wp\/v2\/media\/1266"}],"wp:attachment":[{"href":"https:\/\/www.secretsofnatureltd.com\/al\/wp-json\/wp\/v2\/media?parent=1265"}],"wp:term":[{"taxonomy":"product_brand","embeddable":true,"href":"https:\/\/www.secretsofnatureltd.com\/al\/wp-json\/wp\/v2\/product_brand?post=1265"},{"taxonomy":"product_cat","embeddable":true,"href":"https:\/\/www.secretsofnatureltd.com\/al\/wp-json\/wp\/v2\/product_cat?post=1265"},{"taxonomy":"product_tag","embeddable":true,"href":"https:\/\/www.secretsofnatureltd.com\/al\/wp-json\/wp\/v2\/product_tag?post=1265"}],"curies":[{"name":"wp","href":"https:\/\/api.w.org\/{rel}","templated":true}]}}