{"id":1261,"date":"2022-02-02T03:08:49","date_gmt":"2022-02-02T03:08:49","guid":{"rendered":"https:\/\/www.secretsofnatureltd.com\/sq\/?post_type=product&#038;p=1261"},"modified":"2025-04-08T08:44:07","modified_gmt":"2025-04-08T08:44:07","slug":"caj-lyleshtrydhe-100gr","status":"publish","type":"product","link":"https:\/\/www.secretsofnatureltd.com\/al\/product\/caj-lyleshtrydhe-100gr\/","title":{"rendered":"\u00e7aj lyleshtrydhe (100gr)"},"content":{"rendered":"<p>E mbani mend akoma? Luleshtrydhet e egra n\u00eb f\u00ebmij\u00ebrin\u00eb tuaj? Ky \u00e7aj ju sjell shijen e shijshme n\u00eb filxhan. \u00c7aji shk\u00eblqen n\u00eb nj\u00eb ngjyr\u00eb t\u00eb kuqe vishnje intensive dhe ka er\u00eb frutash dhe luleshtrydhe me nj\u00eb nuanc\u00eb delikate vanilje. P\u00ebrsa i p\u00ebrket shijes, mbizot\u00ebron luleshtrydhja, e cila plot\u00ebsohet nga nj\u00eb aciditet k\u00ebndsh\u00ebm i leht\u00eb. \u00cbsht\u00eb gjithashtu nj\u00eb p\u00ebrvoj\u00eb kur pihet i ftoht\u00eb. Shijojeni!<\/p>\n","protected":false},"excerpt":{"rendered":"<p>E mbani mend akoma? Luleshtrydhet e egra n\u00eb f\u00ebmij\u00ebrin\u00eb tuaj? Ky \u00e7aj ju sjell shijen e shijshme n\u00eb filxhan. \u00c7aji shk\u00eblqen n\u00eb nj\u00eb ngjyr\u00eb t\u00eb kuqe vishnje intensive dhe ka er\u00eb frutash dhe luleshtrydhe me nj\u00eb nuanc\u00eb delikate vanilje. P\u00ebrsa i p\u00ebrket shijes, mbizot\u00ebron luleshtrydhja, e cila plot\u00ebsohet nga nj\u00eb aciditet k\u00ebndsh\u00ebm i leht\u00eb. \u00cbsht\u00eb &hellip;<\/p>\n<p class=\"read-more\"> <a class=\"\" href=\"https:\/\/www.secretsofnatureltd.com\/al\/product\/caj-lyleshtrydhe-100gr\/\"> <span class=\"screen-reader-text\">\u00e7aj lyleshtrydhe (100gr)<\/span> Read More &raquo;<\/a><\/p>\n","protected":false},"featured_media":1262,"comment_status":"open","ping_status":"closed","template":"","meta":{"site-sidebar-layout":"default","site-content-layout":"default","ast-main-header-display":"","ast-hfb-above-header-display":"","ast-hfb-below-header-display":"","ast-hfb-mobile-header-display":"","site-post-title":"","ast-breadcrumbs-content":"","ast-featured-img":"","footer-sml-layout":"","theme-transparent-header-meta":"default","adv-header-id-meta":"","stick-header-meta":"","header-above-stick-meta":"","header-main-stick-meta":"","header-below-stick-meta":""},"product_brand":[],"product_cat":[63],"product_tag":[],"class_list":{"0":"post-1261","1":"product","2":"type-product","3":"status-publish","4":"has-post-thumbnail","6":"product_cat-caj-organik","8":"first","9":"instock","10":"shipping-taxable","11":"purchasable","12":"product-type-simple"},"_links":{"self":[{"href":"https:\/\/www.secretsofnatureltd.com\/al\/wp-json\/wp\/v2\/product\/1261","targetHints":{"allow":["GET"]}}],"collection":[{"href":"https:\/\/www.secretsofnatureltd.com\/al\/wp-json\/wp\/v2\/product"}],"about":[{"href":"https:\/\/www.secretsofnatureltd.com\/al\/wp-json\/wp\/v2\/types\/product"}],"replies":[{"embeddable":true,"href":"https:\/\/www.secretsofnatureltd.com\/al\/wp-json\/wp\/v2\/comments?post=1261"}],"wp:featuredmedia":[{"embeddable":true,"href":"https:\/\/www.secretsofnatureltd.com\/al\/wp-json\/wp\/v2\/media\/1262"}],"wp:attachment":[{"href":"https:\/\/www.secretsofnatureltd.com\/al\/wp-json\/wp\/v2\/media?parent=1261"}],"wp:term":[{"taxonomy":"product_brand","embeddable":true,"href":"https:\/\/www.secretsofnatureltd.com\/al\/wp-json\/wp\/v2\/product_brand?post=1261"},{"taxonomy":"product_cat","embeddable":true,"href":"https:\/\/www.secretsofnatureltd.com\/al\/wp-json\/wp\/v2\/product_cat?post=1261"},{"taxonomy":"product_tag","embeddable":true,"href":"https:\/\/www.secretsofnatureltd.com\/al\/wp-json\/wp\/v2\/product_tag?post=1261"}],"curies":[{"name":"wp","href":"https:\/\/api.w.org\/{rel}","templated":true}]}}