{"id":1257,"date":"2022-02-02T03:02:50","date_gmt":"2022-02-02T03:02:50","guid":{"rendered":"https:\/\/www.secretsofnatureltd.com\/sq\/?post_type=product&#038;p=1257"},"modified":"2025-04-08T08:44:06","modified_gmt":"2025-04-08T08:44:06","slug":"caj-kamomili-50gr","status":"publish","type":"product","link":"https:\/\/www.secretsofnatureltd.com\/al\/product\/caj-kamomili-50gr\/","title":{"rendered":"\u00e7aj kamomili (50gr)"},"content":{"rendered":"<p>Lulja e vog\u00ebl e \u00ebmb\u00ebl \u00ebsht\u00eb ve\u00e7an\u00ebrisht e gjithanshme n\u00eb aplikimin e saj. I shijuar me mjalt\u00eb dhe limon, \u00e7aji i kamomilit \u00ebsht\u00eb nj\u00eb klasik n\u00eb stin\u00ebn e ftoht\u00eb. Ka arsye t\u00eb mira pse kamomili njihet edhe si bari i dashuris\u00eb (n\u00ebn\u00ebs). Bima e diellit \u00ebsht\u00eb nj\u00eb barishte universale me shum\u00eb veti t\u00eb mrekullueshme q\u00eb n\u00ebnat dhe gjyshet n\u00eb ve\u00e7anti p\u00eblqejn\u00eb t&#8217;u dhurojn\u00eb njer\u00ebzve t\u00eb tyre t\u00eb dashur.<\/p>\n","protected":false},"excerpt":{"rendered":"<p>Lulja e vog\u00ebl e \u00ebmb\u00ebl \u00ebsht\u00eb ve\u00e7an\u00ebrisht e gjithanshme n\u00eb aplikimin e saj. I shijuar me mjalt\u00eb dhe limon, \u00e7aji i kamomilit \u00ebsht\u00eb nj\u00eb klasik n\u00eb stin\u00ebn e ftoht\u00eb. Ka arsye t\u00eb mira pse kamomili njihet edhe si bari i dashuris\u00eb (n\u00ebn\u00ebs). Bima e diellit \u00ebsht\u00eb nj\u00eb barishte universale me shum\u00eb veti t\u00eb mrekullueshme q\u00eb &hellip;<\/p>\n<p class=\"read-more\"> <a class=\"\" href=\"https:\/\/www.secretsofnatureltd.com\/al\/product\/caj-kamomili-50gr\/\"> <span class=\"screen-reader-text\">\u00e7aj kamomili (50gr)<\/span> Read More &raquo;<\/a><\/p>\n","protected":false},"featured_media":1258,"comment_status":"open","ping_status":"closed","template":"","meta":{"site-sidebar-layout":"default","site-content-layout":"default","ast-main-header-display":"","ast-hfb-above-header-display":"","ast-hfb-below-header-display":"","ast-hfb-mobile-header-display":"","site-post-title":"","ast-breadcrumbs-content":"","ast-featured-img":"","footer-sml-layout":"","theme-transparent-header-meta":"default","adv-header-id-meta":"","stick-header-meta":"","header-above-stick-meta":"","header-main-stick-meta":"","header-below-stick-meta":""},"product_brand":[],"product_cat":[63],"product_tag":[],"class_list":{"0":"post-1257","1":"product","2":"type-product","3":"status-publish","4":"has-post-thumbnail","6":"product_cat-caj-organik","8":"first","9":"instock","10":"shipping-taxable","11":"purchasable","12":"product-type-simple"},"_links":{"self":[{"href":"https:\/\/www.secretsofnatureltd.com\/al\/wp-json\/wp\/v2\/product\/1257","targetHints":{"allow":["GET"]}}],"collection":[{"href":"https:\/\/www.secretsofnatureltd.com\/al\/wp-json\/wp\/v2\/product"}],"about":[{"href":"https:\/\/www.secretsofnatureltd.com\/al\/wp-json\/wp\/v2\/types\/product"}],"replies":[{"embeddable":true,"href":"https:\/\/www.secretsofnatureltd.com\/al\/wp-json\/wp\/v2\/comments?post=1257"}],"wp:featuredmedia":[{"embeddable":true,"href":"https:\/\/www.secretsofnatureltd.com\/al\/wp-json\/wp\/v2\/media\/1258"}],"wp:attachment":[{"href":"https:\/\/www.secretsofnatureltd.com\/al\/wp-json\/wp\/v2\/media?parent=1257"}],"wp:term":[{"taxonomy":"product_brand","embeddable":true,"href":"https:\/\/www.secretsofnatureltd.com\/al\/wp-json\/wp\/v2\/product_brand?post=1257"},{"taxonomy":"product_cat","embeddable":true,"href":"https:\/\/www.secretsofnatureltd.com\/al\/wp-json\/wp\/v2\/product_cat?post=1257"},{"taxonomy":"product_tag","embeddable":true,"href":"https:\/\/www.secretsofnatureltd.com\/al\/wp-json\/wp\/v2\/product_tag?post=1257"}],"curies":[{"name":"wp","href":"https:\/\/api.w.org\/{rel}","templated":true}]}}