{"id":1251,"date":"2022-02-02T02:54:17","date_gmt":"2022-02-02T02:54:17","guid":{"rendered":"https:\/\/www.secretsofnatureltd.com\/sq\/?post_type=product&#038;p=1251"},"modified":"2025-04-08T08:44:06","modified_gmt":"2025-04-08T08:44:06","slug":"caj-fruit-delight-me-bustina","status":"publish","type":"product","link":"https:\/\/www.secretsofnatureltd.com\/al\/product\/caj-fruit-delight-me-bustina\/","title":{"rendered":"\u00e7aj fruit delight (me bustina)"},"content":{"rendered":"<p>A ju p\u00eblqen m\u00eb shum\u00eb \u00e7aji i kuq? At\u00ebher\u00eb keni gjetur t\u00eb duhurin. Ky \u00e7aj shfaqet n\u00eb filxhan n\u00eb nj\u00eb ngjyr\u00eb t\u00eb kuqe t\u00eb pasur, ka er\u00eb manaferrash t\u00eb pjekura, shija mbizot\u00ebron nga nj\u00eb p\u00ebrzierje frutash. \u00c7aji \u00ebsht\u00eb nj\u00eb baz\u00eb e mrekullueshme p\u00ebr tartat e frutave dhe \u00ebsht\u00eb nj\u00eb plot\u00ebsues i k\u00ebndsh\u00ebm i kuzhin\u00ebs p\u00ebr strudelin.<\/p>\n","protected":false},"excerpt":{"rendered":"<p>A ju p\u00eblqen m\u00eb shum\u00eb \u00e7aji i kuq? At\u00ebher\u00eb keni gjetur t\u00eb duhurin. Ky \u00e7aj shfaqet n\u00eb filxhan n\u00eb nj\u00eb ngjyr\u00eb t\u00eb kuqe t\u00eb pasur, ka er\u00eb manaferrash t\u00eb pjekura, shija mbizot\u00ebron nga nj\u00eb p\u00ebrzierje frutash. \u00c7aji \u00ebsht\u00eb nj\u00eb baz\u00eb e mrekullueshme p\u00ebr tartat e frutave dhe \u00ebsht\u00eb nj\u00eb plot\u00ebsues i k\u00ebndsh\u00ebm i kuzhin\u00ebs p\u00ebr &hellip;<\/p>\n<p class=\"read-more\"> <a class=\"\" href=\"https:\/\/www.secretsofnatureltd.com\/al\/product\/caj-fruit-delight-me-bustina\/\"> <span class=\"screen-reader-text\">\u00e7aj fruit delight (me bustina)<\/span> Read More &raquo;<\/a><\/p>\n","protected":false},"featured_media":1252,"comment_status":"open","ping_status":"closed","template":"","meta":{"site-sidebar-layout":"default","site-content-layout":"default","ast-main-header-display":"","ast-hfb-above-header-display":"","ast-hfb-below-header-display":"","ast-hfb-mobile-header-display":"","site-post-title":"","ast-breadcrumbs-content":"","ast-featured-img":"","footer-sml-layout":"","theme-transparent-header-meta":"default","adv-header-id-meta":"","stick-header-meta":"","header-above-stick-meta":"","header-main-stick-meta":"","header-below-stick-meta":""},"product_brand":[],"product_cat":[63],"product_tag":[],"class_list":{"0":"post-1251","1":"product","2":"type-product","3":"status-publish","4":"has-post-thumbnail","6":"product_cat-caj-organik","8":"first","9":"instock","10":"shipping-taxable","11":"purchasable","12":"product-type-simple"},"_links":{"self":[{"href":"https:\/\/www.secretsofnatureltd.com\/al\/wp-json\/wp\/v2\/product\/1251","targetHints":{"allow":["GET"]}}],"collection":[{"href":"https:\/\/www.secretsofnatureltd.com\/al\/wp-json\/wp\/v2\/product"}],"about":[{"href":"https:\/\/www.secretsofnatureltd.com\/al\/wp-json\/wp\/v2\/types\/product"}],"replies":[{"embeddable":true,"href":"https:\/\/www.secretsofnatureltd.com\/al\/wp-json\/wp\/v2\/comments?post=1251"}],"wp:featuredmedia":[{"embeddable":true,"href":"https:\/\/www.secretsofnatureltd.com\/al\/wp-json\/wp\/v2\/media\/1252"}],"wp:attachment":[{"href":"https:\/\/www.secretsofnatureltd.com\/al\/wp-json\/wp\/v2\/media?parent=1251"}],"wp:term":[{"taxonomy":"product_brand","embeddable":true,"href":"https:\/\/www.secretsofnatureltd.com\/al\/wp-json\/wp\/v2\/product_brand?post=1251"},{"taxonomy":"product_cat","embeddable":true,"href":"https:\/\/www.secretsofnatureltd.com\/al\/wp-json\/wp\/v2\/product_cat?post=1251"},{"taxonomy":"product_tag","embeddable":true,"href":"https:\/\/www.secretsofnatureltd.com\/al\/wp-json\/wp\/v2\/product_tag?post=1251"}],"curies":[{"name":"wp","href":"https:\/\/api.w.org\/{rel}","templated":true}]}}