{"id":1249,"date":"2022-02-02T02:49:59","date_gmt":"2022-02-02T02:49:59","guid":{"rendered":"https:\/\/www.secretsofnatureltd.com\/sq\/?post_type=product&#038;p=1249"},"modified":"2025-04-08T08:44:06","modified_gmt":"2025-04-08T08:44:06","slug":"caj-earl-grey-90gr","status":"publish","type":"product","link":"https:\/\/www.secretsofnatureltd.com\/al\/product\/caj-earl-grey-90gr\/","title":{"rendered":"\u00e7aj earl grey (90gr)"},"content":{"rendered":"<p>Shum\u00eb britanik! Bergamot-portokalli fisnik i kombinuar me \u00e7ajin m\u00eb t\u00eb mir\u00eb t\u00eb zi jan\u00eb p\u00ebrb\u00ebr\u00ebsit e k\u00ebtij \u00e7aji klasik. Pija elegante b\u00ebn p\u00ebrshtypje me ngjyr\u00ebn e saj rrezatuese t\u00eb qelibarit dhe arom\u00ebn e saj lule-frute, e cila reflektohet edhe n\u00eb shije. Shkon mrekullisht me \u00ebmb\u00eblsira dhe biskota t\u00eb bukura. Nj\u00eb digjestiv i shk\u00eblqyer q\u00eb mund t\u00eb sh\u00ebrbehet edhe me pak qum\u00ebsht me nj\u00eb \u00ebmb\u00eblsir\u00eb me \u00e7okollat\u00eb.<\/p>\n","protected":false},"excerpt":{"rendered":"<p>Shum\u00eb britanik! Bergamot-portokalli fisnik i kombinuar me \u00e7ajin m\u00eb t\u00eb mir\u00eb t\u00eb zi jan\u00eb p\u00ebrb\u00ebr\u00ebsit e k\u00ebtij \u00e7aji klasik. Pija elegante b\u00ebn p\u00ebrshtypje me ngjyr\u00ebn e saj rrezatuese t\u00eb qelibarit dhe arom\u00ebn e saj lule-frute, e cila reflektohet edhe n\u00eb shije. Shkon mrekullisht me \u00ebmb\u00eblsira dhe biskota t\u00eb bukura. Nj\u00eb digjestiv i shk\u00eblqyer q\u00eb mund &hellip;<\/p>\n<p class=\"read-more\"> <a class=\"\" href=\"https:\/\/www.secretsofnatureltd.com\/al\/product\/caj-earl-grey-90gr\/\"> <span class=\"screen-reader-text\">\u00e7aj earl grey (90gr)<\/span> Read More &raquo;<\/a><\/p>\n","protected":false},"featured_media":1250,"comment_status":"open","ping_status":"closed","template":"","meta":{"site-sidebar-layout":"default","site-content-layout":"default","ast-main-header-display":"","ast-hfb-above-header-display":"","ast-hfb-below-header-display":"","ast-hfb-mobile-header-display":"","site-post-title":"","ast-breadcrumbs-content":"","ast-featured-img":"","footer-sml-layout":"","theme-transparent-header-meta":"default","adv-header-id-meta":"","stick-header-meta":"","header-above-stick-meta":"","header-main-stick-meta":"","header-below-stick-meta":""},"product_brand":[],"product_cat":[63],"product_tag":[],"class_list":{"0":"post-1249","1":"product","2":"type-product","3":"status-publish","4":"has-post-thumbnail","6":"product_cat-caj-organik","8":"first","9":"instock","10":"shipping-taxable","11":"purchasable","12":"product-type-simple"},"_links":{"self":[{"href":"https:\/\/www.secretsofnatureltd.com\/al\/wp-json\/wp\/v2\/product\/1249","targetHints":{"allow":["GET"]}}],"collection":[{"href":"https:\/\/www.secretsofnatureltd.com\/al\/wp-json\/wp\/v2\/product"}],"about":[{"href":"https:\/\/www.secretsofnatureltd.com\/al\/wp-json\/wp\/v2\/types\/product"}],"replies":[{"embeddable":true,"href":"https:\/\/www.secretsofnatureltd.com\/al\/wp-json\/wp\/v2\/comments?post=1249"}],"wp:featuredmedia":[{"embeddable":true,"href":"https:\/\/www.secretsofnatureltd.com\/al\/wp-json\/wp\/v2\/media\/1250"}],"wp:attachment":[{"href":"https:\/\/www.secretsofnatureltd.com\/al\/wp-json\/wp\/v2\/media?parent=1249"}],"wp:term":[{"taxonomy":"product_brand","embeddable":true,"href":"https:\/\/www.secretsofnatureltd.com\/al\/wp-json\/wp\/v2\/product_brand?post=1249"},{"taxonomy":"product_cat","embeddable":true,"href":"https:\/\/www.secretsofnatureltd.com\/al\/wp-json\/wp\/v2\/product_cat?post=1249"},{"taxonomy":"product_tag","embeddable":true,"href":"https:\/\/www.secretsofnatureltd.com\/al\/wp-json\/wp\/v2\/product_tag?post=1249"}],"curies":[{"name":"wp","href":"https:\/\/api.w.org\/{rel}","templated":true}]}}