{"id":1158,"date":"2022-01-27T16:05:24","date_gmt":"2022-01-27T16:05:24","guid":{"rendered":"https:\/\/www.secretsofnatureltd.com\/sq\/?post_type=product&#038;p=1158"},"modified":"2025-04-08T08:44:06","modified_gmt":"2025-04-08T08:44:06","slug":"argjile-e-bardhe-2","status":"publish","type":"product","link":"https:\/\/www.secretsofnatureltd.com\/al\/product\/argjile-e-bardhe-2\/","title":{"rendered":"ARGJILE E BARDHE"},"content":{"rendered":"<p>Argjila e bardh\u00eb \u00ebsht\u00eb nj\u00eb mund\u00ebsi e shk\u00eblqyeshme p\u00ebr pothuajse t\u00eb gjitha llojet e l\u00ebkur\u00ebs, duke punuar v\u00ebrtet mir\u00eb p\u00ebr llojet normale t\u00eb l\u00ebkur\u00ebs (l\u00ebkura q\u00eb nuk \u00ebsht\u00eb as me vaj as e that\u00eb), si dhe p\u00ebr l\u00ebkur\u00ebn e that\u00eb. Argjila e bardh\u00eb funksionon si nj\u00eb eksfoliant shum\u00eb i but\u00eb, duke hequr but\u00ebsisht qelizat e vdekura dhe t\u00eb thata t\u00eb l\u00ebkur\u00ebs p\u00ebr t\u2019ju l\u00ebn\u00eb nj\u00eb ndjesi t\u00eb\u00a0 but\u00eb fytyr\u00eb me shk\u00eblqim natyral si dhe duke zvog\u00ebluar madh\u00ebsin\u00eb e poreve tuaja. Ajo gjithashtu punon p\u00ebr t\u00eb t\u00ebrhequr shum\u00eb but\u00ebsisht papast\u00ebrtin\u00eb, vajin dhe grimin nga thell\u00ebsia brenda poreve.<\/p>\n","protected":false},"excerpt":{"rendered":"<p>Argjila e bardh\u00eb \u00ebsht\u00eb nj\u00eb mund\u00ebsi e shk\u00eblqyeshme p\u00ebr pothuajse t\u00eb gjitha llojet e l\u00ebkur\u00ebs, duke punuar v\u00ebrtet mir\u00eb p\u00ebr llojet normale t\u00eb l\u00ebkur\u00ebs (l\u00ebkura q\u00eb nuk \u00ebsht\u00eb as me vaj as e that\u00eb), si dhe p\u00ebr l\u00ebkur\u00ebn e that\u00eb. Argjila e bardh\u00eb funksionon si nj\u00eb eksfoliant shum\u00eb i but\u00eb, duke hequr but\u00ebsisht qelizat e &hellip;<\/p>\n<p class=\"read-more\"> <a class=\"\" href=\"https:\/\/www.secretsofnatureltd.com\/al\/product\/argjile-e-bardhe-2\/\"> <span class=\"screen-reader-text\">ARGJILE E BARDHE<\/span> Read More &raquo;<\/a><\/p>\n","protected":false},"featured_media":1159,"comment_status":"open","ping_status":"closed","template":"","meta":{"site-sidebar-layout":"default","site-content-layout":"default","ast-main-header-display":"","ast-hfb-above-header-display":"","ast-hfb-below-header-display":"","ast-hfb-mobile-header-display":"","site-post-title":"","ast-breadcrumbs-content":"","ast-featured-img":"","footer-sml-layout":"","theme-transparent-header-meta":"default","adv-header-id-meta":"","stick-header-meta":"","header-above-stick-meta":"","header-main-stick-meta":"","header-below-stick-meta":""},"product_brand":[],"product_cat":[72,36],"product_tag":[],"class_list":{"0":"post-1158","1":"product","2":"type-product","3":"status-publish","4":"has-post-thumbnail","6":"product_cat-argjil","7":"product_cat-fytyra","9":"first","10":"outofstock","11":"shipping-taxable","12":"purchasable","13":"product-type-simple"},"_links":{"self":[{"href":"https:\/\/www.secretsofnatureltd.com\/al\/wp-json\/wp\/v2\/product\/1158","targetHints":{"allow":["GET"]}}],"collection":[{"href":"https:\/\/www.secretsofnatureltd.com\/al\/wp-json\/wp\/v2\/product"}],"about":[{"href":"https:\/\/www.secretsofnatureltd.com\/al\/wp-json\/wp\/v2\/types\/product"}],"replies":[{"embeddable":true,"href":"https:\/\/www.secretsofnatureltd.com\/al\/wp-json\/wp\/v2\/comments?post=1158"}],"wp:featuredmedia":[{"embeddable":true,"href":"https:\/\/www.secretsofnatureltd.com\/al\/wp-json\/wp\/v2\/media\/1159"}],"wp:attachment":[{"href":"https:\/\/www.secretsofnatureltd.com\/al\/wp-json\/wp\/v2\/media?parent=1158"}],"wp:term":[{"taxonomy":"product_brand","embeddable":true,"href":"https:\/\/www.secretsofnatureltd.com\/al\/wp-json\/wp\/v2\/product_brand?post=1158"},{"taxonomy":"product_cat","embeddable":true,"href":"https:\/\/www.secretsofnatureltd.com\/al\/wp-json\/wp\/v2\/product_cat?post=1158"},{"taxonomy":"product_tag","embeddable":true,"href":"https:\/\/www.secretsofnatureltd.com\/al\/wp-json\/wp\/v2\/product_tag?post=1158"}],"curies":[{"name":"wp","href":"https:\/\/api.w.org\/{rel}","templated":true}]}}