{"id":1156,"date":"2022-01-27T16:03:01","date_gmt":"2022-01-27T16:03:01","guid":{"rendered":"https:\/\/www.secretsofnatureltd.com\/sq\/?post_type=product&#038;p=1156"},"modified":"2025-04-08T08:44:06","modified_gmt":"2025-04-08T08:44:06","slug":"argjile-e-bardhe","status":"publish","type":"product","link":"https:\/\/www.secretsofnatureltd.com\/al\/product\/argjile-e-bardhe\/","title":{"rendered":"ARGJILE E KUQE"},"content":{"rendered":"<p>Argjila e kuqe \u00ebsht\u00eb e p\u00ebrshtatshme p\u00ebr l\u00ebkurat e yndryshme pasi \u00ebsht\u00eb perfekte p\u00ebr balancimin e yndyr\u00ebs dhe sebumit. Disa nga benefitet q\u00eb kjo argjile mbart jan\u00eb reduktimi poreve t\u00eb m\u00ebdha, heqja e pikave te zeza, ndihmon n\u00eb largumin e akneve, zbardh njollat n\u00eb l\u00ebkur\u00eb gjithashtu i jep l\u00ebkur\u00ebs elasticitet dhe ndihmon n\u00eb qarkullimin e gjakut. Kjo\u00a0mask\u00eb do t\u2019ju jape l\u00ebkur\u00eb t\u00eb but\u00eb e t\u00eb shk\u00eblqyeshme.<\/p>\n","protected":false},"excerpt":{"rendered":"<p>Argjila e kuqe \u00ebsht\u00eb e p\u00ebrshtatshme p\u00ebr l\u00ebkurat e yndryshme pasi \u00ebsht\u00eb perfekte p\u00ebr balancimin e yndyr\u00ebs dhe sebumit. Disa nga benefitet q\u00eb kjo argjile mbart jan\u00eb reduktimi poreve t\u00eb m\u00ebdha, heqja e pikave te zeza, ndihmon n\u00eb largumin e akneve, zbardh njollat n\u00eb l\u00ebkur\u00eb gjithashtu i jep l\u00ebkur\u00ebs elasticitet dhe ndihmon n\u00eb qarkullimin e &hellip;<\/p>\n<p class=\"read-more\"> <a class=\"\" href=\"https:\/\/www.secretsofnatureltd.com\/al\/product\/argjile-e-bardhe\/\"> <span class=\"screen-reader-text\">ARGJILE E KUQE<\/span> Read More &raquo;<\/a><\/p>\n","protected":false},"featured_media":1157,"comment_status":"open","ping_status":"closed","template":"","meta":{"site-sidebar-layout":"default","site-content-layout":"default","ast-main-header-display":"","ast-hfb-above-header-display":"","ast-hfb-below-header-display":"","ast-hfb-mobile-header-display":"","site-post-title":"","ast-breadcrumbs-content":"","ast-featured-img":"","footer-sml-layout":"","theme-transparent-header-meta":"default","adv-header-id-meta":"","stick-header-meta":"","header-above-stick-meta":"","header-main-stick-meta":"","header-below-stick-meta":""},"product_brand":[],"product_cat":[72,36],"product_tag":[],"class_list":{"0":"post-1156","1":"product","2":"type-product","3":"status-publish","4":"has-post-thumbnail","6":"product_cat-argjil","7":"product_cat-fytyra","9":"first","10":"instock","11":"shipping-taxable","12":"purchasable","13":"product-type-simple"},"_links":{"self":[{"href":"https:\/\/www.secretsofnatureltd.com\/al\/wp-json\/wp\/v2\/product\/1156","targetHints":{"allow":["GET"]}}],"collection":[{"href":"https:\/\/www.secretsofnatureltd.com\/al\/wp-json\/wp\/v2\/product"}],"about":[{"href":"https:\/\/www.secretsofnatureltd.com\/al\/wp-json\/wp\/v2\/types\/product"}],"replies":[{"embeddable":true,"href":"https:\/\/www.secretsofnatureltd.com\/al\/wp-json\/wp\/v2\/comments?post=1156"}],"wp:featuredmedia":[{"embeddable":true,"href":"https:\/\/www.secretsofnatureltd.com\/al\/wp-json\/wp\/v2\/media\/1157"}],"wp:attachment":[{"href":"https:\/\/www.secretsofnatureltd.com\/al\/wp-json\/wp\/v2\/media?parent=1156"}],"wp:term":[{"taxonomy":"product_brand","embeddable":true,"href":"https:\/\/www.secretsofnatureltd.com\/al\/wp-json\/wp\/v2\/product_brand?post=1156"},{"taxonomy":"product_cat","embeddable":true,"href":"https:\/\/www.secretsofnatureltd.com\/al\/wp-json\/wp\/v2\/product_cat?post=1156"},{"taxonomy":"product_tag","embeddable":true,"href":"https:\/\/www.secretsofnatureltd.com\/al\/wp-json\/wp\/v2\/product_tag?post=1156"}],"curies":[{"name":"wp","href":"https:\/\/api.w.org\/{rel}","templated":true}]}}