{"id":1154,"date":"2022-01-27T16:00:24","date_gmt":"2022-01-27T16:00:24","guid":{"rendered":"https:\/\/www.secretsofnatureltd.com\/sq\/?post_type=product&#038;p=1154"},"modified":"2025-04-08T08:44:06","modified_gmt":"2025-04-08T08:44:06","slug":"argjile-jeshile","status":"publish","type":"product","link":"https:\/\/www.secretsofnatureltd.com\/al\/product\/argjile-jeshile\/","title":{"rendered":"ARGJILE JESHILE"},"content":{"rendered":"<p>P\u00ebr l\u00ebkurat e yndyrshme dhe l\u00ebkur\u00eb t\u00eb prirur ndaj akneve. Argjila jeshile \u00ebsht\u00eb ideal p\u00ebr rikthimin e ekuilibrit t\u00eb vajrave ne fytyr\u00ebn ton\u00eb. Ndihmon n\u00eb balancinin e yndyr\u00ebs s\u00eb tep\u00ebrt q\u00eb bllokojn\u00eb poret dhe \u00e7ojn\u00eb n\u00eb pu\u00e7rra dhe pap\u00ebrsosm\u00ebrit\u00eb, plus ajo dyfishohet si nj\u00eb pastrues i fuqish\u00ebm i thell\u00eb q\u00eb ndihmon n\u00eb balancimin e niveleve t\u00eb pH. Nj\u00eb nga cil\u00ebsit\u00eb q\u00eb ka kjo argjil\u00eb t\u00eb \u00ebsht\u00eb q\u00eb stimulon rigjenerimin e qelizave p\u00ebr t\u2019ju l\u00ebn\u00eb nj\u00eb shk\u00eblqim natyral<\/p>\n","protected":false},"excerpt":{"rendered":"<p>P\u00ebr l\u00ebkurat e yndyrshme dhe l\u00ebkur\u00eb t\u00eb prirur ndaj akneve. Argjila jeshile \u00ebsht\u00eb ideal p\u00ebr rikthimin e ekuilibrit t\u00eb vajrave ne fytyr\u00ebn ton\u00eb. Ndihmon n\u00eb balancinin e yndyr\u00ebs s\u00eb tep\u00ebrt q\u00eb bllokojn\u00eb poret dhe \u00e7ojn\u00eb n\u00eb pu\u00e7rra dhe pap\u00ebrsosm\u00ebrit\u00eb, plus ajo dyfishohet si nj\u00eb pastrues i fuqish\u00ebm i thell\u00eb q\u00eb ndihmon n\u00eb balancimin e niveleve &hellip;<\/p>\n<p class=\"read-more\"> <a class=\"\" href=\"https:\/\/www.secretsofnatureltd.com\/al\/product\/argjile-jeshile\/\"> <span class=\"screen-reader-text\">ARGJILE JESHILE<\/span> Read More &raquo;<\/a><\/p>\n","protected":false},"featured_media":1155,"comment_status":"open","ping_status":"closed","template":"","meta":{"site-sidebar-layout":"default","site-content-layout":"default","ast-main-header-display":"","ast-hfb-above-header-display":"","ast-hfb-below-header-display":"","ast-hfb-mobile-header-display":"","site-post-title":"","ast-breadcrumbs-content":"","ast-featured-img":"","footer-sml-layout":"","theme-transparent-header-meta":"default","adv-header-id-meta":"","stick-header-meta":"","header-above-stick-meta":"","header-main-stick-meta":"","header-below-stick-meta":""},"product_brand":[],"product_cat":[72,36],"product_tag":[],"class_list":{"0":"post-1154","1":"product","2":"type-product","3":"status-publish","4":"has-post-thumbnail","6":"product_cat-argjil","7":"product_cat-fytyra","9":"first","10":"instock","11":"shipping-taxable","12":"purchasable","13":"product-type-simple"},"_links":{"self":[{"href":"https:\/\/www.secretsofnatureltd.com\/al\/wp-json\/wp\/v2\/product\/1154","targetHints":{"allow":["GET"]}}],"collection":[{"href":"https:\/\/www.secretsofnatureltd.com\/al\/wp-json\/wp\/v2\/product"}],"about":[{"href":"https:\/\/www.secretsofnatureltd.com\/al\/wp-json\/wp\/v2\/types\/product"}],"replies":[{"embeddable":true,"href":"https:\/\/www.secretsofnatureltd.com\/al\/wp-json\/wp\/v2\/comments?post=1154"}],"wp:featuredmedia":[{"embeddable":true,"href":"https:\/\/www.secretsofnatureltd.com\/al\/wp-json\/wp\/v2\/media\/1155"}],"wp:attachment":[{"href":"https:\/\/www.secretsofnatureltd.com\/al\/wp-json\/wp\/v2\/media?parent=1154"}],"wp:term":[{"taxonomy":"product_brand","embeddable":true,"href":"https:\/\/www.secretsofnatureltd.com\/al\/wp-json\/wp\/v2\/product_brand?post=1154"},{"taxonomy":"product_cat","embeddable":true,"href":"https:\/\/www.secretsofnatureltd.com\/al\/wp-json\/wp\/v2\/product_cat?post=1154"},{"taxonomy":"product_tag","embeddable":true,"href":"https:\/\/www.secretsofnatureltd.com\/al\/wp-json\/wp\/v2\/product_tag?post=1154"}],"curies":[{"name":"wp","href":"https:\/\/api.w.org\/{rel}","templated":true}]}}