{"id":1152,"date":"2022-01-27T15:18:05","date_gmt":"2022-01-27T15:18:05","guid":{"rendered":"https:\/\/www.secretsofnatureltd.com\/sq\/?post_type=product&#038;p=1152"},"modified":"2025-04-08T08:44:06","modified_gmt":"2025-04-08T08:44:06","slug":"water-drop-bottle","status":"publish","type":"product","link":"https:\/\/www.secretsofnatureltd.com\/al\/product\/water-drop-bottle\/","title":{"rendered":"WATER DROP BOTTLE"},"content":{"rendered":"<ul>\n<li>&#8220;Shishja e ujit Greeneger \u00ebsht\u00eb krijuar p\u00ebr t\u00eb qen\u00eb &#8220;BFF&#8221; juaj<\/li>\n<li>Dizenjuar si pika e ujit dhe ngjyr\u00eb kafe e gjall\u00eb si oqean &#8211; Bie n\u00eb sy p\u00ebr t&#8217;ju kujtuar &#8220;Duhet t\u00eb jeni t\u00eb hidratuar!&#8221;<\/li>\n<li>500ml, \u00e7elik inox me dy mure &#8211; Izoluar termik q\u00eb mund ta mbani ujin tuaj t\u00eb ngroht\u00eb ose t\u00eb ftoht\u00eb p\u00ebr m\u00eb gjat\u00eb.<\/li>\n<li>Dorez\u00eb silikoni \u2013 E l\u00ebvizshme dhe e leht\u00eb p\u00ebr ta pasur me vete kudo q\u00eb t\u00eb shkoni.<\/li>\n<li>Dru i v\u00ebrtet\u00eb (i punuar me dor\u00eb) dhe BPA Pa pages\u00eb &#8211; Eko-miq\u00ebsore, kujdesi p\u00ebr mjedisin \u00ebsht\u00eb angazhimi yn\u00eb.<\/li>\n<li>Veshje kund\u00ebr g\u00ebrvishtjeve \u2013 duke siguruar pamjen krejt t\u00eb re p\u00ebr nj\u00eb koh\u00eb t\u00eb gjat\u00eb.<\/li>\n<li>Lahet me dor\u00eb.<\/li>\n<li>Merrni Greenager BFF tuaj, pini uj\u00eb n\u00eb heshtje dhe me vet\u00ebdije dhe ju premtojm\u00eb se uji do t\u00eb ket\u00eb shije t\u00eb ndryshme\u2026.<\/li>\n<\/ul>\n","protected":false},"excerpt":{"rendered":"<p>&#8220;Shishja e ujit Greeneger \u00ebsht\u00eb krijuar p\u00ebr t\u00eb qen\u00eb &#8220;BFF&#8221; juaj Dizenjuar si pika e ujit dhe ngjyr\u00eb kafe e gjall\u00eb si oqean &#8211; Bie n\u00eb sy p\u00ebr t&#8217;ju kujtuar &#8220;Duhet t\u00eb jeni t\u00eb hidratuar!&#8221; 500ml, \u00e7elik inox me dy mure &#8211; Izoluar termik q\u00eb mund ta mbani ujin tuaj t\u00eb ngroht\u00eb ose t\u00eb ftoht\u00eb &hellip;<\/p>\n<p class=\"read-more\"> <a class=\"\" href=\"https:\/\/www.secretsofnatureltd.com\/al\/product\/water-drop-bottle\/\"> <span class=\"screen-reader-text\">WATER DROP BOTTLE<\/span> Read More &raquo;<\/a><\/p>\n","protected":false},"featured_media":1205,"comment_status":"open","ping_status":"closed","template":"","meta":{"site-sidebar-layout":"default","site-content-layout":"default","ast-main-header-display":"","ast-hfb-above-header-display":"","ast-hfb-below-header-display":"","ast-hfb-mobile-header-display":"","site-post-title":"","ast-breadcrumbs-content":"","ast-featured-img":"","footer-sml-layout":"","theme-transparent-header-meta":"default","adv-header-id-meta":"","stick-header-meta":"","header-above-stick-meta":"","header-main-stick-meta":"","header-below-stick-meta":""},"product_brand":[],"product_cat":[43],"product_tag":[],"class_list":{"0":"post-1152","1":"product","2":"type-product","3":"status-publish","4":"has-post-thumbnail","6":"product_cat-greenager","8":"first","9":"instock","10":"sale","11":"shipping-taxable","12":"purchasable","13":"product-type-simple"},"_links":{"self":[{"href":"https:\/\/www.secretsofnatureltd.com\/al\/wp-json\/wp\/v2\/product\/1152","targetHints":{"allow":["GET"]}}],"collection":[{"href":"https:\/\/www.secretsofnatureltd.com\/al\/wp-json\/wp\/v2\/product"}],"about":[{"href":"https:\/\/www.secretsofnatureltd.com\/al\/wp-json\/wp\/v2\/types\/product"}],"replies":[{"embeddable":true,"href":"https:\/\/www.secretsofnatureltd.com\/al\/wp-json\/wp\/v2\/comments?post=1152"}],"wp:featuredmedia":[{"embeddable":true,"href":"https:\/\/www.secretsofnatureltd.com\/al\/wp-json\/wp\/v2\/media\/1205"}],"wp:attachment":[{"href":"https:\/\/www.secretsofnatureltd.com\/al\/wp-json\/wp\/v2\/media?parent=1152"}],"wp:term":[{"taxonomy":"product_brand","embeddable":true,"href":"https:\/\/www.secretsofnatureltd.com\/al\/wp-json\/wp\/v2\/product_brand?post=1152"},{"taxonomy":"product_cat","embeddable":true,"href":"https:\/\/www.secretsofnatureltd.com\/al\/wp-json\/wp\/v2\/product_cat?post=1152"},{"taxonomy":"product_tag","embeddable":true,"href":"https:\/\/www.secretsofnatureltd.com\/al\/wp-json\/wp\/v2\/product_tag?post=1152"}],"curies":[{"name":"wp","href":"https:\/\/api.w.org\/{rel}","templated":true}]}}