{"id":1145,"date":"2022-01-27T14:52:42","date_gmt":"2022-01-27T14:52:42","guid":{"rendered":"https:\/\/www.secretsofnatureltd.com\/sq\/?post_type=product&#038;p=1145"},"modified":"2025-04-08T08:44:06","modified_gmt":"2025-04-08T08:44:06","slug":"sfungjer-deti-per-trupin","status":"publish","type":"product","link":"https:\/\/www.secretsofnatureltd.com\/al\/product\/sfungjer-deti-per-trupin\/","title":{"rendered":"SFUNGJER DETI PER TRUPIN"},"content":{"rendered":"<p><em>Sfungjer Deti p\u00ebr Trupin<\/em>. Sistemi i nd\u00ebrlikuar i kanaleve q\u00eb p\u00ebrb\u00ebn struktur\u00ebn e nj\u00eb sfungjeri deti lejon q\u00eb ato t\u00eb lahet shpejt, leht\u00eb dhe plot\u00ebsisht. Kjo do t\u00eb thot\u00eb se ato nuk i mbajn\u00eb l\u00ebnd\u00ebt organike q\u00eb mund t\u00eb shkaktoj\u00eb er\u00ebra t\u00eb pak\u00ebndshme.<br \/>\nSfungjer\u00ebt natyral\u00eb krijojn\u00eb nj\u00eb shkum\u00eb t\u00eb pasur, jan\u00eb shum\u00eb absorbues dhe t\u00eb p\u00ebrshtatsh\u00ebm p\u00ebr l\u00ebkur\u00ebn e ndjeshme. P\u00ebr shkak se sfungjer\u00ebt e detit jan\u00eb kaq t\u00eb q\u00ebndruesh\u00ebm, ata jan\u00eb ideal\u00eb p\u00ebr dush dhe banj\u00eb.<\/p>\n<p><strong>P\u00ebrdorimi:<\/strong> P\u00ebdoreni sfungjerin gjithmon\u00eb t\u00eb lagur. Pas p\u00ebrdorimit, shtrydheni ose shkundni ujin e tep\u00ebrt. Thajeni kudo, p\u00ebrve\u00e7 n\u00eb vende t\u00eb err\u00ebta me lag\u00ebshti. Shmangni nxeht\u00ebsin\u00eb e lart\u00eb. Mos shtrydhni.<\/p>\n","protected":false},"excerpt":{"rendered":"<p>Sfungjer Deti p\u00ebr Trupin. Sistemi i nd\u00ebrlikuar i kanaleve q\u00eb p\u00ebrb\u00ebn struktur\u00ebn e nj\u00eb sfungjeri deti lejon q\u00eb ato t\u00eb lahet shpejt, leht\u00eb dhe plot\u00ebsisht. Kjo do t\u00eb thot\u00eb se ato nuk i mbajn\u00eb l\u00ebnd\u00ebt organike q\u00eb mund t\u00eb shkaktoj\u00eb er\u00ebra t\u00eb pak\u00ebndshme. Sfungjer\u00ebt natyral\u00eb krijojn\u00eb nj\u00eb shkum\u00eb t\u00eb pasur, jan\u00eb shum\u00eb absorbues dhe t\u00eb &hellip;<\/p>\n<p class=\"read-more\"> <a class=\"\" href=\"https:\/\/www.secretsofnatureltd.com\/al\/product\/sfungjer-deti-per-trupin\/\"> <span class=\"screen-reader-text\">SFUNGJER DETI PER TRUPIN<\/span> Read More &raquo;<\/a><\/p>\n","protected":false},"featured_media":1146,"comment_status":"open","ping_status":"closed","template":"","meta":{"site-sidebar-layout":"default","site-content-layout":"default","ast-main-header-display":"","ast-hfb-above-header-display":"","ast-hfb-below-header-display":"","ast-hfb-mobile-header-display":"","site-post-title":"","ast-breadcrumbs-content":"","ast-featured-img":"","footer-sml-layout":"","theme-transparent-header-meta":"default","adv-header-id-meta":"","stick-header-meta":"","header-above-stick-meta":"","header-main-stick-meta":"","header-below-stick-meta":""},"product_brand":[],"product_cat":[38],"product_tag":[],"class_list":{"0":"post-1145","1":"product","2":"type-product","3":"status-publish","4":"has-post-thumbnail","6":"product_cat-trupi","8":"first","9":"outofstock","10":"shipping-taxable","11":"purchasable","12":"product-type-simple"},"_links":{"self":[{"href":"https:\/\/www.secretsofnatureltd.com\/al\/wp-json\/wp\/v2\/product\/1145","targetHints":{"allow":["GET"]}}],"collection":[{"href":"https:\/\/www.secretsofnatureltd.com\/al\/wp-json\/wp\/v2\/product"}],"about":[{"href":"https:\/\/www.secretsofnatureltd.com\/al\/wp-json\/wp\/v2\/types\/product"}],"replies":[{"embeddable":true,"href":"https:\/\/www.secretsofnatureltd.com\/al\/wp-json\/wp\/v2\/comments?post=1145"}],"wp:featuredmedia":[{"embeddable":true,"href":"https:\/\/www.secretsofnatureltd.com\/al\/wp-json\/wp\/v2\/media\/1146"}],"wp:attachment":[{"href":"https:\/\/www.secretsofnatureltd.com\/al\/wp-json\/wp\/v2\/media?parent=1145"}],"wp:term":[{"taxonomy":"product_brand","embeddable":true,"href":"https:\/\/www.secretsofnatureltd.com\/al\/wp-json\/wp\/v2\/product_brand?post=1145"},{"taxonomy":"product_cat","embeddable":true,"href":"https:\/\/www.secretsofnatureltd.com\/al\/wp-json\/wp\/v2\/product_cat?post=1145"},{"taxonomy":"product_tag","embeddable":true,"href":"https:\/\/www.secretsofnatureltd.com\/al\/wp-json\/wp\/v2\/product_tag?post=1145"}],"curies":[{"name":"wp","href":"https:\/\/api.w.org\/{rel}","templated":true}]}}