{"id":1140,"date":"2022-01-27T14:30:00","date_gmt":"2022-01-27T14:30:00","guid":{"rendered":"https:\/\/www.secretsofnatureltd.com\/sq\/?post_type=product&#038;p=1140"},"modified":"2026-03-25T21:58:03","modified_gmt":"2026-03-25T21:58:03","slug":"sweet-kiss","status":"publish","type":"product","link":"https:\/\/www.secretsofnatureltd.com\/al\/product\/sweet-kiss\/","title":{"rendered":"SWEET KISS"},"content":{"rendered":"<p>Nj\u00eb formul\u00eb unike vegane q\u00eb ushqen thell\u00ebsisht buz\u00ebt tuaja dhe i mbron ato nga that\u00ebsia, \u00e7arjet dhe d\u00ebmtimi UV.<br \/>\nNj\u00eb kombinim i ekstrakteve botanike me potencial t\u00eb lart\u00eb, Astraxanthin nga algat (m\u00eb shum\u00eb se 10 her\u00eb m\u00eb i fort\u00eb se \u03b2-karotina dhe af\u00ebr 1000 her\u00eb m\u00eb efektiv se vitamina E), koenzima Q10 dhe burim natyral i vitamin\u00ebs E e b\u00ebn k\u00ebt\u00eb produkt nj\u00eb antioksidant t\u00eb fuqish\u00ebm q\u00eb do t\u00eb mbaj\u00eb buz\u00ebt tuaja t\u00eb l\u00ebmuara dhe t\u00eb fresk\u00ebta gjat\u00eb gjith\u00eb dit\u00ebs.<\/p>\n<p>Ngjyra e fort\u00eb e mahnitshme portokalli vjen nga ekstraktet dhe algat me cil\u00ebsi t\u00eb lart\u00eb, por nuk ka mbetur asnj\u00eb ngjyr\u00eb n\u00eb buz\u00ebt tuaja.<br \/>\nNuk ka shtuar artificiale ose mik\u00eb. Mund t\u00eb p\u00ebrdoret si balsam ose primer.<\/p>\n<p>L\u00ebreni balsam buz\u00ebsh Sweetkiss t&#8217;i kthej\u00eb dit\u00ebt e ftohta n\u00eb puthje t\u00eb \u00ebmbla.<\/p>\n","protected":false},"excerpt":{"rendered":"<p>Nj\u00eb formul\u00eb unike vegane q\u00eb ushqen thell\u00ebsisht buz\u00ebt tuaja dhe i mbron ato nga that\u00ebsia, \u00e7arjet dhe d\u00ebmtimi UV. Nj\u00eb kombinim i ekstrakteve botanike me potencial t\u00eb lart\u00eb, Astraxanthin nga algat (m\u00eb shum\u00eb se 10 her\u00eb m\u00eb i fort\u00eb se \u03b2-karotina dhe af\u00ebr 1000 her\u00eb m\u00eb efektiv se vitamina E), koenzima Q10 dhe burim natyral &hellip;<\/p>\n<p class=\"read-more\"> <a class=\"\" href=\"https:\/\/www.secretsofnatureltd.com\/al\/product\/sweet-kiss\/\"> <span class=\"screen-reader-text\">SWEET KISS<\/span> Read More &raquo;<\/a><\/p>\n","protected":false},"featured_media":1142,"comment_status":"open","ping_status":"closed","template":"","meta":{"site-sidebar-layout":"default","site-content-layout":"default","ast-main-header-display":"","ast-hfb-above-header-display":"","ast-hfb-below-header-display":"","ast-hfb-mobile-header-display":"","site-post-title":"","ast-breadcrumbs-content":"","ast-featured-img":"","footer-sml-layout":"","theme-transparent-header-meta":"default","adv-header-id-meta":"","stick-header-meta":"","header-above-stick-meta":"","header-main-stick-meta":"","header-below-stick-meta":""},"product_brand":[],"product_cat":[71,43],"product_tag":[],"class_list":{"0":"post-1140","1":"product","2":"type-product","3":"status-publish","4":"has-post-thumbnail","6":"product_cat-buzet-1","7":"product_cat-greenager","9":"first","10":"instock","11":"shipping-taxable","12":"purchasable","13":"product-type-simple"},"_links":{"self":[{"href":"https:\/\/www.secretsofnatureltd.com\/al\/wp-json\/wp\/v2\/product\/1140","targetHints":{"allow":["GET"]}}],"collection":[{"href":"https:\/\/www.secretsofnatureltd.com\/al\/wp-json\/wp\/v2\/product"}],"about":[{"href":"https:\/\/www.secretsofnatureltd.com\/al\/wp-json\/wp\/v2\/types\/product"}],"replies":[{"embeddable":true,"href":"https:\/\/www.secretsofnatureltd.com\/al\/wp-json\/wp\/v2\/comments?post=1140"}],"wp:featuredmedia":[{"embeddable":true,"href":"https:\/\/www.secretsofnatureltd.com\/al\/wp-json\/wp\/v2\/media\/1142"}],"wp:attachment":[{"href":"https:\/\/www.secretsofnatureltd.com\/al\/wp-json\/wp\/v2\/media?parent=1140"}],"wp:term":[{"taxonomy":"product_brand","embeddable":true,"href":"https:\/\/www.secretsofnatureltd.com\/al\/wp-json\/wp\/v2\/product_brand?post=1140"},{"taxonomy":"product_cat","embeddable":true,"href":"https:\/\/www.secretsofnatureltd.com\/al\/wp-json\/wp\/v2\/product_cat?post=1140"},{"taxonomy":"product_tag","embeddable":true,"href":"https:\/\/www.secretsofnatureltd.com\/al\/wp-json\/wp\/v2\/product_tag?post=1140"}],"curies":[{"name":"wp","href":"https:\/\/api.w.org\/{rel}","templated":true}]}}