{"id":1130,"date":"2022-01-26T22:20:40","date_gmt":"2022-01-26T22:20:40","guid":{"rendered":"https:\/\/www.secretsofnatureltd.com\/sq\/?post_type=product&#038;p=1130"},"modified":"2025-04-10T10:52:09","modified_gmt":"2025-04-10T10:52:09","slug":"pure-serum","status":"publish","type":"product","link":"https:\/\/www.secretsofnatureltd.com\/al\/product\/pure-serum\/","title":{"rendered":"Pure face Serum"},"content":{"rendered":"<p><em>Pure Serum<\/em> \u00ebsht\u00eb nj\u00eb produkt i formuluar nga farmaciste Eriona, me p\u00ebrb\u00ebres <em><strong>100% natyral<\/strong><\/em>. P\u00ebrb\u00ebr\u00ebsit e k\u00ebtij serumi p\u00ebrmbajn\u00eb antioksidant\u00eb t\u00eb fuqish\u00ebm, t\u00eb cil\u00ebt ngadal\u00ebsojn\u00eb pro\u00e7esin e plakj\u00ebs s\u00eb l\u00ebkur\u00ebs, duke rigjeneruar dhe ushqyer qelizat.<\/p>\n<p><strong>P\u00ebrdorimi:<\/strong><\/p>\n<ul>\n<li>Aplikoni nje hidrosol (Aloe Vera ose Rose Water) ne fytyre te paster dhe shtoni serumin duke e masazhuar lehte ne lekure. Nese keni nje lekure shume te thate, aplikoni 2 pika serum te miksuar me krem hidratues.<\/li>\n<\/ul>\n<p><strong>Kujdes:<\/strong> Formuluar p\u00ebr t\u00eb minimizuar rrezikun e reaksioneve alergjike, por n\u00ebse keni ndonj\u00eb alergji ose shfaqni ndonj\u00eb alergji nga p\u00ebrb\u00ebr\u00ebsit e m\u00ebsip\u00ebrm, ju lutemi NDALONI p\u00ebrdorimin e k\u00ebtij produkti<strong>!<\/strong><\/p>\n","protected":false},"excerpt":{"rendered":"<p>Pure Serum \u00ebsht\u00eb nj\u00eb produkt i formuluar nga farmaciste Eriona, me p\u00ebrb\u00ebres 100% natyral. P\u00ebrb\u00ebr\u00ebsit e k\u00ebtij serumi p\u00ebrmbajn\u00eb antioksidant\u00eb t\u00eb fuqish\u00ebm, t\u00eb cil\u00ebt ngadal\u00ebsojn\u00eb pro\u00e7esin e plakj\u00ebs s\u00eb l\u00ebkur\u00ebs, duke rigjeneruar dhe ushqyer qelizat. P\u00ebrdorimi: Aplikoni nje hidrosol (Aloe Vera ose Rose Water) ne fytyre te paster dhe shtoni serumin duke e masazhuar lehte &hellip;<\/p>\n<p class=\"read-more\"> <a class=\"\" href=\"https:\/\/www.secretsofnatureltd.com\/al\/product\/pure-serum\/\"> <span class=\"screen-reader-text\">Pure face Serum<\/span> Read More &raquo;<\/a><\/p>\n","protected":false},"featured_media":1500,"comment_status":"open","ping_status":"closed","template":"","meta":{"site-sidebar-layout":"default","site-content-layout":"default","ast-main-header-display":"","ast-hfb-above-header-display":"","ast-hfb-below-header-display":"","ast-hfb-mobile-header-display":"","site-post-title":"","ast-breadcrumbs-content":"","ast-featured-img":"","footer-sml-layout":"","theme-transparent-header-meta":"default","adv-header-id-meta":"","stick-header-meta":"","header-above-stick-meta":"","header-main-stick-meta":"","header-below-stick-meta":""},"product_brand":[],"product_cat":[64,36,69],"product_tag":[],"class_list":{"0":"post-1130","1":"product","2":"type-product","3":"status-publish","4":"has-post-thumbnail","6":"product_cat-bukuria","7":"product_cat-fytyra","8":"product_cat-serum-pr-fytyrn","10":"first","11":"instock","12":"shipping-taxable","13":"purchasable","14":"product-type-simple"},"_links":{"self":[{"href":"https:\/\/www.secretsofnatureltd.com\/al\/wp-json\/wp\/v2\/product\/1130","targetHints":{"allow":["GET"]}}],"collection":[{"href":"https:\/\/www.secretsofnatureltd.com\/al\/wp-json\/wp\/v2\/product"}],"about":[{"href":"https:\/\/www.secretsofnatureltd.com\/al\/wp-json\/wp\/v2\/types\/product"}],"replies":[{"embeddable":true,"href":"https:\/\/www.secretsofnatureltd.com\/al\/wp-json\/wp\/v2\/comments?post=1130"}],"wp:featuredmedia":[{"embeddable":true,"href":"https:\/\/www.secretsofnatureltd.com\/al\/wp-json\/wp\/v2\/media\/1500"}],"wp:attachment":[{"href":"https:\/\/www.secretsofnatureltd.com\/al\/wp-json\/wp\/v2\/media?parent=1130"}],"wp:term":[{"taxonomy":"product_brand","embeddable":true,"href":"https:\/\/www.secretsofnatureltd.com\/al\/wp-json\/wp\/v2\/product_brand?post=1130"},{"taxonomy":"product_cat","embeddable":true,"href":"https:\/\/www.secretsofnatureltd.com\/al\/wp-json\/wp\/v2\/product_cat?post=1130"},{"taxonomy":"product_tag","embeddable":true,"href":"https:\/\/www.secretsofnatureltd.com\/al\/wp-json\/wp\/v2\/product_tag?post=1130"}],"curies":[{"name":"wp","href":"https:\/\/api.w.org\/{rel}","templated":true}]}}