{"id":1128,"date":"2022-01-26T21:53:11","date_gmt":"2022-01-26T21:53:11","guid":{"rendered":"https:\/\/www.secretsofnatureltd.com\/sq\/?post_type=product&#038;p=1128"},"modified":"2025-04-08T08:44:05","modified_gmt":"2025-04-08T08:44:05","slug":"remedy-healing-cream","status":"publish","type":"product","link":"https:\/\/www.secretsofnatureltd.com\/al\/product\/remedy-healing-cream\/","title":{"rendered":"Remedy Healing Cream"},"content":{"rendered":"<p><em>Remedy Healing Cream<\/em> \u00ebsht\u00eb nj\u00eb produkt i formuluar nga farmaciste Eriona, me p\u00ebrb\u00ebr\u00ebs <em><strong>100% natyral<\/strong><\/em>. Ndihmon n\u00eb sh\u00ebrimin e ekzem\u00ebs, dermatit dhe plag\u00ebve t\u00eb tjera t\u00eb l\u00ebkur\u00ebs.<\/p>\n<p><strong>P\u00ebrdorimi: <\/strong>Aplikoni kremin 2-3 her\u00eb n\u00eb plag\u00eb, ekzem\u00eb, dermatit etj. P\u00ebr rezultate m\u00eb t\u00eb mira aplikoni Aloe Vera p\u00ebrpara kremit.<\/p>\n<p><strong>Kujdes:<\/strong> Formuluar p\u00ebr t\u00eb minimizuar rrezikun e reaksioneve alergjike, por n\u00ebse keni ndonj\u00eb alergji ose shfaqni ndonj\u00eb alergji nga p\u00ebrb\u00ebr\u00ebsit e m\u00ebsip\u00ebrm, ju lutemi NDALONI p\u00ebrdorimin e k\u00ebtij produkti<strong>!<\/strong><\/p>\n","protected":false},"excerpt":{"rendered":"<p>Remedy Healing Cream \u00ebsht\u00eb nj\u00eb produkt i formuluar nga farmaciste Eriona, me p\u00ebrb\u00ebr\u00ebs 100% natyral. Ndihmon n\u00eb sh\u00ebrimin e ekzem\u00ebs, dermatit dhe plag\u00ebve t\u00eb tjera t\u00eb l\u00ebkur\u00ebs. P\u00ebrdorimi: Aplikoni kremin 2-3 her\u00eb n\u00eb plag\u00eb, ekzem\u00eb, dermatit etj. P\u00ebr rezultate m\u00eb t\u00eb mira aplikoni Aloe Vera p\u00ebrpara kremit. Kujdes: Formuluar p\u00ebr t\u00eb minimizuar rrezikun e reaksioneve &hellip;<\/p>\n<p class=\"read-more\"> <a class=\"\" href=\"https:\/\/www.secretsofnatureltd.com\/al\/product\/remedy-healing-cream\/\"> <span class=\"screen-reader-text\">Remedy Healing Cream<\/span> Read More &raquo;<\/a><\/p>\n","protected":false},"featured_media":1129,"comment_status":"open","ping_status":"closed","template":"","meta":{"site-sidebar-layout":"default","site-content-layout":"default","ast-main-header-display":"","ast-hfb-above-header-display":"","ast-hfb-below-header-display":"","ast-hfb-mobile-header-display":"","site-post-title":"","ast-breadcrumbs-content":"","ast-featured-img":"","footer-sml-layout":"","theme-transparent-header-meta":"default","adv-header-id-meta":"","stick-header-meta":"","header-above-stick-meta":"","header-main-stick-meta":"","header-below-stick-meta":""},"product_brand":[],"product_cat":[64,38],"product_tag":[],"class_list":{"0":"post-1128","1":"product","2":"type-product","3":"status-publish","4":"has-post-thumbnail","6":"product_cat-bukuria","7":"product_cat-trupi","9":"first","10":"instock","11":"shipping-taxable","12":"purchasable","13":"product-type-simple"},"_links":{"self":[{"href":"https:\/\/www.secretsofnatureltd.com\/al\/wp-json\/wp\/v2\/product\/1128","targetHints":{"allow":["GET"]}}],"collection":[{"href":"https:\/\/www.secretsofnatureltd.com\/al\/wp-json\/wp\/v2\/product"}],"about":[{"href":"https:\/\/www.secretsofnatureltd.com\/al\/wp-json\/wp\/v2\/types\/product"}],"replies":[{"embeddable":true,"href":"https:\/\/www.secretsofnatureltd.com\/al\/wp-json\/wp\/v2\/comments?post=1128"}],"wp:featuredmedia":[{"embeddable":true,"href":"https:\/\/www.secretsofnatureltd.com\/al\/wp-json\/wp\/v2\/media\/1129"}],"wp:attachment":[{"href":"https:\/\/www.secretsofnatureltd.com\/al\/wp-json\/wp\/v2\/media?parent=1128"}],"wp:term":[{"taxonomy":"product_brand","embeddable":true,"href":"https:\/\/www.secretsofnatureltd.com\/al\/wp-json\/wp\/v2\/product_brand?post=1128"},{"taxonomy":"product_cat","embeddable":true,"href":"https:\/\/www.secretsofnatureltd.com\/al\/wp-json\/wp\/v2\/product_cat?post=1128"},{"taxonomy":"product_tag","embeddable":true,"href":"https:\/\/www.secretsofnatureltd.com\/al\/wp-json\/wp\/v2\/product_tag?post=1128"}],"curies":[{"name":"wp","href":"https:\/\/api.w.org\/{rel}","templated":true}]}}