{"id":1124,"date":"2022-01-26T21:26:56","date_gmt":"2022-01-26T21:26:56","guid":{"rendered":"https:\/\/www.secretsofnatureltd.com\/sq\/?post_type=product&#038;p=1124"},"modified":"2025-05-07T10:50:34","modified_gmt":"2025-05-07T10:50:34","slug":"elixir-cold-off","status":"publish","type":"product","link":"https:\/\/www.secretsofnatureltd.com\/al\/product\/elixir-cold-off\/","title":{"rendered":"Elixir Cold Off"},"content":{"rendered":"<p><em>Elixir Cold Off<\/em> \u00ebsht\u00eb nj\u00eb produkt i formulur nga farmaciste Eriona, me p\u00ebrb\u00ebrje <em><strong>100% natyrale<\/strong><\/em>. Formula e pasur me vajra esencial ndihmon kundra ftohjes. Nj\u00eb zgjedhje efikase p\u00ebr luftimin e t\u00eb ftohur\u00ebs, duke mos p\u00ebrdorur asnj\u00eb kimikat.<\/p>\n<p><strong>P\u00ebrdorimi:<\/strong><\/p>\n<ul>\n<li>Aplikojm\u00eb 5-6 pika dhe f\u00ebrkojm\u00eb kraharorin dhe shpinen 2-3her\u00eb n\u00eb dit\u00eb.<\/li>\n<\/ul>\n<p><strong>Kujdes:<\/strong> Formuluar p\u00ebr t\u00eb minimizuar rrezikun e reaksioneve alergjike, por n\u00ebse keni ndonj\u00eb alergji ose shfaqni ndonj\u00eb alergji nga p\u00ebrb\u00ebr\u00ebsit e m\u00ebsip\u00ebrm, ju lutemi NDALONI p\u00ebrdorimin e k\u00ebtij produkti<strong>!<\/strong><\/p>\n","protected":false},"excerpt":{"rendered":"<p>Elixir Cold Off \u00ebsht\u00eb nj\u00eb produkt i formulur nga farmaciste Eriona, me p\u00ebrb\u00ebrje 100% natyrale. Formula e pasur me vajra esencial ndihmon kundra ftohjes. Nj\u00eb zgjedhje efikase p\u00ebr luftimin e t\u00eb ftohur\u00ebs, duke mos p\u00ebrdorur asnj\u00eb kimikat. P\u00ebrdorimi: Aplikojm\u00eb 5-6 pika dhe f\u00ebrkojm\u00eb kraharorin dhe shpinen 2-3her\u00eb n\u00eb dit\u00eb. Kujdes: Formuluar p\u00ebr t\u00eb minimizuar rrezikun &hellip;<\/p>\n<p class=\"read-more\"> <a class=\"\" href=\"https:\/\/www.secretsofnatureltd.com\/al\/product\/elixir-cold-off\/\"> <span class=\"screen-reader-text\">Elixir Cold Off<\/span> Read More &raquo;<\/a><\/p>\n","protected":false},"featured_media":2701,"comment_status":"open","ping_status":"closed","template":"","meta":{"site-sidebar-layout":"default","site-content-layout":"default","ast-main-header-display":"","ast-hfb-above-header-display":"","ast-hfb-below-header-display":"","ast-hfb-mobile-header-display":"","site-post-title":"","ast-breadcrumbs-content":"","ast-featured-img":"","footer-sml-layout":"","theme-transparent-header-meta":"default","adv-header-id-meta":"","stick-header-meta":"","header-above-stick-meta":"","header-main-stick-meta":"","header-below-stick-meta":""},"product_brand":[],"product_cat":[64,59,38],"product_tag":[],"class_list":{"0":"post-1124","1":"product","2":"type-product","3":"status-publish","4":"has-post-thumbnail","6":"product_cat-bukuria","7":"product_cat-eliksir","8":"product_cat-trupi","10":"first","11":"instock","12":"shipping-taxable","13":"purchasable","14":"product-type-simple"},"_links":{"self":[{"href":"https:\/\/www.secretsofnatureltd.com\/al\/wp-json\/wp\/v2\/product\/1124","targetHints":{"allow":["GET"]}}],"collection":[{"href":"https:\/\/www.secretsofnatureltd.com\/al\/wp-json\/wp\/v2\/product"}],"about":[{"href":"https:\/\/www.secretsofnatureltd.com\/al\/wp-json\/wp\/v2\/types\/product"}],"replies":[{"embeddable":true,"href":"https:\/\/www.secretsofnatureltd.com\/al\/wp-json\/wp\/v2\/comments?post=1124"}],"wp:featuredmedia":[{"embeddable":true,"href":"https:\/\/www.secretsofnatureltd.com\/al\/wp-json\/wp\/v2\/media\/2701"}],"wp:attachment":[{"href":"https:\/\/www.secretsofnatureltd.com\/al\/wp-json\/wp\/v2\/media?parent=1124"}],"wp:term":[{"taxonomy":"product_brand","embeddable":true,"href":"https:\/\/www.secretsofnatureltd.com\/al\/wp-json\/wp\/v2\/product_brand?post=1124"},{"taxonomy":"product_cat","embeddable":true,"href":"https:\/\/www.secretsofnatureltd.com\/al\/wp-json\/wp\/v2\/product_cat?post=1124"},{"taxonomy":"product_tag","embeddable":true,"href":"https:\/\/www.secretsofnatureltd.com\/al\/wp-json\/wp\/v2\/product_tag?post=1124"}],"curies":[{"name":"wp","href":"https:\/\/api.w.org\/{rel}","templated":true}]}}