{"id":1118,"date":"2022-01-09T17:43:15","date_gmt":"2022-01-09T17:43:15","guid":{"rendered":"https:\/\/www.secretsofnatureltd.com\/sq\/?post_type=product&#038;p=1118"},"modified":"2025-05-07T10:49:18","modified_gmt":"2025-05-07T10:49:18","slug":"aha-acid-frutash","status":"publish","type":"product","link":"https:\/\/www.secretsofnatureltd.com\/al\/product\/aha-acid-frutash\/","title":{"rendered":"AHA ACID FRUTASH"},"content":{"rendered":"<p>Acidet e frutave AHA bazohen n\u00eb Acidin Glikolik Natyral q\u00eb rrjedh nga kallam sheqeri dhe frutat agrume. AHA funksionon duke eksfoliuar dhe n\u00eb m\u00ebnyr\u00eb efektive heq qelizat e vdekura t\u00eb l\u00ebkur\u00ebs duke krijuar hap\u00ebsir\u00eb p\u00ebr qeliza t\u00eb reja dhe t\u00eb sh\u00ebndetshme. Acidi pastron poret n\u00eb thell\u00ebsi dhe minimizon pabarazit\u00eb n\u00eb l\u00ebkur\u00eb dhe fytyr\u00eb. AHA \u00ebsht\u00eb i p\u00ebrshtatsh\u00ebm p\u00ebr l\u00ebkur\u00ebn e nj\u00eb personi t\u00eb rritur.<\/p>\n<p><strong>Kujdes:<\/strong> Pas p\u00ebrdorimit t\u00eb Acidit t\u00eb Frutave fytyra nuk duhet t\u00eb jet\u00eb e ekspozuar n\u00eb diell. Q\u00ebndroni n\u00eb sht\u00ebpi pas p\u00ebrdorimit t\u00eb Acidit dhe mbajeni l\u00ebkur\u00ebn t\u00eb mbrojtur me krem kundra diellit, me nj\u00eb SPF t\u00eb lart\u00eb!<\/p>\n","protected":false},"excerpt":{"rendered":"<ul>\n<li>Largon qelizat e vdekura t\u00eb l\u00ebkur\u00ebs<\/li>\n<li>I jep shkelqim l\u00ebkur\u00ebs<\/li>\n<li>Largon shenjat e shkaktuara nga dielli n\u00eb l\u00ebkur\u00eb<\/li>\n<li>Zbut tekstur\u00ebn e l\u00ebkur\u00ebs<\/li>\n<li>Ndihmon n\u00eb parandalimin e skuqjes<\/li>\n<li>E b\u00ebn l\u00ebkur\u00ebn t\u00eb duket m\u00eb e re<\/li>\n<\/ul>\n","protected":false},"featured_media":2700,"comment_status":"open","ping_status":"closed","template":"","meta":{"site-sidebar-layout":"default","site-content-layout":"default","ast-main-header-display":"","ast-hfb-above-header-display":"","ast-hfb-below-header-display":"","ast-hfb-mobile-header-display":"","site-post-title":"","ast-breadcrumbs-content":"","ast-featured-img":"","footer-sml-layout":"","theme-transparent-header-meta":"default","adv-header-id-meta":"","stick-header-meta":"","header-above-stick-meta":"","header-main-stick-meta":"","header-below-stick-meta":""},"product_brand":[],"product_cat":[36],"product_tag":[],"class_list":{"0":"post-1118","1":"product","2":"type-product","3":"status-publish","4":"has-post-thumbnail","6":"product_cat-fytyra","8":"first","9":"instock","10":"shipping-taxable","11":"purchasable","12":"product-type-simple"},"_links":{"self":[{"href":"https:\/\/www.secretsofnatureltd.com\/al\/wp-json\/wp\/v2\/product\/1118","targetHints":{"allow":["GET"]}}],"collection":[{"href":"https:\/\/www.secretsofnatureltd.com\/al\/wp-json\/wp\/v2\/product"}],"about":[{"href":"https:\/\/www.secretsofnatureltd.com\/al\/wp-json\/wp\/v2\/types\/product"}],"replies":[{"embeddable":true,"href":"https:\/\/www.secretsofnatureltd.com\/al\/wp-json\/wp\/v2\/comments?post=1118"}],"wp:featuredmedia":[{"embeddable":true,"href":"https:\/\/www.secretsofnatureltd.com\/al\/wp-json\/wp\/v2\/media\/2700"}],"wp:attachment":[{"href":"https:\/\/www.secretsofnatureltd.com\/al\/wp-json\/wp\/v2\/media?parent=1118"}],"wp:term":[{"taxonomy":"product_brand","embeddable":true,"href":"https:\/\/www.secretsofnatureltd.com\/al\/wp-json\/wp\/v2\/product_brand?post=1118"},{"taxonomy":"product_cat","embeddable":true,"href":"https:\/\/www.secretsofnatureltd.com\/al\/wp-json\/wp\/v2\/product_cat?post=1118"},{"taxonomy":"product_tag","embeddable":true,"href":"https:\/\/www.secretsofnatureltd.com\/al\/wp-json\/wp\/v2\/product_tag?post=1118"}],"curies":[{"name":"wp","href":"https:\/\/api.w.org\/{rel}","templated":true}]}}