{"id":1101,"date":"2022-01-09T17:20:11","date_gmt":"2022-01-09T17:20:11","guid":{"rendered":"https:\/\/www.secretsofnatureltd.com\/sq\/?post_type=product&#038;p=1101"},"modified":"2025-11-20T10:12:18","modified_gmt":"2025-11-20T10:12:18","slug":"pure-hair-set","status":"publish","type":"product","link":"https:\/\/www.secretsofnatureltd.com\/al\/product\/pure-hair-set\/","title":{"rendered":"AYURVEDA HAIR SET"},"content":{"rendered":"<h2 data-start=\"381\" data-end=\"430\"><strong data-start=\"387\" data-end=\"428\">Seti Ayurvedik p\u00ebr Kujdesin e Flok\u00ebve<\/strong><\/h2>\n<p data-start=\"431\" data-end=\"512\"><strong data-start=\"431\" data-end=\"512\">Rituali i plot\u00eb i bukuris\u00eb natyrale p\u00ebr flok\u00eb t\u00eb fort\u00eb, t\u00eb but\u00eb dhe plot jet\u00eb<\/strong><\/p>\n<p data-start=\"514\" data-end=\"942\">I frym\u00ebzuar nga <strong data-start=\"530\" data-end=\"570\">mjek\u00ebsia e lasht\u00eb indiane (Ayurveda)<\/strong> dhe <strong data-start=\"575\" data-end=\"613\">i formuluar nga farmacistja Eriona<\/strong>, ky set artizanal p\u00ebrfaq\u00ebson nj\u00eb udh\u00ebtim t\u00eb plot\u00eb t\u00eb kujdesit holistik p\u00ebr flok\u00ebt \u2013 nga ushqimi i rr\u00ebnj\u00ebve deri tek but\u00ebsia dhe shk\u00eblqimi i fijes.<br data-start=\"760\" data-end=\"763\" \/>\u00c7do produkt \u00ebsht\u00eb p\u00ebrgatitur me <strong data-start=\"795\" data-end=\"821\">p\u00ebrb\u00ebr\u00ebs 100% natyral\u00eb<\/strong>, bim\u00eb tradicionale Ayurvedike dhe vajra t\u00eb \u00e7muar q\u00eb ushqejn\u00eb, rigjall\u00ebrojn\u00eb dhe rikthejn\u00eb ekuilibrin natyror t\u00eb flok\u00ebve.<\/p>\n<hr data-start=\"1603\" data-end=\"1606\" \/>\n<h3 data-start=\"1608\" data-end=\"1669\"><strong data-start=\"1612\" data-end=\"1669\">1. Ayurveda- Growth Hair Mask\u00a0<\/strong><\/h3>\n<p data-start=\"1670\" data-end=\"2087\">Nj\u00eb trajtim intensiv p\u00ebr flok\u00eb t\u00eb that\u00eb dhe t\u00eb d\u00ebmtuar, e formuluar me <strong data-start=\"1741\" data-end=\"1763\">22 vajra esencial\u00eb<\/strong> si <strong data-start=\"2390\" data-end=\"2456\">Ashwagandha, Shatavari, Bhringaraj, Gotu Kola, Brahmi, Amla,<\/strong>\u00a0<strong data-start=\"1767\" data-end=\"1875\">Vaj Kastori, Vaj Kungulli, Vaj Rozmarine, Vaj Lavando, Vaj Bajame, Vaj Argan, Vaj Jojoba dhe Vaj Avokado<\/strong>.<br data-start=\"1876\" data-end=\"1879\" \/>Maska rigjeneron thell\u00eb fibr\u00ebn e flokut, ndalon r\u00ebnien dhe forcon struktur\u00ebn e tij duke i dh\u00ebn\u00eb elasticitet dhe but\u00ebsi.<br data-start=\"1998\" data-end=\"2001\" \/>Ajo gjithashtu ndihmon n\u00eb rigjenerimin e skalpit dhe ruajtjen e lag\u00ebshtis\u00eb natyrale.<\/p>\n<p data-start=\"2089\" data-end=\"2212\"><strong data-start=\"2089\" data-end=\"2103\">P\u00ebrdorimi:<\/strong><br data-start=\"2103\" data-end=\"2106\" \/>Aplikojeni n\u00eb rr\u00ebnj\u00eb, lini t\u00eb veproj\u00eb 30 minuta deri n\u00eb 2 or\u00eb, masazhoni dhe lani floket normalisht.<\/p>\n<hr data-start=\"2214\" data-end=\"2217\" \/>\n<h3 data-start=\"2219\" data-end=\"2287\"><strong data-start=\"2223\" data-end=\"2287\">2. Ayurveda- Glow Hair Conditioner\u00a0<\/strong><\/h3>\n<p data-start=\"2288\" data-end=\"2747\">Nj\u00eb hap i domosdosh\u00ebm pas shampos p\u00ebr flok\u00eb t\u00eb but\u00eb, t\u00eb m\u00ebndafsht\u00eb dhe plot shk\u00eblqim.<br data-start=\"2373\" data-end=\"2376\" \/>I pasuruar me <strong data-start=\"2390\" data-end=\"2456\">Ashwagandha, Shatavari, Bhringaraj, Gotu Kola, Brahmi dhe Amla<\/strong>, si dhe vajra t\u00eb pasur me <strong data-start=\"2483\" data-end=\"2545\">Shea Butter, Kokos, Ulliri, Luledielli, Jojoba dhe Vanilje<\/strong>, ky kondicioner ushqen flokun pa e r\u00ebnduar, rikthen elasticitetin dhe ndihmon n\u00eb krehjen e leht\u00eb.<br data-start=\"2643\" data-end=\"2646\" \/>Aroma e tij me nota <strong data-start=\"2666\" data-end=\"2694\">portokalli dhe vaniljeje<\/strong> e mb\u00ebshtjell flokun me freski dhe but\u00ebsi natyrale.<\/p>\n<p data-start=\"2749\" data-end=\"2882\"><strong data-start=\"2749\" data-end=\"2763\">P\u00ebrdorimi:<\/strong><br data-start=\"2763\" data-end=\"2766\" \/>Pas shampos, aplikojeni n\u00eb gjat\u00ebsin\u00eb dhe majat e flok\u00ebve.<br data-start=\"2823\" data-end=\"2826\" \/>L\u00ebreni 1\u20133 minuta dhe shp\u00eblajeni mir\u00eb me uj\u00eb t\u00eb vak\u00ebt.<\/p>\n<hr data-start=\"2884\" data-end=\"2887\" \/>\n<h3 data-start=\"2889\" data-end=\"2968\"><strong data-start=\"2893\" data-end=\"2968\">3. Ayurveda- Nourishing Hair Cream<\/strong><\/h3>\n<p data-start=\"2969\" data-end=\"3435\">Kremi Ayurvedik p\u00ebr Flok\u00eb \u00ebsht\u00eb hapi i fundit i ritualit t\u00eb kujdesit, i formuluar p\u00ebr t\u00eb mbrojtur, hidratuar dhe zbutur flok\u00ebt gjat\u00eb dit\u00ebs.<br data-start=\"3108\" data-end=\"3111\" \/>I pasuruar me <strong data-start=\"3125\" data-end=\"3176\">Ashwagandha, Shatavari, Brahmi, Amla, Gotu Kola<\/strong> dhe vajra si <strong data-start=\"3190\" data-end=\"3245\">Argan, Jojoba, Bajame, Rozmarin\u00eb, Susam dhe Avokado<\/strong>, ai ushqen fijet e flokut, redukton majat e thyera dhe mbron nga faktor\u00ebt e jasht\u00ebm pa l\u00ebn\u00eb yndyr\u00eb.<br data-start=\"3345\" data-end=\"3348\" \/>Kremi e l\u00eb flokun t\u00eb leht\u00eb, t\u00eb ndritsh\u00ebm dhe t\u00eb mb\u00ebshtjell\u00eb me arom\u00eb delikate bimore.<\/p>\n<p data-start=\"3437\" data-end=\"3595\"><strong data-start=\"3437\" data-end=\"3451\">P\u00ebrdorimi:<\/strong><br data-start=\"3451\" data-end=\"3454\" \/>Aplikoni nj\u00eb sasi t\u00eb vog\u00ebl n\u00eb flok\u00eb t\u00eb past\u00ebr, t\u00eb lag\u00ebsht ose t\u00eb that\u00eb, n\u00eb gjat\u00ebsit\u00eb dhe majat.<br data-start=\"3549\" data-end=\"3552\" \/>Nuk shp\u00eblahet. Mund t\u00eb p\u00ebrdoret \u00e7do dit\u00eb.<\/p>\n<hr data-start=\"3597\" data-end=\"3600\" \/>\n<h3 data-start=\"3602\" data-end=\"3638\"><strong data-start=\"3609\" data-end=\"3638\">Kujdes<\/strong><\/h3>\n<p>N\u00ebse shfaqni ndonj\u00eb shenj\u00eb alergjie, <strong data-start=\"2045\" data-end=\"2077\">ndaloni menj\u00ebher\u00eb p\u00ebrdorimin<\/strong>.<br data-start=\"2078\" data-end=\"2081\" \/>Ruajeni n\u00eb vend t\u00eb fresk\u00ebt dhe t\u00eb that\u00eb, larg drit\u00ebs s\u00eb diellit.<\/p>\n","protected":false},"excerpt":{"rendered":"<p>Seti Ayurvedik p\u00ebr Kujdesin e Flok\u00ebve Rituali i plot\u00eb i bukuris\u00eb natyrale p\u00ebr flok\u00eb t\u00eb fort\u00eb, t\u00eb but\u00eb dhe plot jet\u00eb I frym\u00ebzuar nga mjek\u00ebsia e lasht\u00eb indiane (Ayurveda) dhe i formuluar nga farmacistja Eriona, ky set artizanal p\u00ebrfaq\u00ebson nj\u00eb udh\u00ebtim t\u00eb plot\u00eb t\u00eb kujdesit holistik p\u00ebr flok\u00ebt \u2013 nga ushqimi i rr\u00ebnj\u00ebve deri tek &hellip;<\/p>\n<p class=\"read-more\"> <a class=\"\" href=\"https:\/\/www.secretsofnatureltd.com\/al\/product\/pure-hair-set\/\"> <span class=\"screen-reader-text\">AYURVEDA HAIR SET<\/span> Read More &raquo;<\/a><\/p>\n","protected":false},"featured_media":2874,"comment_status":"open","ping_status":"closed","template":"","meta":{"site-sidebar-layout":"default","site-content-layout":"default","ast-main-header-display":"","ast-hfb-above-header-display":"","ast-hfb-below-header-display":"","ast-hfb-mobile-header-display":"","site-post-title":"","ast-breadcrumbs-content":"","ast-featured-img":"","footer-sml-layout":"","theme-transparent-header-meta":"default","adv-header-id-meta":"","stick-header-meta":"","header-above-stick-meta":"","header-main-stick-meta":"","header-below-stick-meta":""},"product_brand":[],"product_cat":[37,82,83,41,85],"product_tag":[],"class_list":{"0":"post-1101","1":"product","2":"type-product","3":"status-publish","4":"has-post-thumbnail","6":"product_cat-floku","7":"product_cat-hair","8":"product_cat-hair-cream","9":"product_cat-sete","10":"product_cat-sets","12":"first","13":"instock","14":"sale","15":"shipping-taxable","16":"purchasable","17":"product-type-simple"},"_links":{"self":[{"href":"https:\/\/www.secretsofnatureltd.com\/al\/wp-json\/wp\/v2\/product\/1101","targetHints":{"allow":["GET"]}}],"collection":[{"href":"https:\/\/www.secretsofnatureltd.com\/al\/wp-json\/wp\/v2\/product"}],"about":[{"href":"https:\/\/www.secretsofnatureltd.com\/al\/wp-json\/wp\/v2\/types\/product"}],"replies":[{"embeddable":true,"href":"https:\/\/www.secretsofnatureltd.com\/al\/wp-json\/wp\/v2\/comments?post=1101"}],"wp:featuredmedia":[{"embeddable":true,"href":"https:\/\/www.secretsofnatureltd.com\/al\/wp-json\/wp\/v2\/media\/2874"}],"wp:attachment":[{"href":"https:\/\/www.secretsofnatureltd.com\/al\/wp-json\/wp\/v2\/media?parent=1101"}],"wp:term":[{"taxonomy":"product_brand","embeddable":true,"href":"https:\/\/www.secretsofnatureltd.com\/al\/wp-json\/wp\/v2\/product_brand?post=1101"},{"taxonomy":"product_cat","embeddable":true,"href":"https:\/\/www.secretsofnatureltd.com\/al\/wp-json\/wp\/v2\/product_cat?post=1101"},{"taxonomy":"product_tag","embeddable":true,"href":"https:\/\/www.secretsofnatureltd.com\/al\/wp-json\/wp\/v2\/product_tag?post=1101"}],"curies":[{"name":"wp","href":"https:\/\/api.w.org\/{rel}","templated":true}]}}