{"id":1099,"date":"2022-01-09T17:07:06","date_gmt":"2022-01-09T17:07:06","guid":{"rendered":"https:\/\/www.secretsofnatureltd.com\/sq\/?post_type=product&#038;p=1099"},"modified":"2025-04-23T07:17:14","modified_gmt":"2025-04-23T07:17:14","slug":"acne-off-set","status":"publish","type":"product","link":"https:\/\/www.secretsofnatureltd.com\/al\/product\/acne-off-set\/","title":{"rendered":"ACNE OFF SET"},"content":{"rendered":"<p><strong><em>Acne Face Cleanser <\/em><\/strong>\u00ebsht\u00eb nj\u00eb produkt artizanal i formuluar nga farmaciste Eriona, p\u00ebrgatitur me p\u00ebrb\u00ebr\u00ebs <strong><em>100% natyral<\/em><\/strong>. Me delikates\u00eb largon nga fytyra juaj papast\u00ebrtit\u00eb, produktetet kozmetike dhe yndyr\u00ebn e tep\u00ebrt t\u00eb l\u00ebkur\u00ebs. Pastron dhe dezinfekton, pa veti agresive duke l\u00ebn\u00eb nj\u00eb l\u00ebkur\u00eb t\u00eb l\u00ebmuar dhe gati p\u00ebr rutin\u00ebn n\u00eb vazhdim\u00ebsi t\u00eb p\u00ebrkujdesit t\u00eb l\u00ebkur\u00ebs. P\u00ebrdorimi i tij \u00ebsht\u00eb nj\u00eb domosdoshm\u00ebri para \u00e7do aplikim kremi apo produkti tjet\u00ebr n\u00eb fytyr\u00eb. Perfekt dhe i sigurt p\u00ebr largimin e \u00e7do lloj papast\u00ebrtie ose heqjen e produkteve kozmetike nga fytyra dhe syt\u00eb. P\u00ebrgatit l\u00ebkur\u00ebn p\u00ebr hapat e m\u00ebtejsh\u00ebm t\u00eb largimit t\u00eb akneve dhe e l\u00eb at\u00eb t\u00eb but\u00eb.<\/p>\n<p>&nbsp;<\/p>\n<p><em><strong>Acne Face Tonic<\/strong> <\/em>\u00ebsht\u00eb nj\u00eb produkt artizanal i formuluar nga farmaciste Eriona, p\u00ebrgatitur me p\u00ebrb\u00ebr\u00ebs <strong><em>100% natyral<\/em><\/strong>. I p\u00ebrgatitur me rreth 13 lloje bim\u00ebsh kurative ku nd\u00ebr to p\u00ebrmendim: <em>Vajin Eukaliptus, Vajin Tea Tree, Vajin e Rozmarines<\/em> etj, kjo p\u00ebrb\u00ebrje siguron zvog\u00eblimin e poreve t\u00eb fytyr\u00ebs dhe balancon nivelin e pH n\u00eb l\u00ebkur\u00eb, duke krijuar k\u00ebshtu nj\u00eb\u00a0shtres\u00eb mbrojt\u00ebse. Me an\u00eb t\u00eb fromul\u00ebs s\u00eb tij unike, ky tonik arrin t\u00eb dep\u00ebrtoj\u00eb n\u00eb\u00a0l\u00ebkur\u00eb, duke mund\u00ebsuar k\u00ebshtu pastrimin deri n\u00eb thell\u00ebsi dhe largon \u00e7do grimc\u00eb papast\u00ebrtie. P\u00ebrdorimi i tonikut perpara se t\u00eb vendosni produkte t\u00eb tjera n\u00eb l\u00ebkur\u00eb, siguron q\u00eb k\u00ebto produkte t\u00eb\u00a0p\u00ebrthithen m\u00eb mir\u00eb. Formula e tij \u00ebsht\u00eb shum\u00eb delikate p\u00ebr fytyr\u00ebn tuaj dhe redukton irritimin.<\/p>\n<p>&nbsp;<\/p>\n<p><strong><em>Acne Face Cream <\/em><\/strong>\u00ebsht\u00eb nj\u00eb produkt artizanal, i formuluar nga farmaciste Eriona, p\u00ebrgatitur me p\u00ebrb\u00ebr\u00ebs <strong><em>100% natyral<\/em><\/strong>. Kombinimi i ekstrakeve t\u00eb ndryshme bimore, ku nd\u00ebr to p\u00ebrmendim: <em>Tea Tree, Frankincens, Patchouli, Grapeseed, Pomegranate, Aloe Vera<\/em> etj. e bejn\u00eb k\u00ebt\u00eb formul\u00eb shum\u00eb unike p\u00ebr t\u00eb ndihmuar n\u00eb trajtimin e akneve dhe parandalimin e shenjave t\u00eb tyre. Ky krem ushqen dhe hidraton fytyren. Duke vepruar n\u00eb m\u00ebnyr\u00eb siperfaq\u00ebsore, ndikon n\u00eb p\u00ebrtharjen dhe parandalimin e infektimit t\u00eb pucrave, dhe n\u00eb rigjenerimin e shpejt\u00eb t\u00eb l\u00ebkur\u00ebs.<\/p>\n<p>Ky krem edhe pse \u00ebsht\u00eb nj\u00eb formule unike dhe me p\u00ebrb\u00ebr\u00ebs <strong><em>100% natyral<\/em><\/strong>, vepron vet\u00ebm mbi sip\u00ebrfaqen e l\u00ebkur\u00ebs. N\u00ebse faktor\u00ebt e brendsh\u00ebm q\u00eb shkaktojn\u00eb aknet jan\u00eb potencial, efekti i kremit mund t\u00eb jet\u00eb minimal. N\u00ebse ky krem do t\u00eb ket\u00eb efekt n\u00eb l\u00ebkur\u00ebn tuaj, rezultati pritet t\u00eb jet\u00eb i duksh\u00ebm pas nj\u00eb muaji. Dieta ushqimore dhe prania e stresit kan\u00eb nj\u00eb efekt shum\u00eb t\u00eb madh n\u00eb l\u00ebkur\u00eb.<\/p>\n<p>&nbsp;<\/p>\n<p><strong>P\u00ebrdorimi:<\/strong><\/p>\n<ul>\n<li>Lajm\u00eb fytyr\u00ebn me uj\u00eb vaket, duke aplikuar lar\u00ebsin <em>Acne Face Cleanser<\/em>.<\/li>\n<li>Thajm\u00eb fytyr\u00ebn dhe n\u00eb nj\u00eb tampon\/pambuk sprucojme tonikun <em>Acne Face Tonic<\/em>, dhe m\u00eb pas pastrojm\u00eb fytyren me t\u00eb. Nuk \u00ebsht\u00eb e nevojshme t\u00eb shp\u00eblahet fytyra nese aplikoni <em>Tonikun Acne.<\/em><\/li>\n<li>M\u00eb pas vendosim kremin <em>Acne Cream<\/em>, duke e masazhuar leht\u00eb n\u00eb fytytr\u00eb.<\/li>\n<li>Aplikoni rutin\u00ebn 2-3 her\u00eb n\u00eb dit\u00eb.<\/li>\n<\/ul>\n<p><strong>Kujdes:<\/strong> Formuluar p\u00ebr t\u00eb minimizuar rrezikun e reaksioneve alergjike, por n\u00ebse keni ndonj\u00eb alergji ose tregoni ndonj\u00eb shenj\u00eb alergjie nga p\u00ebrb\u00ebr\u00ebsit e m\u00ebsip\u00ebrm, ju lutemi NDALONI p\u00ebrdorimin e k\u00ebtij produkti<strong>!<\/strong><\/p>\n","protected":false},"excerpt":{"rendered":"<p>Seti p\u00ebrmban nj\u00eb rutin\u00eb t\u00eb plot\u00eb prej tre hapash, p\u00ebr nj\u00eb l\u00ebkur\u00eb pa akne<\/p>\n","protected":false},"featured_media":1195,"comment_status":"open","ping_status":"closed","template":"","meta":{"site-sidebar-layout":"default","site-content-layout":"default","ast-main-header-display":"","ast-hfb-above-header-display":"","ast-hfb-below-header-display":"","ast-hfb-mobile-header-display":"","site-post-title":"","ast-breadcrumbs-content":"","ast-featured-img":"","footer-sml-layout":"","theme-transparent-header-meta":"default","adv-header-id-meta":"","stick-header-meta":"","header-above-stick-meta":"","header-main-stick-meta":"","header-below-stick-meta":""},"product_brand":[],"product_cat":[41],"product_tag":[],"class_list":{"0":"post-1099","1":"product","2":"type-product","3":"status-publish","4":"has-post-thumbnail","6":"product_cat-sete","8":"first","9":"outofstock","10":"sale","11":"shipping-taxable","12":"purchasable","13":"product-type-simple"},"_links":{"self":[{"href":"https:\/\/www.secretsofnatureltd.com\/al\/wp-json\/wp\/v2\/product\/1099","targetHints":{"allow":["GET"]}}],"collection":[{"href":"https:\/\/www.secretsofnatureltd.com\/al\/wp-json\/wp\/v2\/product"}],"about":[{"href":"https:\/\/www.secretsofnatureltd.com\/al\/wp-json\/wp\/v2\/types\/product"}],"replies":[{"embeddable":true,"href":"https:\/\/www.secretsofnatureltd.com\/al\/wp-json\/wp\/v2\/comments?post=1099"}],"wp:featuredmedia":[{"embeddable":true,"href":"https:\/\/www.secretsofnatureltd.com\/al\/wp-json\/wp\/v2\/media\/1195"}],"wp:attachment":[{"href":"https:\/\/www.secretsofnatureltd.com\/al\/wp-json\/wp\/v2\/media?parent=1099"}],"wp:term":[{"taxonomy":"product_brand","embeddable":true,"href":"https:\/\/www.secretsofnatureltd.com\/al\/wp-json\/wp\/v2\/product_brand?post=1099"},{"taxonomy":"product_cat","embeddable":true,"href":"https:\/\/www.secretsofnatureltd.com\/al\/wp-json\/wp\/v2\/product_cat?post=1099"},{"taxonomy":"product_tag","embeddable":true,"href":"https:\/\/www.secretsofnatureltd.com\/al\/wp-json\/wp\/v2\/product_tag?post=1099"}],"curies":[{"name":"wp","href":"https:\/\/api.w.org\/{rel}","templated":true}]}}