{"id":1097,"date":"2022-01-09T16:16:23","date_gmt":"2022-01-09T16:16:23","guid":{"rendered":"https:\/\/www.secretsofnatureltd.com\/sq\/?post_type=product&#038;p=1097"},"modified":"2025-04-08T08:44:04","modified_gmt":"2025-04-08T08:44:04","slug":"vaj-kastori","status":"publish","type":"product","link":"https:\/\/www.secretsofnatureltd.com\/al\/product\/vaj-kastori\/","title":{"rendered":"VAJ KASTORI"},"content":{"rendered":"<ul>\n<li>Laksativ i fuqish\u00ebm: Ndihmon n\u00eb lirimin e muskujve n\u00eb rast kontraksioni.<\/li>\n<li>Hidratues natyral p\u00ebr l\u00ebkur\u00ebn.<\/li>\n<li>Veti anti inflamatore.<\/li>\n<li>Lufton mykun.<\/li>\n<li>Mban skalpin dhe flok\u00ebt t\u00eb sh\u00ebndetsh\u00ebm.<\/li>\n<\/ul>\n","protected":false},"excerpt":{"rendered":"<p>Laksativ i fuqish\u00ebm: Ndihmon n\u00eb lirimin e muskujve n\u00eb rast kontraksioni. Hidratues natyral p\u00ebr l\u00ebkur\u00ebn. Veti anti inflamatore. Lufton mykun. Mban skalpin dhe flok\u00ebt t\u00eb sh\u00ebndetsh\u00ebm.<\/p>\n","protected":false},"featured_media":1423,"comment_status":"open","ping_status":"closed","template":"","meta":{"site-sidebar-layout":"default","site-content-layout":"default","ast-main-header-display":"","ast-hfb-above-header-display":"","ast-hfb-below-header-display":"","ast-hfb-mobile-header-display":"","site-post-title":"","ast-breadcrumbs-content":"","ast-featured-img":"","footer-sml-layout":"","theme-transparent-header-meta":"default","adv-header-id-meta":"","stick-header-meta":"","header-above-stick-meta":"","header-main-stick-meta":"","header-below-stick-meta":""},"product_brand":[],"product_cat":[42],"product_tag":[],"class_list":{"0":"post-1097","1":"product","2":"type-product","3":"status-publish","4":"has-post-thumbnail","6":"product_cat-vajra","8":"first","9":"instock","10":"shipping-taxable","11":"purchasable","12":"product-type-simple"},"_links":{"self":[{"href":"https:\/\/www.secretsofnatureltd.com\/al\/wp-json\/wp\/v2\/product\/1097","targetHints":{"allow":["GET"]}}],"collection":[{"href":"https:\/\/www.secretsofnatureltd.com\/al\/wp-json\/wp\/v2\/product"}],"about":[{"href":"https:\/\/www.secretsofnatureltd.com\/al\/wp-json\/wp\/v2\/types\/product"}],"replies":[{"embeddable":true,"href":"https:\/\/www.secretsofnatureltd.com\/al\/wp-json\/wp\/v2\/comments?post=1097"}],"wp:featuredmedia":[{"embeddable":true,"href":"https:\/\/www.secretsofnatureltd.com\/al\/wp-json\/wp\/v2\/media\/1423"}],"wp:attachment":[{"href":"https:\/\/www.secretsofnatureltd.com\/al\/wp-json\/wp\/v2\/media?parent=1097"}],"wp:term":[{"taxonomy":"product_brand","embeddable":true,"href":"https:\/\/www.secretsofnatureltd.com\/al\/wp-json\/wp\/v2\/product_brand?post=1097"},{"taxonomy":"product_cat","embeddable":true,"href":"https:\/\/www.secretsofnatureltd.com\/al\/wp-json\/wp\/v2\/product_cat?post=1097"},{"taxonomy":"product_tag","embeddable":true,"href":"https:\/\/www.secretsofnatureltd.com\/al\/wp-json\/wp\/v2\/product_tag?post=1097"}],"curies":[{"name":"wp","href":"https:\/\/api.w.org\/{rel}","templated":true}]}}