{"id":1096,"date":"2022-01-09T16:06:05","date_gmt":"2022-01-09T16:06:05","guid":{"rendered":"https:\/\/www.secretsofnatureltd.com\/sq\/?post_type=product&#038;p=1096"},"modified":"2025-04-08T08:44:04","modified_gmt":"2025-04-08T08:44:04","slug":"vaj-i-farave-te-sheges","status":"publish","type":"product","link":"https:\/\/www.secretsofnatureltd.com\/al\/product\/vaj-i-farave-te-sheges\/","title":{"rendered":"VAJ SHEGE"},"content":{"rendered":"<p><b>Vaj i farave t\u00eb Sheg\u00ebs:<\/b><\/p>\n<ul>\n<li aria-level=\"1\">100% natyral: pa aplikim kimikatesh, pa aditiv\u00eb t\u00eb shtuar,i pa rafinuar dhe pa aromatizues. Prodhimi me an\u00eb t\u00eb sistemit t\u00eb presimit n\u00eb t\u00eb foht\u00eb, siguron q\u00eb vaji t\u2019i ruaj t\u00eb gjitha vlerat e tij.<\/li>\n<\/ul>\n<p><b>P\u00ebrfitimet nga vaji i farave t\u00eb sheg\u00ebs:<\/b><\/p>\n<ul>\n<li aria-level=\"1\">Ka efekt parandalues p\u00ebr ataket kardiake, p\u00ebr presionin e lart\u00eb t\u00eb gjakut, ateroskleroz\u00ebn dhe p\u00ebr s\u00ebmundje t\u00eb tjera t\u00eb zemr\u00ebs.<\/li>\n<li aria-level=\"1\">Ndihmon n\u00eb parandalimin e kancerit t\u00eb gjirit, kolon\u00ebs, l\u00ebkur\u00ebs, prostat\u00ebs. Parandalon leu\u00e7emin\u00eb dhe tumorin.<\/li>\n<li aria-level=\"1\">Ka p\u00ebrb\u00ebr\u00ebs q\u00eb ndihmojn\u00eb n\u00eb uljen e kolesterolit, duke frenuar akumulimin e qelizave t\u00eb k\u00ebqija t\u00eb yndyr\u00ebs.<\/li>\n<li aria-level=\"1\">Ndihmon p\u00ebr t\u00eb luftuar \u00e7`rregullimet hormonale.<\/li>\n<li aria-level=\"1\">P\u00ebrmban vitaminat B, C dhe minerale q\u00eb p\u00ebrmir\u00ebsojn\u00eb sistemin imunitar dhe e b\u00ebjn\u00eb organizmin m\u00eb t\u00eb fort\u00eb.<\/li>\n<li aria-level=\"1\">Shum\u00eb i mir\u00eb p\u00ebr problemet e l\u00ebkur\u00ebs\u00a0si ekzema, psoriaza dhe ndihmon gjithashtu p\u00ebr rastet e djegies nga dielli.<\/li>\n<li aria-level=\"1\">Vaji i farave t\u00eb sheg\u00ebs ndihmon n\u00eb rigjenerimin e flok\u00ebve dhe i b\u00ebn ato m\u00eb t\u00eb fort\u00eb dhe m\u00eb t\u00eb sh\u00ebndetsh\u00ebm.<\/li>\n<\/ul>\n","protected":false},"excerpt":{"rendered":"<p>Vaj i farave t\u00eb Sheg\u00ebs: 100% natyral: pa aplikim kimikatesh, pa aditiv\u00eb t\u00eb shtuar,i pa rafinuar dhe pa aromatizues. Prodhimi me an\u00eb t\u00eb sistemit t\u00eb presimit n\u00eb t\u00eb foht\u00eb, siguron q\u00eb vaji t\u2019i ruaj t\u00eb gjitha vlerat e tij. P\u00ebrfitimet nga vaji i farave t\u00eb sheg\u00ebs: Ka efekt parandalues p\u00ebr ataket kardiake, p\u00ebr presionin e &hellip;<\/p>\n<p class=\"read-more\"> <a class=\"\" href=\"https:\/\/www.secretsofnatureltd.com\/al\/product\/vaj-i-farave-te-sheges\/\"> <span class=\"screen-reader-text\">VAJ SHEGE<\/span> Read More &raquo;<\/a><\/p>\n","protected":false},"featured_media":1424,"comment_status":"open","ping_status":"closed","template":"","meta":{"site-sidebar-layout":"default","site-content-layout":"default","ast-main-header-display":"","ast-hfb-above-header-display":"","ast-hfb-below-header-display":"","ast-hfb-mobile-header-display":"","site-post-title":"","ast-breadcrumbs-content":"","ast-featured-img":"","footer-sml-layout":"","theme-transparent-header-meta":"default","adv-header-id-meta":"","stick-header-meta":"","header-above-stick-meta":"","header-main-stick-meta":"","header-below-stick-meta":""},"product_brand":[],"product_cat":[42],"product_tag":[],"class_list":{"0":"post-1096","1":"product","2":"type-product","3":"status-publish","4":"has-post-thumbnail","6":"product_cat-vajra","8":"first","9":"instock","10":"shipping-taxable","11":"purchasable","12":"product-type-simple"},"_links":{"self":[{"href":"https:\/\/www.secretsofnatureltd.com\/al\/wp-json\/wp\/v2\/product\/1096","targetHints":{"allow":["GET"]}}],"collection":[{"href":"https:\/\/www.secretsofnatureltd.com\/al\/wp-json\/wp\/v2\/product"}],"about":[{"href":"https:\/\/www.secretsofnatureltd.com\/al\/wp-json\/wp\/v2\/types\/product"}],"replies":[{"embeddable":true,"href":"https:\/\/www.secretsofnatureltd.com\/al\/wp-json\/wp\/v2\/comments?post=1096"}],"wp:featuredmedia":[{"embeddable":true,"href":"https:\/\/www.secretsofnatureltd.com\/al\/wp-json\/wp\/v2\/media\/1424"}],"wp:attachment":[{"href":"https:\/\/www.secretsofnatureltd.com\/al\/wp-json\/wp\/v2\/media?parent=1096"}],"wp:term":[{"taxonomy":"product_brand","embeddable":true,"href":"https:\/\/www.secretsofnatureltd.com\/al\/wp-json\/wp\/v2\/product_brand?post=1096"},{"taxonomy":"product_cat","embeddable":true,"href":"https:\/\/www.secretsofnatureltd.com\/al\/wp-json\/wp\/v2\/product_cat?post=1096"},{"taxonomy":"product_tag","embeddable":true,"href":"https:\/\/www.secretsofnatureltd.com\/al\/wp-json\/wp\/v2\/product_tag?post=1096"}],"curies":[{"name":"wp","href":"https:\/\/api.w.org\/{rel}","templated":true}]}}