{"id":1090,"date":"2022-01-09T15:46:49","date_gmt":"2022-01-09T15:46:49","guid":{"rendered":"https:\/\/www.secretsofnatureltd.com\/sq\/?post_type=product&#038;p=1090"},"modified":"2025-04-08T08:44:04","modified_gmt":"2025-04-08T08:44:04","slug":"vaj-jojoba","status":"publish","type":"product","link":"https:\/\/www.secretsofnatureltd.com\/al\/product\/vaj-jojoba\/","title":{"rendered":"VAJ JOJOBA"},"content":{"rendered":"<ul>\n<li>Hidratues: krijon nj\u00eb barrier\u00eb mbrojt\u00ebse n\u00eb l\u00ebkur\u00eb, e cila ndihmon n\u00eb ruajtjen e hidratimit t\u00eb l\u00ebkur\u00ebs.<\/li>\n<li>Antibakterial: p\u00ebrmban veti anti inflamatore dhe anti mykotike duke mund\u00ebsuar k\u00ebshtu vrasjen e disa baktereve si salmonela etj. Parandalon daljen e zbokthit dhe dezinfekton aknet.<\/li>\n<li>Veti anti oksiduese: P\u00ebrmban Vitamin E n\u00eb perberjen e tij natyrale. Kjo vitamin\u00eb vepron si anti oksidant p\u00ebr l\u00ebkur\u00ebn.<\/li>\n<li>Ndihmon n\u00eb kontrollin e prodhimit t\u00eb sebumit: Prodhimi i tep\u00ebrt i sebumit sjell mbylljen e poreve dhe krijimin e pucrave. Substanca natyral e vajit Jojoba \u00ebsht\u00eb shum\u00eb e ngjashme me sebumin q\u00eb krijon l\u00ebkura jon\u00eb. Duke vendosur vajin n\u00eb l\u00ebkur\u00eb, l\u00ebkura q\u00ebndron e but\u00eb dhe e hidratuar.<\/li>\n<\/ul>\n<p>*Hipoalergjik; mund t\u00eb p\u00ebrdoret nga t\u00eb gjith\u00eb nj\u00ebrzit pa shkaktuar reksione alergjike*<\/p>\n","protected":false},"excerpt":{"rendered":"<p>Hidratues: krijon nj\u00eb barrier\u00eb mbrojt\u00ebse n\u00eb l\u00ebkur\u00eb, e cila ndihmon n\u00eb ruajtjen e hidratimit t\u00eb l\u00ebkur\u00ebs. Antibakterial: p\u00ebrmban veti anti inflamatore dhe anti mykotike duke mund\u00ebsuar k\u00ebshtu vrasjen e disa baktereve si salmonela etj. Parandalon daljen e zbokthit dhe dezinfekton aknet. Veti anti oksiduese: P\u00ebrmban Vitamin E n\u00eb perberjen e tij natyrale. Kjo vitamin\u00eb vepron &hellip;<\/p>\n<p class=\"read-more\"> <a class=\"\" href=\"https:\/\/www.secretsofnatureltd.com\/al\/product\/vaj-jojoba\/\"> <span class=\"screen-reader-text\">VAJ JOJOBA<\/span> Read More &raquo;<\/a><\/p>\n","protected":false},"featured_media":1092,"comment_status":"open","ping_status":"closed","template":"","meta":{"site-sidebar-layout":"default","site-content-layout":"default","ast-main-header-display":"","ast-hfb-above-header-display":"","ast-hfb-below-header-display":"","ast-hfb-mobile-header-display":"","site-post-title":"","ast-breadcrumbs-content":"","ast-featured-img":"","footer-sml-layout":"","theme-transparent-header-meta":"default","adv-header-id-meta":"","stick-header-meta":"","header-above-stick-meta":"","header-main-stick-meta":"","header-below-stick-meta":""},"product_brand":[],"product_cat":[42],"product_tag":[],"class_list":{"0":"post-1090","1":"product","2":"type-product","3":"status-publish","4":"has-post-thumbnail","6":"product_cat-vajra","8":"first","9":"instock","10":"sale","11":"shipping-taxable","12":"purchasable","13":"product-type-simple"},"_links":{"self":[{"href":"https:\/\/www.secretsofnatureltd.com\/al\/wp-json\/wp\/v2\/product\/1090","targetHints":{"allow":["GET"]}}],"collection":[{"href":"https:\/\/www.secretsofnatureltd.com\/al\/wp-json\/wp\/v2\/product"}],"about":[{"href":"https:\/\/www.secretsofnatureltd.com\/al\/wp-json\/wp\/v2\/types\/product"}],"replies":[{"embeddable":true,"href":"https:\/\/www.secretsofnatureltd.com\/al\/wp-json\/wp\/v2\/comments?post=1090"}],"wp:featuredmedia":[{"embeddable":true,"href":"https:\/\/www.secretsofnatureltd.com\/al\/wp-json\/wp\/v2\/media\/1092"}],"wp:attachment":[{"href":"https:\/\/www.secretsofnatureltd.com\/al\/wp-json\/wp\/v2\/media?parent=1090"}],"wp:term":[{"taxonomy":"product_brand","embeddable":true,"href":"https:\/\/www.secretsofnatureltd.com\/al\/wp-json\/wp\/v2\/product_brand?post=1090"},{"taxonomy":"product_cat","embeddable":true,"href":"https:\/\/www.secretsofnatureltd.com\/al\/wp-json\/wp\/v2\/product_cat?post=1090"},{"taxonomy":"product_tag","embeddable":true,"href":"https:\/\/www.secretsofnatureltd.com\/al\/wp-json\/wp\/v2\/product_tag?post=1090"}],"curies":[{"name":"wp","href":"https:\/\/api.w.org\/{rel}","templated":true}]}}