{"id":1088,"date":"2022-01-09T15:35:12","date_gmt":"2022-01-09T15:35:12","guid":{"rendered":"https:\/\/www.secretsofnatureltd.com\/sq\/?post_type=product&#038;p=1088"},"modified":"2025-04-08T08:44:03","modified_gmt":"2025-04-08T08:44:03","slug":"vaj-i-farave-te-kajsise","status":"publish","type":"product","link":"https:\/\/www.secretsofnatureltd.com\/al\/product\/vaj-i-farave-te-kajsise\/","title":{"rendered":"VAJ KAJSIE"},"content":{"rendered":"<p><strong>Vaj i farave t\u00eb kajsis\u00eb:<\/strong><\/p>\n<ul>\n<li>I p\u00ebrshtatsh\u00ebm p\u00ebr p\u00ebrdorim n\u00eb t\u00eb ftoht\u00eb dhe n\u00eb t\u00eb ngroht\u00eb<\/li>\n<li>Pa proces ngrohje paraprak:farat e kajsis\u00eb nuk ngrohen p\u00ebrpara se t\u00eb trajtohen n\u00eb proces ,e cila do t\u00eb \u04abonte n\u00eb rendiment m\u00eb t\u00eb lart\u00eb e n\u00eb kosto m\u00eb t\u00eb ul\u00ebt.<\/li>\n<li>Vaji i farave t\u00eb kajsis\u00eb Oneva nuk ekspozohet n\u00eb temperatura m\u00eb t\u00eb larta se 400 C gjat\u00eb prodhimit.<\/li>\n<li>100% natyral: pa aplikim kimikatesh,pa aditiv\u00eb t\u00eb shtuar,i pa rafinuar dhe pa aromatizues.<\/li>\n<\/ul>\n<p><strong>P\u00ebrftimet nga vaji i kajsis\u00eb:<\/strong><\/p>\n<ul>\n<li>Kujdesi ndaj l\u00ebkur\u00ebs : vaji i farave t\u00eb kajsis\u00eb p\u00ebrmban acide yndyrore esencial\u00eb ,t\u00eb cil\u00ebt jan\u00eb burime t\u00eb pasura t\u00eb acidit oleik (70%) ,acidit linoleik,vitamin\u00ebs A dhe vitamin\u00ebs E (50mg\/100g),duke e b\u00ebr\u00eb k\u00ebt\u00eb vaj ideal p\u00ebr kujdesin ndaj l\u00ebkur\u00ebs.<\/li>\n<li aria-level=\"1\">Acidet yndyrore esencial\u00eb ndihmojn\u00eb p\u00ebr t\u00eb zbutur l\u00ebkur\u00ebn,nd\u00ebrkoh\u00eb q\u00eb vitaminat A dhe E jan\u00eb burime t\u00eb pasura me antioksidant\u00eb.Antioksidant\u00ebt kan\u00eb si q\u00ebllim dhe inhibojn\u00eb d\u00ebmet n\u00eb qeliz\u00eb t\u00eb shkaktuara nga radikalet e lira n\u00eb trup si pasoj\u00eb e rrezeve ultra vjollc\u00eb ,smogut dhe kimikateve t\u00eb ndryshme.<\/li>\n<li aria-level=\"1\">Vaji i farave t\u00eb kajsis\u00eb,pa e b\u00ebr\u00eb l\u00ebkur\u00ebn t\u00eb yndyrshme e zbut at\u00eb dhe i jep nj\u00eb pamje t\u00eb m\u00ebndafsht\u00eb.<\/li>\n<li aria-level=\"1\">Vaji i farave t\u00eb kajsis\u00eb absorbohet shum\u00eb leht\u00eb nga l\u00ebkura. Ai zbut lekur\u00ebn me an\u00eb t\u00eb vetive t\u00eb tij si nj\u00eb emolient i shk\u00eblqyer.<\/li>\n<li aria-level=\"1\">Vaji i kajsis\u00eb \u00ebsht\u00eb i leht\u00eb dhe jo veshtullor.Hidraton,rigjeneron dhe mbron l\u00ebkurat e ndjeshme apo t\u00eb plakura.<\/li>\n<li aria-level=\"1\">Si nj\u00eb burim i pasur me minerale dhe me element\u00eb si Kal\u00e7ium,Magnez dhe Selen,mban n\u00eb m\u00ebnyr\u00eb t\u00eb vecant\u00eb l\u00ebkurat e thata dhe i jep nj\u00eb pamje t\u00eb fresk\u00ebt e t\u00eb sh\u00ebndetshme.<\/li>\n<li aria-level=\"1\">Rinon l\u00ebkur\u00ebn<\/li>\n<li aria-level=\"1\">Vaji i farave t\u00eb kajsis\u00eb \u00ebsht\u00eb nj\u00eb hidratant i shk\u00eblqyer sepse p\u00ebrmban acide yndyrore esenciale si acidi oleik dhe acidi linoleik,vitaminat A dhe E.Aplikimi i rregullt i tij zbut l\u00ebkur\u00ebn.L\u00ebkurat e plakura, t\u00eb thata dhe ato t\u00eb irrituara nga marrja e tep\u00ebrt e rrezeve t\u00eb diellit,mund t\u00eb aplikojn\u00eb direkt vajin e farave t\u00eb kajsis\u00eb apo produkte si krem\u00ebra,locione dhe balsame q\u00eb e p\u00ebrmbajn\u00eb at\u00eb.<\/li>\n<li aria-level=\"1\">Eliminon aknet<\/li>\n<li aria-level=\"1\">P\u00ebr shkak t\u00eb p\u00ebrmbajtjes s\u00eb tij t\u00eb pasur, ka aft\u00ebsin\u00eb t\u00eb dep\u00ebrtoj\u00eb n\u00eb brend\u00ebsi t\u00eb l\u00ebkur\u00ebs dhe ndihmon n\u00eb zhdukjen e akneve.<\/li>\n<li aria-level=\"1\">Efektet pozitive n\u00eb sistemin e frym\u00ebmarrjes<\/li>\n<li aria-level=\"1\">Vaji i farave t\u00eb kajsis\u00eb p\u00ebrdoret n\u00eb mjek\u00ebsin\u00eb tradicionale kineze p\u00ebr t\u00eb mjekuar s\u00ebmundjet e rrug\u00ebve t\u00eb frym\u00ebmarrjes si kolla,azma dhe bronshiti.<\/li>\n<li aria-level=\"1\">Shum\u00eb i p\u00ebrdor\u00ebsh\u00ebm n\u00eb masazhe dhe aromaterapi<\/li>\n<li aria-level=\"1\">Vaji i farave t\u00eb kajsis\u00eb \u00ebsht\u00eb nj\u00eb vaj i shk\u00eblqyer p\u00ebr masazh. \u00cbsht\u00eb nj\u00eb shp\u00ebrndar\u00ebs i mir\u00eb n\u00eb l\u00ebkur\u00eb i vajrave apo p\u00ebrzierieve n\u00eb t\u00eb cilat \u00ebsht\u00eb vendosur. L\u00ebkura e absorbon shum\u00eb leht\u00eb dhe p\u00ebrdoret gj\u00ebr\u00ebsisht n\u00eb p\u00ebrzieriet e aromaterapis\u00eb.<\/li>\n<li aria-level=\"1\">I b\u00ebn flok\u00ebt m\u00eb t\u00eb sh\u00ebndetshme<\/li>\n<li aria-level=\"1\">Vaji i farave t\u00eb kajsis\u00eb i b\u00ebn flok\u00ebt t\u00eb shndritshme dhe t\u00eb buta. Hidraton dhe rigjeneron rr\u00ebnj\u00ebn e flok\u00ebve sikurse dhe flok\u00ebt.<\/li>\n<\/ul>\n<p><strong>P\u00ebrdorimet e vajit t\u00eb farave t\u00eb kajsis\u00eb:<\/strong><\/p>\n<ul>\n<li aria-level=\"1\">P\u00ebrdoret gj\u00ebr\u00ebsisht n\u00eb industrin\u00eb kozmetike p\u00ebr prodhimin e shum\u00eb produkteve p\u00ebr trajtimin e l\u00ebkur\u00ebs.<\/li>\n<li aria-level=\"1\">\u00cbsht\u00eb shum\u00eb i njohur p\u00ebr at\u00eb ndjesin\u00eb e tij si prej velloje pas aplikimit n\u00eb l\u00ebkur\u00eb dhe p\u00ebr k\u00ebt\u00eb p\u00ebrdoret si p\u00ebrb\u00ebr\u00ebs n\u00eb krem\u00ebra fytyre,shampo trupi dhe produkte mbrojt\u00ebs ndaj diellit.<\/li>\n<li aria-level=\"1\">P\u00ebrmir\u00ebson gj\u00ebndjen e flok\u00ebve duke i dh\u00ebn\u00eb atyre nj\u00eb shk\u00eblqim marram\u00ebnd\u00ebs.<\/li>\n<li aria-level=\"1\">N\u00eb industrin\u00eb ushqimore p\u00ebrdoret p\u00ebr t\u00eb prodhuar \u00ebmb\u00eblsira t\u00eb ndryshme dhe paketime ushqimore.<\/li>\n<li aria-level=\"1\">P\u00ebrdoret n\u00eb produktet e garnitur\u00ebs dhe n\u00eb p\u00ebrzierjet vajore p\u00ebr skuqje.<\/li>\n<li aria-level=\"1\">\u00cbsht\u00eb gj\u00ebr\u00ebsisht i p\u00ebrdorur n\u00eb programet dietike.<\/li>\n<\/ul>\n","protected":false},"excerpt":{"rendered":"<p>Vaj i farave t\u00eb kajsis\u00eb: I p\u00ebrshtatsh\u00ebm p\u00ebr p\u00ebrdorim n\u00eb t\u00eb ftoht\u00eb dhe n\u00eb t\u00eb ngroht\u00eb Pa proces ngrohje paraprak:farat e kajsis\u00eb nuk ngrohen p\u00ebrpara se t\u00eb trajtohen n\u00eb proces ,e cila do t\u00eb \u04abonte n\u00eb rendiment m\u00eb t\u00eb lart\u00eb e n\u00eb kosto m\u00eb t\u00eb ul\u00ebt. Vaji i farave t\u00eb kajsis\u00eb Oneva nuk ekspozohet n\u00eb &hellip;<\/p>\n<p class=\"read-more\"> <a class=\"\" href=\"https:\/\/www.secretsofnatureltd.com\/al\/product\/vaj-i-farave-te-kajsise\/\"> <span class=\"screen-reader-text\">VAJ KAJSIE<\/span> Read More &raquo;<\/a><\/p>\n","protected":false},"featured_media":1089,"comment_status":"open","ping_status":"closed","template":"","meta":{"site-sidebar-layout":"default","site-content-layout":"default","ast-main-header-display":"","ast-hfb-above-header-display":"","ast-hfb-below-header-display":"","ast-hfb-mobile-header-display":"","site-post-title":"","ast-breadcrumbs-content":"","ast-featured-img":"","footer-sml-layout":"","theme-transparent-header-meta":"default","adv-header-id-meta":"","stick-header-meta":"","header-above-stick-meta":"","header-main-stick-meta":"","header-below-stick-meta":""},"product_brand":[],"product_cat":[42],"product_tag":[],"class_list":{"0":"post-1088","1":"product","2":"type-product","3":"status-publish","4":"has-post-thumbnail","6":"product_cat-vajra","8":"first","9":"instock","10":"shipping-taxable","11":"purchasable","12":"product-type-simple"},"_links":{"self":[{"href":"https:\/\/www.secretsofnatureltd.com\/al\/wp-json\/wp\/v2\/product\/1088","targetHints":{"allow":["GET"]}}],"collection":[{"href":"https:\/\/www.secretsofnatureltd.com\/al\/wp-json\/wp\/v2\/product"}],"about":[{"href":"https:\/\/www.secretsofnatureltd.com\/al\/wp-json\/wp\/v2\/types\/product"}],"replies":[{"embeddable":true,"href":"https:\/\/www.secretsofnatureltd.com\/al\/wp-json\/wp\/v2\/comments?post=1088"}],"wp:featuredmedia":[{"embeddable":true,"href":"https:\/\/www.secretsofnatureltd.com\/al\/wp-json\/wp\/v2\/media\/1089"}],"wp:attachment":[{"href":"https:\/\/www.secretsofnatureltd.com\/al\/wp-json\/wp\/v2\/media?parent=1088"}],"wp:term":[{"taxonomy":"product_brand","embeddable":true,"href":"https:\/\/www.secretsofnatureltd.com\/al\/wp-json\/wp\/v2\/product_brand?post=1088"},{"taxonomy":"product_cat","embeddable":true,"href":"https:\/\/www.secretsofnatureltd.com\/al\/wp-json\/wp\/v2\/product_cat?post=1088"},{"taxonomy":"product_tag","embeddable":true,"href":"https:\/\/www.secretsofnatureltd.com\/al\/wp-json\/wp\/v2\/product_tag?post=1088"}],"curies":[{"name":"wp","href":"https:\/\/api.w.org\/{rel}","templated":true}]}}