{"id":1063,"date":"2021-12-22T12:04:58","date_gmt":"2021-12-22T12:04:58","guid":{"rendered":"https:\/\/www.secretsofnatureltd.com\/sq\/?post_type=product&#038;p=1063"},"modified":"2025-04-08T08:44:03","modified_gmt":"2025-04-08T08:44:03","slug":"baby-hair-and-body-shampoo","status":"publish","type":"product","link":"https:\/\/www.secretsofnatureltd.com\/al\/product\/baby-hair-and-body-shampoo\/","title":{"rendered":"BABY HAIR AND BODY SHAMPOO"},"content":{"rendered":"<p><em>Baby Natural Shampoo<\/em> \u00ebsht\u00eb nj\u00eb produkt artizanal i formuluar nga farmaciste Eriona dhe i p\u00ebrgatitur me p\u00ebrb\u00ebr\u00ebs <em><strong>100% natyral<\/strong><\/em>. Me an\u00eb t\u00eb p\u00ebrzierjes s\u00eb saj unike midis vajrave esenciale dhe ekstrakteve bimore, kjo shampoo siguron q\u00eb l\u00ebkura e bebit tuaj t\u00eb jet\u00eb gjithmon\u00eb e but\u00eb dhe e mbrojtur. Kombinim natyral p\u00ebr p\u00ebrkujdesjen e l\u00ebkur\u00ebs s\u00eb bebes tuaj.<\/p>\n<p><strong>Kujdes:<\/strong> Formuluar p\u00ebr t\u00eb minimizuar rrezikun e reaksioneve alergjike, por n\u00ebse keni ndonj\u00eb alergji ose tregoni ndonj\u00eb shenj\u00eb alergjie nga p\u00ebrb\u00ebr\u00ebsit e m\u00ebsip\u00ebrm, ju lutemi NDALONI p\u00ebrdorimin e k\u00ebtij produkti<strong>!<\/strong><\/p>\n","protected":false},"excerpt":{"rendered":"<p>Baby Natural Shampoo \u00ebsht\u00eb nj\u00eb produkt artizanal i formuluar nga farmaciste Eriona dhe i p\u00ebrgatitur me p\u00ebrb\u00ebr\u00ebs 100% natyral. Me an\u00eb t\u00eb p\u00ebrzierjes s\u00eb saj unike midis vajrave esenciale dhe ekstrakteve bimore, kjo shampoo siguron q\u00eb l\u00ebkura e bebit tuaj t\u00eb jet\u00eb gjithmon\u00eb e but\u00eb dhe e mbrojtur. Kombinim natyral p\u00ebr p\u00ebrkujdesjen e l\u00ebkur\u00ebs s\u00eb &hellip;<\/p>\n<p class=\"read-more\"> <a class=\"\" href=\"https:\/\/www.secretsofnatureltd.com\/al\/product\/baby-hair-and-body-shampoo\/\"> <span class=\"screen-reader-text\">BABY HAIR AND BODY SHAMPOO<\/span> Read More &raquo;<\/a><\/p>\n","protected":false},"featured_media":1490,"comment_status":"open","ping_status":"closed","template":"","meta":{"site-sidebar-layout":"default","site-content-layout":"default","ast-main-header-display":"","ast-hfb-above-header-display":"","ast-hfb-below-header-display":"","ast-hfb-mobile-header-display":"","site-post-title":"","ast-breadcrumbs-content":"","ast-featured-img":"","footer-sml-layout":"","theme-transparent-header-meta":"default","adv-header-id-meta":"","stick-header-meta":"","header-above-stick-meta":"","header-main-stick-meta":"","header-below-stick-meta":""},"product_brand":[],"product_cat":[64],"product_tag":[],"class_list":{"0":"post-1063","1":"product","2":"type-product","3":"status-publish","4":"has-post-thumbnail","6":"product_cat-bukuria","8":"first","9":"instock","10":"shipping-taxable","11":"purchasable","12":"product-type-simple"},"_links":{"self":[{"href":"https:\/\/www.secretsofnatureltd.com\/al\/wp-json\/wp\/v2\/product\/1063","targetHints":{"allow":["GET"]}}],"collection":[{"href":"https:\/\/www.secretsofnatureltd.com\/al\/wp-json\/wp\/v2\/product"}],"about":[{"href":"https:\/\/www.secretsofnatureltd.com\/al\/wp-json\/wp\/v2\/types\/product"}],"replies":[{"embeddable":true,"href":"https:\/\/www.secretsofnatureltd.com\/al\/wp-json\/wp\/v2\/comments?post=1063"}],"wp:featuredmedia":[{"embeddable":true,"href":"https:\/\/www.secretsofnatureltd.com\/al\/wp-json\/wp\/v2\/media\/1490"}],"wp:attachment":[{"href":"https:\/\/www.secretsofnatureltd.com\/al\/wp-json\/wp\/v2\/media?parent=1063"}],"wp:term":[{"taxonomy":"product_brand","embeddable":true,"href":"https:\/\/www.secretsofnatureltd.com\/al\/wp-json\/wp\/v2\/product_brand?post=1063"},{"taxonomy":"product_cat","embeddable":true,"href":"https:\/\/www.secretsofnatureltd.com\/al\/wp-json\/wp\/v2\/product_cat?post=1063"},{"taxonomy":"product_tag","embeddable":true,"href":"https:\/\/www.secretsofnatureltd.com\/al\/wp-json\/wp\/v2\/product_tag?post=1063"}],"curies":[{"name":"wp","href":"https:\/\/api.w.org\/{rel}","templated":true}]}}