{"id":1056,"date":"2021-12-22T11:50:47","date_gmt":"2021-12-22T11:50:47","guid":{"rendered":"https:\/\/www.secretsofnatureltd.com\/sq\/?post_type=product&#038;p=1056"},"modified":"2025-04-08T08:44:03","modified_gmt":"2025-04-08T08:44:03","slug":"mama-nipple-cream","status":"publish","type":"product","link":"https:\/\/www.secretsofnatureltd.com\/al\/product\/mama-nipple-cream\/","title":{"rendered":"MAMA NIPPLE CREAM"},"content":{"rendered":"<p><em>Mama Nipple Cream<\/em> \u00ebsht\u00eb nj\u00eb produkt artizanal i formuluar nga farmaciste Eriona, p\u00ebrgatitur me p\u00ebrb\u00ebr\u00ebs <strong><em>100% natyral.<\/em><\/strong> Ky krem i dedikuar n\u00ebnave, i jep fund plag\u00ebve t\u00eb majave t\u00eb gjinjve. Formala e tij natyrale me <em>Gjalp Shea, Vaj Susami, Vaj Kokosi <\/em>etj, sjell efektet e d\u00ebshiruara tek p\u00ebrdorueset duke e ushqyer l\u00ebkur\u00ebn me vetit\u00eb natyrale t\u00eb p\u00ebrb\u00ebrjes. Mungesa e lanolin\u00ebs dhe dyllit t\u00eb blet\u00ebs n\u00eb formulim, e b\u00ebn k\u00ebt\u00eb krem t\u00ebr\u00ebsisht t\u00eb pad\u00ebmsh\u00ebm p\u00ebr bebet q\u00eb ushqehen akoma me qum\u00ebsht gjiri.<\/p>\n<p><strong>Perdorimi:<\/strong><\/p>\n<ul>\n<li>Lyhet koka e gjirit pas \u00e7do gji-dhenie.<\/li>\n<li>Nuk ka nevoje te largohet kremi para gji-dhenies.<\/li>\n<li>Kremi nuk demton beben.<\/li>\n<li>P\u00ebr efekt maksimal, k\u00ebshillohet t\u00eb p\u00ebrdoret q\u00eb n\u00eb momentin e par\u00eb t\u00eb gji-dh\u00ebnies.<\/li>\n<\/ul>\n<p><strong>Kujdes:<\/strong> Formuluar p\u00ebr t\u00eb minimizuar rrezikun e reaksioneve alergjike, por n\u00ebse keni ndonj\u00eb alergji ose shfaqni ndonj\u00eb alergji nga p\u00ebrb\u00ebr\u00ebsit e m\u00ebsip\u00ebrm, ju lutemi NDALONI p\u00ebrdorimin e k\u00ebtij produkti<strong>!<\/strong><\/p>\n<p><strong>\u00a0<\/strong><\/p>\n","protected":false},"excerpt":{"rendered":"<p>Mama Nipple Cream \u00ebsht\u00eb nj\u00eb produkt artizanal i formuluar nga farmaciste Eriona, p\u00ebrgatitur me p\u00ebrb\u00ebr\u00ebs 100% natyral. Ky krem i dedikuar n\u00ebnave, i jep fund plag\u00ebve t\u00eb majave t\u00eb gjinjve. Formala e tij natyrale me Gjalp Shea, Vaj Susami, Vaj Kokosi etj, sjell efektet e d\u00ebshiruara tek p\u00ebrdorueset duke e ushqyer l\u00ebkur\u00ebn me vetit\u00eb natyrale &hellip;<\/p>\n<p class=\"read-more\"> <a class=\"\" href=\"https:\/\/www.secretsofnatureltd.com\/al\/product\/mama-nipple-cream\/\"> <span class=\"screen-reader-text\">MAMA NIPPLE CREAM<\/span> Read More &raquo;<\/a><\/p>\n","protected":false},"featured_media":1057,"comment_status":"open","ping_status":"closed","template":"","meta":{"site-sidebar-layout":"default","site-content-layout":"default","ast-main-header-display":"","ast-hfb-above-header-display":"","ast-hfb-below-header-display":"","ast-hfb-mobile-header-display":"","site-post-title":"","ast-breadcrumbs-content":"","ast-featured-img":"","footer-sml-layout":"","theme-transparent-header-meta":"default","adv-header-id-meta":"","stick-header-meta":"","header-above-stick-meta":"","header-main-stick-meta":"","header-below-stick-meta":""},"product_brand":[],"product_cat":[64],"product_tag":[],"class_list":{"0":"post-1056","1":"product","2":"type-product","3":"status-publish","4":"has-post-thumbnail","6":"product_cat-bukuria","8":"first","9":"instock","10":"shipping-taxable","11":"purchasable","12":"product-type-simple"},"_links":{"self":[{"href":"https:\/\/www.secretsofnatureltd.com\/al\/wp-json\/wp\/v2\/product\/1056","targetHints":{"allow":["GET"]}}],"collection":[{"href":"https:\/\/www.secretsofnatureltd.com\/al\/wp-json\/wp\/v2\/product"}],"about":[{"href":"https:\/\/www.secretsofnatureltd.com\/al\/wp-json\/wp\/v2\/types\/product"}],"replies":[{"embeddable":true,"href":"https:\/\/www.secretsofnatureltd.com\/al\/wp-json\/wp\/v2\/comments?post=1056"}],"wp:featuredmedia":[{"embeddable":true,"href":"https:\/\/www.secretsofnatureltd.com\/al\/wp-json\/wp\/v2\/media\/1057"}],"wp:attachment":[{"href":"https:\/\/www.secretsofnatureltd.com\/al\/wp-json\/wp\/v2\/media?parent=1056"}],"wp:term":[{"taxonomy":"product_brand","embeddable":true,"href":"https:\/\/www.secretsofnatureltd.com\/al\/wp-json\/wp\/v2\/product_brand?post=1056"},{"taxonomy":"product_cat","embeddable":true,"href":"https:\/\/www.secretsofnatureltd.com\/al\/wp-json\/wp\/v2\/product_cat?post=1056"},{"taxonomy":"product_tag","embeddable":true,"href":"https:\/\/www.secretsofnatureltd.com\/al\/wp-json\/wp\/v2\/product_tag?post=1056"}],"curies":[{"name":"wp","href":"https:\/\/api.w.org\/{rel}","templated":true}]}}