{"id":1049,"date":"2021-12-22T11:30:29","date_gmt":"2021-12-22T11:30:29","guid":{"rendered":"https:\/\/www.secretsofnatureltd.com\/sq\/?post_type=product&#038;p=1049"},"modified":"2025-04-08T08:44:03","modified_gmt":"2025-04-08T08:44:03","slug":"mama-anti-stretch-marks-oil","status":"publish","type":"product","link":"https:\/\/www.secretsofnatureltd.com\/al\/product\/mama-anti-stretch-marks-oil\/","title":{"rendered":"MAMA ANTI-STRETCH MARKS OIL"},"content":{"rendered":"<p><em>Mama Anti-Stretch Marks Oil<\/em> \u00ebsht\u00eb nj\u00eb produkt i formuluar nga farmaciste Eriona m\u00eb p\u00ebrb\u00ebr\u00ebs <em><strong>100% natyral<\/strong><\/em>. Nj\u00eb miksim i zgjedhur i disa vajrave t\u00eb ndrysh\u00ebm. Kombinim i ideuar p\u00ebr t\u00eb parandaluar daljen e strijave. L\u00ebkura fiton elasticitetin e munguar, duke i dh\u00ebn\u00eb k\u00ebshtu l\u00ebkur\u00ebs mund\u00ebsi t\u00eb p\u00ebrshtatet me ndryshimet e trupit pa l\u00ebn\u00eb shenja pas.<\/p>\n<ul style=\"font-size: 16px; font-style: normal; font-weight: 400;\">\n<li style=\"font-size: 16px;\">I p\u00ebrshtatsh\u00ebm p\u00ebr n\u00ebnat shtatzan\u00eb<\/li>\n<li style=\"font-size: 16px;\">Jo i d\u00ebmsh\u00ebm p\u00ebr bebin<\/li>\n<li style=\"font-size: 16px;\">Ndihmon n\u00eb parandalimin e strijave duke i shtuar eleasticitetin dhe hidratimin e l\u00ebkur\u00ebs<\/li>\n<\/ul>\n<p><strong>P\u00ebrdorimi:<\/strong><\/p>\n<p>Aplikojeni n\u00eb zon\u00ebn e barkut 1-4 h\u00ebr\u00eb n\u00eb dit\u00eb, duke e masazhuar leht\u00eb. Sa me shum\u00eb t\u00eb rritet barku i n\u00ebn\u00ebs aq m\u00eb shum\u00eb rrisni sasin\u00eb e aplikuar t\u00eb produktit, n\u00eb m\u00ebnyr\u00eb q\u00eb t\u00eb parandaloni strijat gjat\u00eb shtatzanis\u00eb, n\u00eb zon\u00ebn e barkut.<\/p>\n<p><strong>Kujdes:<\/strong> Formuluar p\u00ebr t\u00eb minimizuar rrezikun e reaksioneve alergjike, por n\u00ebse keni ndonj\u00eb alergji ose shfaqni ndonj\u00eb alergji nga p\u00ebrb\u00ebr\u00ebsit e m\u00ebsip\u00ebrm, ju lutemi NDALONI p\u00ebrdorimin e k\u00ebtij produkti<strong>!<\/strong><\/p>\n<p><strong>\u00a0<\/strong><\/p>\n","protected":false},"excerpt":{"rendered":"<p>Mama Anti-Stretch Marks Oil \u00ebsht\u00eb nj\u00eb produkt i formuluar nga farmaciste Eriona m\u00eb p\u00ebrb\u00ebr\u00ebs 100% natyral. Nj\u00eb miksim i zgjedhur i disa vajrave t\u00eb ndrysh\u00ebm. Kombinim i ideuar p\u00ebr t\u00eb parandaluar daljen e strijave. L\u00ebkura fiton elasticitetin e munguar, duke i dh\u00ebn\u00eb k\u00ebshtu l\u00ebkur\u00ebs mund\u00ebsi t\u00eb p\u00ebrshtatet me ndryshimet e trupit pa l\u00ebn\u00eb shenja pas. &hellip;<\/p>\n<p class=\"read-more\"> <a class=\"\" href=\"https:\/\/www.secretsofnatureltd.com\/al\/product\/mama-anti-stretch-marks-oil\/\"> <span class=\"screen-reader-text\">MAMA ANTI-STRETCH MARKS OIL<\/span> Read More &raquo;<\/a><\/p>\n","protected":false},"featured_media":1050,"comment_status":"open","ping_status":"closed","template":"","meta":{"site-sidebar-layout":"default","site-content-layout":"default","ast-main-header-display":"","ast-hfb-above-header-display":"","ast-hfb-below-header-display":"","ast-hfb-mobile-header-display":"","site-post-title":"","ast-breadcrumbs-content":"","ast-featured-img":"","footer-sml-layout":"","theme-transparent-header-meta":"default","adv-header-id-meta":"","stick-header-meta":"","header-above-stick-meta":"","header-main-stick-meta":"","header-below-stick-meta":""},"product_brand":[],"product_cat":[64,57],"product_tag":[],"class_list":{"0":"post-1049","1":"product","2":"type-product","3":"status-publish","4":"has-post-thumbnail","6":"product_cat-bukuria","7":"product_cat-vaj-kundra-strijave","9":"first","10":"instock","11":"shipping-taxable","12":"purchasable","13":"product-type-simple"},"_links":{"self":[{"href":"https:\/\/www.secretsofnatureltd.com\/al\/wp-json\/wp\/v2\/product\/1049","targetHints":{"allow":["GET"]}}],"collection":[{"href":"https:\/\/www.secretsofnatureltd.com\/al\/wp-json\/wp\/v2\/product"}],"about":[{"href":"https:\/\/www.secretsofnatureltd.com\/al\/wp-json\/wp\/v2\/types\/product"}],"replies":[{"embeddable":true,"href":"https:\/\/www.secretsofnatureltd.com\/al\/wp-json\/wp\/v2\/comments?post=1049"}],"wp:featuredmedia":[{"embeddable":true,"href":"https:\/\/www.secretsofnatureltd.com\/al\/wp-json\/wp\/v2\/media\/1050"}],"wp:attachment":[{"href":"https:\/\/www.secretsofnatureltd.com\/al\/wp-json\/wp\/v2\/media?parent=1049"}],"wp:term":[{"taxonomy":"product_brand","embeddable":true,"href":"https:\/\/www.secretsofnatureltd.com\/al\/wp-json\/wp\/v2\/product_brand?post=1049"},{"taxonomy":"product_cat","embeddable":true,"href":"https:\/\/www.secretsofnatureltd.com\/al\/wp-json\/wp\/v2\/product_cat?post=1049"},{"taxonomy":"product_tag","embeddable":true,"href":"https:\/\/www.secretsofnatureltd.com\/al\/wp-json\/wp\/v2\/product_tag?post=1049"}],"curies":[{"name":"wp","href":"https:\/\/api.w.org\/{rel}","templated":true}]}}