{"id":1037,"date":"2021-12-18T10:29:38","date_gmt":"2021-12-18T10:29:38","guid":{"rendered":"https:\/\/www.secretsofnatureltd.com\/sq\/?post_type=product&#038;p=1037"},"modified":"2025-04-08T08:44:03","modified_gmt":"2025-04-08T08:44:03","slug":"sun-body-lotion","status":"publish","type":"product","link":"https:\/\/www.secretsofnatureltd.com\/al\/product\/sun-body-lotion\/","title":{"rendered":"SUN BODY LOTION"},"content":{"rendered":"<p><em><i>Sun Body Lotion <\/i><\/em>produkt artizanal i formuluar nga farmaciste Eriona, p\u00ebrgatitur me p\u00ebrb\u00ebr\u00ebs <strong><em><b><i>100% natyral<\/i><\/b><\/em><\/strong>. Ky krem mund\u00ebson mbrojtjen e trupit tuaj dhe p\u00ebrkujdeset p\u00ebr cdo d\u00ebmtim t\u00eb shkaktuar nga rrezet UVA dhe UVB. Duke p\u00ebrdorur k\u00ebt\u00eb krem me 45 SPF, trupi juaj mbrohet dhe nga rrezet e diellit, dhe ushqehet nga p\u00ebrb\u00ebr\u00ebsit natyral t\u00eb kremit. Rrezet e diellit jane aq t\u00eb d\u00ebmshme, sa mund t\u00eb behen shkaktare t\u00eb kancerit t\u00eb l\u00ebkur\u00ebs dhe jo vet\u00ebm. Ky krem me mbrojtes natyral nuk d\u00ebmton l\u00ebkuren tuaj edhe nuk ka efekte an\u00ebsore.<\/p>\n<p>N\u00eb stin\u00ebn e veres rrezet e diellit jan\u00eb m\u00eb t\u00eb forta dhe shum\u00eb m\u00eb t\u00eb d\u00ebmshme. \u00cbsht\u00eb i domosdosh\u00ebm p\u00ebrdorimi i kremit t\u00eb diellit, q\u00eb t\u00eb parandaloj\u00eb formimin e shenjave t\u00eb reja n\u00eb l\u00ebkur\u00eb dhe acarimin e atyre q\u00eb gjenden.<\/p>\n<p><strong>P\u00ebrdorimi:<\/strong><\/p>\n<ul>\n<li>Aplikojeni n\u00eb trup \u00e7do 2 or\u00eb, kur jeni t\u00eb ekspozuar n\u00eb diell.<\/li>\n<li>Kujdes me ekspozimin ne diell edhe pas aplikimit te kremit, sidomos dit\u00ebt e para t\u00eb aplikimit.<\/li>\n<li>Kremi mund t\u00eb rr\u00ebshkasi n\u00eb momentin e kontaktit me ujin.<\/li>\n<\/ul>\n<p><strong>Kujdes:<\/strong> Formuluar p\u00ebr t\u00eb minimizuar rrezikun e reaksioneve alergjike, por n\u00ebse keni ndonj\u00eb alergji ose shfaqni ndonj\u00eb alergji nga p\u00ebrb\u00ebr\u00ebsit e m\u00ebsip\u00ebrm, ju lutemi NDALONI p\u00ebrdorimin e k\u00ebtij produkti<strong>!<\/strong><\/p>\n","protected":false},"excerpt":{"rendered":"<p>Sun Body Lotion produkt artizanal i formuluar nga farmaciste Eriona, p\u00ebrgatitur me p\u00ebrb\u00ebr\u00ebs 100% natyral. Ky krem mund\u00ebson mbrojtjen e trupit tuaj dhe p\u00ebrkujdeset p\u00ebr cdo d\u00ebmtim t\u00eb shkaktuar nga rrezet UVA dhe UVB. Duke p\u00ebrdorur k\u00ebt\u00eb krem me 45 SPF, trupi juaj mbrohet dhe nga rrezet e diellit, dhe ushqehet nga p\u00ebrb\u00ebr\u00ebsit natyral t\u00eb &hellip;<\/p>\n<p class=\"read-more\"> <a class=\"\" href=\"https:\/\/www.secretsofnatureltd.com\/al\/product\/sun-body-lotion\/\"> <span class=\"screen-reader-text\">SUN BODY LOTION<\/span> Read More &raquo;<\/a><\/p>\n","protected":false},"featured_media":1510,"comment_status":"open","ping_status":"closed","template":"","meta":{"site-sidebar-layout":"default","site-content-layout":"default","ast-main-header-display":"","ast-hfb-above-header-display":"","ast-hfb-below-header-display":"","ast-hfb-mobile-header-display":"","site-post-title":"","ast-breadcrumbs-content":"","ast-featured-img":"","footer-sml-layout":"","theme-transparent-header-meta":"default","adv-header-id-meta":"","stick-header-meta":"","header-above-stick-meta":"","header-main-stick-meta":"","header-below-stick-meta":""},"product_brand":[],"product_cat":[64,38],"product_tag":[],"class_list":{"0":"post-1037","1":"product","2":"type-product","3":"status-publish","4":"has-post-thumbnail","6":"product_cat-bukuria","7":"product_cat-trupi","9":"first","10":"outofstock","11":"sale","12":"shipping-taxable","13":"purchasable","14":"product-type-simple"},"_links":{"self":[{"href":"https:\/\/www.secretsofnatureltd.com\/al\/wp-json\/wp\/v2\/product\/1037","targetHints":{"allow":["GET"]}}],"collection":[{"href":"https:\/\/www.secretsofnatureltd.com\/al\/wp-json\/wp\/v2\/product"}],"about":[{"href":"https:\/\/www.secretsofnatureltd.com\/al\/wp-json\/wp\/v2\/types\/product"}],"replies":[{"embeddable":true,"href":"https:\/\/www.secretsofnatureltd.com\/al\/wp-json\/wp\/v2\/comments?post=1037"}],"wp:featuredmedia":[{"embeddable":true,"href":"https:\/\/www.secretsofnatureltd.com\/al\/wp-json\/wp\/v2\/media\/1510"}],"wp:attachment":[{"href":"https:\/\/www.secretsofnatureltd.com\/al\/wp-json\/wp\/v2\/media?parent=1037"}],"wp:term":[{"taxonomy":"product_brand","embeddable":true,"href":"https:\/\/www.secretsofnatureltd.com\/al\/wp-json\/wp\/v2\/product_brand?post=1037"},{"taxonomy":"product_cat","embeddable":true,"href":"https:\/\/www.secretsofnatureltd.com\/al\/wp-json\/wp\/v2\/product_cat?post=1037"},{"taxonomy":"product_tag","embeddable":true,"href":"https:\/\/www.secretsofnatureltd.com\/al\/wp-json\/wp\/v2\/product_tag?post=1037"}],"curies":[{"name":"wp","href":"https:\/\/api.w.org\/{rel}","templated":true}]}}