{"id":1036,"date":"2021-12-18T10:23:28","date_gmt":"2021-12-18T10:23:28","guid":{"rendered":"https:\/\/www.secretsofnatureltd.com\/sq\/?post_type=product&#038;p=1036"},"modified":"2025-06-12T09:21:28","modified_gmt":"2025-06-12T09:21:28","slug":"sun-face-cream","status":"publish","type":"product","link":"https:\/\/www.secretsofnatureltd.com\/al\/product\/sun-face-cream\/","title":{"rendered":"SUNSCREEN FACE CREAM"},"content":{"rendered":"<p><em><i>Sun Face Cream \u00ebsht\u00eb nj\u00eb <\/i><\/em>produkt artizanal i formuluar nga farmaciste Eriona, p\u00ebrgatitur me p\u00ebrb\u00ebr\u00ebs <strong><em><b><i>100% natyral<\/i><\/b><\/em><\/strong>. Ky krem mund\u00ebson mbrojtjen e fytyr\u00ebs tuaj dhe p\u00ebrkujdeset p\u00ebr cdo d\u00ebmtim t\u00eb shkaktuar nga rrezet UVA dhe UVB. Duke p\u00ebrdorur k\u00ebt\u00eb krem me 45 SPF, fytyra juaj mbrohet dhe nga rrezet e diellit, dhe ushqehet nga p\u00ebrb\u00ebr\u00ebsit natyral t\u00eb kremit. Kremi kundra diellit nuk lejon krijimin e rrudhave dhe njollave t\u00eb diellit n\u00eb l\u00ebkur\u00eb. Rrezet e diellit jane aq t\u00eb d\u00ebmshme, sa mund t\u00eb behen shkaktare t\u00eb kancerit t\u00eb l\u00ebkur\u00ebs dhe jo vet\u00ebm. Ky krem me mbrojtes natyral nuk d\u00ebmton l\u00ebkuren tuaj edhe nuk ka efekte an\u00ebsore.<\/p>\n<p>N\u00eb stin\u00ebn e veres rrezet e diellit jan\u00eb m\u00eb t\u00eb forta dhe shum\u00eb m\u00eb t\u00eb d\u00ebmshme. \u00cbsht\u00eb i domosdosh\u00ebm p\u00ebrdorimi i kremit t\u00eb diellit, q\u00eb t\u00eb parandaloj\u00eb formimin e shenjave t\u00eb reja n\u00eb l\u00ebkur\u00eb dhe acarimin e atyre q\u00eb gjenden.<\/p>\n<p><strong>P\u00ebrdorimi:<\/strong><\/p>\n<ul>\n<li>P\u00ebrdoret \u00e7do dit\u00eb.<\/li>\n<li>Aplikojeni n\u00ebfytyr\u00eb\u00a0t\u00eb\u00a0past\u00ebr, p\u00ebrpara ekspozimit n\u00eb<\/li>\n<li>Aplikojeni \u00e7do 2-3or\u00eb gjat\u00eb dit\u00ebs.<\/li>\n<\/ul>\n<p><strong><b>Kujdes:<\/b><\/strong>\u00a0N\u00ebse keni ndonj\u00eb alergji ose tregoni ndonj\u00eb alergji nga p\u00ebrb\u00ebr\u00ebsit e m\u00ebsip\u00ebrm, ju lutemi NDALONI\u00a0p\u00ebrdorimin e produktit<strong><b>!<\/b><\/strong><\/p>\n","protected":false},"excerpt":{"rendered":"<p>Sun Face Cream \u00ebsht\u00eb nj\u00eb produkt artizanal i formuluar nga farmaciste Eriona, p\u00ebrgatitur me p\u00ebrb\u00ebr\u00ebs 100% natyral. Ky krem mund\u00ebson mbrojtjen e fytyr\u00ebs tuaj dhe p\u00ebrkujdeset p\u00ebr cdo d\u00ebmtim t\u00eb shkaktuar nga rrezet UVA dhe UVB. Duke p\u00ebrdorur k\u00ebt\u00eb krem me 45 SPF, fytyra juaj mbrohet dhe nga rrezet e diellit, dhe ushqehet nga p\u00ebrb\u00ebr\u00ebsit &hellip;<\/p>\n<p class=\"read-more\"> <a class=\"\" href=\"https:\/\/www.secretsofnatureltd.com\/al\/product\/sun-face-cream\/\"> <span class=\"screen-reader-text\">SUNSCREEN FACE CREAM<\/span> Read More &raquo;<\/a><\/p>\n","protected":false},"featured_media":2699,"comment_status":"open","ping_status":"closed","template":"","meta":{"site-sidebar-layout":"default","site-content-layout":"default","ast-main-header-display":"","ast-hfb-above-header-display":"","ast-hfb-below-header-display":"","ast-hfb-mobile-header-display":"","site-post-title":"","ast-breadcrumbs-content":"","ast-featured-img":"","footer-sml-layout":"","theme-transparent-header-meta":"default","adv-header-id-meta":"","stick-header-meta":"","header-above-stick-meta":"","header-main-stick-meta":"","header-below-stick-meta":""},"product_brand":[],"product_cat":[64,36],"product_tag":[],"class_list":{"0":"post-1036","1":"product","2":"type-product","3":"status-publish","4":"has-post-thumbnail","6":"product_cat-bukuria","7":"product_cat-fytyra","9":"first","10":"instock","11":"shipping-taxable","12":"purchasable","13":"product-type-simple"},"_links":{"self":[{"href":"https:\/\/www.secretsofnatureltd.com\/al\/wp-json\/wp\/v2\/product\/1036","targetHints":{"allow":["GET"]}}],"collection":[{"href":"https:\/\/www.secretsofnatureltd.com\/al\/wp-json\/wp\/v2\/product"}],"about":[{"href":"https:\/\/www.secretsofnatureltd.com\/al\/wp-json\/wp\/v2\/types\/product"}],"replies":[{"embeddable":true,"href":"https:\/\/www.secretsofnatureltd.com\/al\/wp-json\/wp\/v2\/comments?post=1036"}],"wp:featuredmedia":[{"embeddable":true,"href":"https:\/\/www.secretsofnatureltd.com\/al\/wp-json\/wp\/v2\/media\/2699"}],"wp:attachment":[{"href":"https:\/\/www.secretsofnatureltd.com\/al\/wp-json\/wp\/v2\/media?parent=1036"}],"wp:term":[{"taxonomy":"product_brand","embeddable":true,"href":"https:\/\/www.secretsofnatureltd.com\/al\/wp-json\/wp\/v2\/product_brand?post=1036"},{"taxonomy":"product_cat","embeddable":true,"href":"https:\/\/www.secretsofnatureltd.com\/al\/wp-json\/wp\/v2\/product_cat?post=1036"},{"taxonomy":"product_tag","embeddable":true,"href":"https:\/\/www.secretsofnatureltd.com\/al\/wp-json\/wp\/v2\/product_tag?post=1036"}],"curies":[{"name":"wp","href":"https:\/\/api.w.org\/{rel}","templated":true}]}}