{"id":1033,"date":"2021-12-15T13:51:18","date_gmt":"2021-12-15T13:51:18","guid":{"rendered":"https:\/\/www.secretsofnatureltd.com\/sq\/?post_type=product&#038;p=1033"},"modified":"2025-04-08T08:44:03","modified_gmt":"2025-04-08T08:44:03","slug":"vaj-susami","status":"publish","type":"product","link":"https:\/\/www.secretsofnatureltd.com\/al\/product\/vaj-susami\/","title":{"rendered":"VAJ SUSAMI"},"content":{"rendered":"<p><strong>Vaj Susami<\/strong><\/p>\n<p>100% natyral: pa aplikim kimikatesh, pa aditiv\u00eb t\u00eb shtuar, i pa rafinuar dhe pa aromatizues. Vaji i farave t\u00eb susamit, i punuar me sistemin e presimit n\u00eb t\u00eb ftoht\u00eb, \u00ebsht\u00eb nj\u00eb vaj me shum\u00eb vlera kurative. Ai mund t\u00eb p\u00ebrdoret p\u00ebr l\u00ebkur\u00ebn e fytyres, skalpin e kok\u00ebs si dhe t\u00eb konsumohet n\u00eb ushqime t\u00eb ftohta, si psh: sallat\u00ebrat. Vetit\u00eb anti-bakteriale dhe anti-virale q\u00eb ky vaj p\u00ebrmban, mund\u00ebsojn\u00eb q\u00eb l\u00ebkura t\u00eb rigjenerohet. P\u00ebrdorimi i k\u00ebtij vaji n\u00eb flok\u00eb, siguron rigjenerimin e skalpit t\u00eb kok\u00ebs dhe i jep shk\u00eblqim flokut.<\/p>\n<p><strong>Vetit\u00eb e vajit t\u00eb susamit:<\/strong><\/p>\n<ul>\n<li>Vaji i susamit \u00ebsht\u00eb i pasur me vitaminat: A, B1, B2, B3 dhe E.<\/li>\n<li>Ky vaj i \u00ebmb\u00ebl me shije tipike \u00ebsh\u00eb jasht\u00ebzakonisht i r\u00ebnd\u00ebsish\u00ebm p\u00ebr sh\u00ebndetin ton\u00eb.<\/li>\n<li>Ka nj\u00eb p\u00ebrmbajtje t\u00eb lart\u00eb mineralesh si kal\u00e7ium, magnez dhe fosfor.<\/li>\n<\/ul>\n<p><strong>P\u00ebrftimet nga vaji i susamit:<\/strong><\/p>\n<ul>\n<li>Veti antibakteriale<\/li>\n<li>Antioksidant aktiv<\/li>\n<li>Ul nivelin e sheqerit n\u00eb gjak<\/li>\n<li>Redukton tensionin e lart\u00eb t\u00eb gjakut<\/li>\n<\/ul>\n","protected":false},"excerpt":{"rendered":"<p>Vaj Susami 100% natyral: pa aplikim kimikatesh, pa aditiv\u00eb t\u00eb shtuar, i pa rafinuar dhe pa aromatizues. Vaji i farave t\u00eb susamit, i punuar me sistemin e presimit n\u00eb t\u00eb ftoht\u00eb, \u00ebsht\u00eb nj\u00eb vaj me shum\u00eb vlera kurative. Ai mund t\u00eb p\u00ebrdoret p\u00ebr l\u00ebkur\u00ebn e fytyres, skalpin e kok\u00ebs si dhe t\u00eb konsumohet n\u00eb ushqime &hellip;<\/p>\n<p class=\"read-more\"> <a class=\"\" href=\"https:\/\/www.secretsofnatureltd.com\/al\/product\/vaj-susami\/\"> <span class=\"screen-reader-text\">VAJ SUSAMI<\/span> Read More &raquo;<\/a><\/p>\n","protected":false},"featured_media":1034,"comment_status":"open","ping_status":"closed","template":"","meta":{"site-sidebar-layout":"default","site-content-layout":"default","ast-main-header-display":"","ast-hfb-above-header-display":"","ast-hfb-below-header-display":"","ast-hfb-mobile-header-display":"","site-post-title":"","ast-breadcrumbs-content":"","ast-featured-img":"","footer-sml-layout":"","theme-transparent-header-meta":"default","adv-header-id-meta":"","stick-header-meta":"","header-above-stick-meta":"","header-main-stick-meta":"","header-below-stick-meta":""},"product_brand":[],"product_cat":[42],"product_tag":[],"class_list":{"0":"post-1033","1":"product","2":"type-product","3":"status-publish","4":"has-post-thumbnail","6":"product_cat-vajra","8":"first","9":"outofstock","10":"shipping-taxable","11":"purchasable","12":"product-type-simple"},"_links":{"self":[{"href":"https:\/\/www.secretsofnatureltd.com\/al\/wp-json\/wp\/v2\/product\/1033","targetHints":{"allow":["GET"]}}],"collection":[{"href":"https:\/\/www.secretsofnatureltd.com\/al\/wp-json\/wp\/v2\/product"}],"about":[{"href":"https:\/\/www.secretsofnatureltd.com\/al\/wp-json\/wp\/v2\/types\/product"}],"replies":[{"embeddable":true,"href":"https:\/\/www.secretsofnatureltd.com\/al\/wp-json\/wp\/v2\/comments?post=1033"}],"wp:featuredmedia":[{"embeddable":true,"href":"https:\/\/www.secretsofnatureltd.com\/al\/wp-json\/wp\/v2\/media\/1034"}],"wp:attachment":[{"href":"https:\/\/www.secretsofnatureltd.com\/al\/wp-json\/wp\/v2\/media?parent=1033"}],"wp:term":[{"taxonomy":"product_brand","embeddable":true,"href":"https:\/\/www.secretsofnatureltd.com\/al\/wp-json\/wp\/v2\/product_brand?post=1033"},{"taxonomy":"product_cat","embeddable":true,"href":"https:\/\/www.secretsofnatureltd.com\/al\/wp-json\/wp\/v2\/product_cat?post=1033"},{"taxonomy":"product_tag","embeddable":true,"href":"https:\/\/www.secretsofnatureltd.com\/al\/wp-json\/wp\/v2\/product_tag?post=1033"}],"curies":[{"name":"wp","href":"https:\/\/api.w.org\/{rel}","templated":true}]}}