{"id":1029,"date":"2021-12-15T13:46:05","date_gmt":"2021-12-15T13:46:05","guid":{"rendered":"https:\/\/www.secretsofnatureltd.com\/sq\/?post_type=product&#038;p=1029"},"modified":"2025-04-08T08:44:02","modified_gmt":"2025-04-08T08:44:02","slug":"vaj-lajthie","status":"publish","type":"product","link":"https:\/\/www.secretsofnatureltd.com\/al\/product\/vaj-lajthie\/","title":{"rendered":"VAJ LAJTHIE"},"content":{"rendered":"<p><strong>Vaj Lajthie<\/strong><\/p>\n<ul>\n<li>100% natyral:\u00a0pa aplikim kimikatesh, pa aditiv\u00eb t\u00eb shtuar,i pa rafinuar dhe pa aromatizues. Vaji i lajthis\u00eb, i prodhuar nga presimi n\u00eb t\u00eb ftoht\u00eb ruan karakteristikat primare t\u00eb lajthis\u00eb.<\/li>\n<\/ul>\n<p><strong>Vetit\u00eb e vajit t\u00eb lajthis\u00eb:<\/strong><\/p>\n<ul>\n<li>Vaji i lajthis\u00eb \u00ebsht\u00eb burim shum\u00eb i pasur me Omega -3, Omega -6 dhe Omega -9.<\/li>\n<\/ul>\n<p><strong>P\u00ebrfitimet nga vaji i lajthis\u00eb:<\/strong><\/p>\n<ul>\n<li>Vitamina E, q\u00eb gjendet n\u00eb vajin e lajthis\u00eb t\u00eb presuar n\u00eb t\u00eb ftoht\u00eb,lufton qelizat kanceroze duke parandaluar s\u00ebmundjen e kancerit.<\/li>\n<li>Vaji i lajthis\u00eb p\u00ebrmban sasi t\u00eb madhe acidit oleik q\u00eb ndihmon n\u00eb kontrollin e nivelit t\u00eb kolesterolit. Gjithashtu ul sasin\u00eb e kolesterolit n\u00eb trup.<\/li>\n<li>\u00cbsht\u00eb shum\u00eb i mir\u00eb p\u00ebr njer\u00ebzit me diabet dhe ndihmon n\u00eb mbajtjen e sheqerit n\u00eb nivele e duhura.<\/li>\n<li>Vaji i lajthis\u00eb p\u00ebrmban vitamin\u00ebn E, q\u00eb ndihmon n\u00eb ruajtjen e numrit t\u00eb qelizave t\u00eb kuqe t\u00eb gjakut, pra ruan organizmin nga anemia.<\/li>\n<li>P\u00ebrmbajtja e acideve yndyrore e b\u00ebn k\u00ebt\u00eb vaj nj\u00eb hidratant t\u00eb mir\u00eb p\u00ebr l\u00ebkur\u00ebn si dhe p\u00ebr trajtimin e akneve.<\/li>\n<li>Vaji i lajthis\u00eb mund t\u00eb p\u00ebrdoret si krem mbrojt\u00ebs nga dielli p\u00ebr trupin. Ai filtron rrezet e diellit.<\/li>\n<li>P\u00ebrmbajtja e lart\u00eb e vitamin\u00ebs E, b\u00ebn q\u00eb ky vaj t\u00eb jet\u00eb nj\u00eb antioksidant i fuqish\u00ebm dhe t\u00eb ndihmoj\u00eb n\u00eb eliminimin e shenjave t\u00eb mosh\u00ebs.<\/li>\n<li>Mund t\u00eb p\u00ebrdoret si vaj masazhi.<\/li>\n<li>P\u00ebr shkak t\u00eb niveleve t\u00eb larta t\u00eb vitamin\u00ebs E, sh\u00ebrben p\u00ebr t\u00eb ruajtur ngjyr\u00ebn n\u00eb flok\u00eb t\u00eb lyer.<\/li>\n<\/ul>\n<p><strong>P\u00ebrdorimet e vajit t\u00eb lajthis\u00eb:<\/strong><\/p>\n<ul>\n<li>Vaji i lajthis\u00eb mund t\u00eb p\u00ebrdoret n\u00eb t\u00eb nxeht\u00eb dhe n\u00eb t\u00eb ftoht\u00eb.<\/li>\n<li>Mund t\u00eb shtohet n\u00eb salca dhe garnitura t\u00eb ndryshme.<\/li>\n<li>Vaji i lajthis\u00eb mund t\u00eb p\u00ebrdoret n\u00eb masazhe dhe aplikime kozmet<\/li>\n<\/ul>\n","protected":false},"excerpt":{"rendered":"<p>Vaj Lajthie 100% natyral:\u00a0pa aplikim kimikatesh, pa aditiv\u00eb t\u00eb shtuar,i pa rafinuar dhe pa aromatizues. Vaji i lajthis\u00eb, i prodhuar nga presimi n\u00eb t\u00eb ftoht\u00eb ruan karakteristikat primare t\u00eb lajthis\u00eb. Vetit\u00eb e vajit t\u00eb lajthis\u00eb: Vaji i lajthis\u00eb \u00ebsht\u00eb burim shum\u00eb i pasur me Omega -3, Omega -6 dhe Omega -9. P\u00ebrfitimet nga vaji i &hellip;<\/p>\n<p class=\"read-more\"> <a class=\"\" href=\"https:\/\/www.secretsofnatureltd.com\/al\/product\/vaj-lajthie\/\"> <span class=\"screen-reader-text\">VAJ LAJTHIE<\/span> Read More &raquo;<\/a><\/p>\n","protected":false},"featured_media":1030,"comment_status":"open","ping_status":"closed","template":"","meta":{"site-sidebar-layout":"default","site-content-layout":"default","ast-main-header-display":"","ast-hfb-above-header-display":"","ast-hfb-below-header-display":"","ast-hfb-mobile-header-display":"","site-post-title":"","ast-breadcrumbs-content":"","ast-featured-img":"","footer-sml-layout":"","theme-transparent-header-meta":"default","adv-header-id-meta":"","stick-header-meta":"","header-above-stick-meta":"","header-main-stick-meta":"","header-below-stick-meta":""},"product_brand":[],"product_cat":[42],"product_tag":[],"class_list":{"0":"post-1029","1":"product","2":"type-product","3":"status-publish","4":"has-post-thumbnail","6":"product_cat-vajra","8":"first","9":"outofstock","10":"shipping-taxable","11":"purchasable","12":"product-type-simple"},"_links":{"self":[{"href":"https:\/\/www.secretsofnatureltd.com\/al\/wp-json\/wp\/v2\/product\/1029","targetHints":{"allow":["GET"]}}],"collection":[{"href":"https:\/\/www.secretsofnatureltd.com\/al\/wp-json\/wp\/v2\/product"}],"about":[{"href":"https:\/\/www.secretsofnatureltd.com\/al\/wp-json\/wp\/v2\/types\/product"}],"replies":[{"embeddable":true,"href":"https:\/\/www.secretsofnatureltd.com\/al\/wp-json\/wp\/v2\/comments?post=1029"}],"wp:featuredmedia":[{"embeddable":true,"href":"https:\/\/www.secretsofnatureltd.com\/al\/wp-json\/wp\/v2\/media\/1030"}],"wp:attachment":[{"href":"https:\/\/www.secretsofnatureltd.com\/al\/wp-json\/wp\/v2\/media?parent=1029"}],"wp:term":[{"taxonomy":"product_brand","embeddable":true,"href":"https:\/\/www.secretsofnatureltd.com\/al\/wp-json\/wp\/v2\/product_brand?post=1029"},{"taxonomy":"product_cat","embeddable":true,"href":"https:\/\/www.secretsofnatureltd.com\/al\/wp-json\/wp\/v2\/product_cat?post=1029"},{"taxonomy":"product_tag","embeddable":true,"href":"https:\/\/www.secretsofnatureltd.com\/al\/wp-json\/wp\/v2\/product_tag?post=1029"}],"curies":[{"name":"wp","href":"https:\/\/api.w.org\/{rel}","templated":true}]}}