{"id":1025,"date":"2021-12-15T13:41:59","date_gmt":"2021-12-15T13:41:59","guid":{"rendered":"https:\/\/www.secretsofnatureltd.com\/sq\/?post_type=product&#038;p=1025"},"modified":"2025-04-08T08:44:02","modified_gmt":"2025-04-08T08:44:02","slug":"vaj-kungulli","status":"publish","type":"product","link":"https:\/\/www.secretsofnatureltd.com\/al\/product\/vaj-kungulli\/","title":{"rendered":"VAJ KUNGULLI"},"content":{"rendered":"<p><strong>Vaji i Farave t\u00eb Kungullit:<\/strong><\/p>\n<ul>\n<li>I p\u00ebrshtatsh\u00ebm p\u00ebr p\u00ebrdorim n\u00eb t\u00eb ftoht\u00eb<\/li>\n<li>Pa proces ngrohje paraprak:farat e kungullit nuk ngrohen p\u00ebrpara se t\u00eb trajtohen n\u00eb proces,e cila do t\u00eb \u04abonte n\u00eb rendiment m\u00eb t\u00eb lart\u00eb e n\u00eb kosto m\u00eb t\u00eb ul\u00ebt.<\/li>\n<li>100% natyral: pa aplikim kimikatesh,pa aditiv\u00eb t\u00eb shtuar,i pa rafinuar dhe pa aromatizues.<\/li>\n<\/ul>\n<p><strong>Vetit\u00eb e vajit t\u00eb farave t\u00eb kungullit:<\/strong><\/p>\n<ul>\n<li><span style=\"font-size: 16px;\">Vaji i farave t\u00eb kungullit i p\u00ebrftuar nga presimi n\u00eb t\u00eb ftoht\u00eb p\u00ebrmban shum\u00eb minerale dhe vitamina si A,B1,B2,B6,C,D,E dhe K.P\u00ebrmban acide yndyrore t\u00eb pangopur,acidet yndyrore omega-3 dhe omega-6,magnez,hekur,kalcium,zink,fosfor dhe mangan.<\/span><\/li>\n<li>\u00cbsht\u00eb gjithashtu nj\u00eb burim i mir\u00eb proteinash.<\/li>\n<\/ul>\n<p><strong>P\u00ebrftimet nga vaji i farave t\u00eb kungulllit:<\/strong><\/p>\n<ul>\n<li>Nj\u00eb nga p\u00ebrftimet e provuara nga ana mjek\u00ebsore t\u00eb vajit t\u00eb farave t\u00eb kungullit \u00ebsht\u00eb reduktimi i hiperplazise prostatike beninje (BPH).\u00cbsht\u00eb shum\u00eb i efektsh\u00ebm n\u00eb parandalimin ose reduktimin e rritjes s\u00eb prostat\u00ebs.<\/li>\n<li>P\u00ebrmban fitosterol q\u00eb \u00ebsht\u00eb shum\u00eb i efektsh\u00ebm n\u00eb reduktimin e niveleve t\u00eb kolesterolit t\u00eb keq (LDL).<\/li>\n<li>Mbron sistemin e qarkullimit t\u00eb gjakut dhe leht\u00ebson ereksionin duke shtrir\u00eb en\u00ebt e gjakut.<\/li>\n<li>Mineralet e sh\u00ebndet\u00ebshme ,vitaminat dhe acidet yndyrore t\u00eb gj\u00ebndura n\u00eb vajin e farave t\u00eb kungullit ndihmojn\u00eb n\u00eb uljen e rrezikut t\u00eb formimit t\u00eb qelizave kanceroze.<\/li>\n<li>Vaji i farave t\u00eb kungullit parandalon formimin e gur\u00ebve n\u00eb veshka dhe redukton e parandalon formimin e osteoklaz\u00ebs.<\/li>\n<li>L-triptofani i gjendur n\u00eb vajin e farave t\u00eb kungullit lufton depresionin dhe ndihmon q\u00eb t\u00eb b\u00ebjm\u00eb nj\u00eb gjum\u00eb t\u00eb rehatsh\u00ebm.<\/li>\n<li>Vaji i farave t\u00eb kungullit p\u00ebrmban zeaksatin\u00eb q\u00eb \u00ebsht\u00eb nj\u00eb antioksidant i familjes s\u00eb karotenoideve dhe ndihmon retin\u00ebn e syrit nga rrezet UV dhe nga d\u00ebmet e drit\u00ebs blu.<\/li>\n<li>\u00cbsht\u00eb p\u00ebrdorur nga kultura t\u00eb ndryshme kund\u00ebr shiritit dhe parazit\u00ebve t\u00eb tjer\u00eb.<\/li>\n<li>P\u00ebrdorimet e vajit t\u00eb farave t\u00eb kungullit:<\/li>\n<li>\u00cbsht\u00eb i p\u00ebrshtatsh\u00ebm vet\u00ebm p\u00ebr p\u00ebrdorim n\u00eb t\u00eb ftoht\u00eb.<\/li>\n<li>Mund t\u00eb shtohet n\u00eb salca dhe \u00a0ushqime t\u00eb ndryshme.<\/li>\n<li>Mund t\u00eb aplikohet direkt n\u00eb l\u00ebkur\u00eb p\u00ebr t\u00eb masazhuar.<\/li>\n<\/ul>\n","protected":false},"excerpt":{"rendered":"<p>Vaji i Farave t\u00eb Kungullit: I p\u00ebrshtatsh\u00ebm p\u00ebr p\u00ebrdorim n\u00eb t\u00eb ftoht\u00eb Pa proces ngrohje paraprak:farat e kungullit nuk ngrohen p\u00ebrpara se t\u00eb trajtohen n\u00eb proces,e cila do t\u00eb \u04abonte n\u00eb rendiment m\u00eb t\u00eb lart\u00eb e n\u00eb kosto m\u00eb t\u00eb ul\u00ebt. 100% natyral: pa aplikim kimikatesh,pa aditiv\u00eb t\u00eb shtuar,i pa rafinuar dhe pa aromatizues. Vetit\u00eb &hellip;<\/p>\n<p class=\"read-more\"> <a class=\"\" href=\"https:\/\/www.secretsofnatureltd.com\/al\/product\/vaj-kungulli\/\"> <span class=\"screen-reader-text\">VAJ KUNGULLI<\/span> Read More &raquo;<\/a><\/p>\n","protected":false},"featured_media":1026,"comment_status":"open","ping_status":"closed","template":"","meta":{"site-sidebar-layout":"default","site-content-layout":"default","ast-main-header-display":"","ast-hfb-above-header-display":"","ast-hfb-below-header-display":"","ast-hfb-mobile-header-display":"","site-post-title":"","ast-breadcrumbs-content":"","ast-featured-img":"","footer-sml-layout":"","theme-transparent-header-meta":"default","adv-header-id-meta":"","stick-header-meta":"","header-above-stick-meta":"","header-main-stick-meta":"","header-below-stick-meta":""},"product_brand":[],"product_cat":[42],"product_tag":[],"class_list":{"0":"post-1025","1":"product","2":"type-product","3":"status-publish","4":"has-post-thumbnail","6":"product_cat-vajra","8":"first","9":"instock","10":"shipping-taxable","11":"purchasable","12":"product-type-simple"},"_links":{"self":[{"href":"https:\/\/www.secretsofnatureltd.com\/al\/wp-json\/wp\/v2\/product\/1025","targetHints":{"allow":["GET"]}}],"collection":[{"href":"https:\/\/www.secretsofnatureltd.com\/al\/wp-json\/wp\/v2\/product"}],"about":[{"href":"https:\/\/www.secretsofnatureltd.com\/al\/wp-json\/wp\/v2\/types\/product"}],"replies":[{"embeddable":true,"href":"https:\/\/www.secretsofnatureltd.com\/al\/wp-json\/wp\/v2\/comments?post=1025"}],"wp:featuredmedia":[{"embeddable":true,"href":"https:\/\/www.secretsofnatureltd.com\/al\/wp-json\/wp\/v2\/media\/1026"}],"wp:attachment":[{"href":"https:\/\/www.secretsofnatureltd.com\/al\/wp-json\/wp\/v2\/media?parent=1025"}],"wp:term":[{"taxonomy":"product_brand","embeddable":true,"href":"https:\/\/www.secretsofnatureltd.com\/al\/wp-json\/wp\/v2\/product_brand?post=1025"},{"taxonomy":"product_cat","embeddable":true,"href":"https:\/\/www.secretsofnatureltd.com\/al\/wp-json\/wp\/v2\/product_cat?post=1025"},{"taxonomy":"product_tag","embeddable":true,"href":"https:\/\/www.secretsofnatureltd.com\/al\/wp-json\/wp\/v2\/product_tag?post=1025"}],"curies":[{"name":"wp","href":"https:\/\/api.w.org\/{rel}","templated":true}]}}