{"id":1021,"date":"2021-12-15T13:35:48","date_gmt":"2021-12-15T13:35:48","guid":{"rendered":"https:\/\/www.secretsofnatureltd.com\/sq\/?post_type=product&#038;p=1021"},"modified":"2025-04-08T08:44:02","modified_gmt":"2025-04-08T08:44:02","slug":"vaj-kokosi","status":"publish","type":"product","link":"https:\/\/www.secretsofnatureltd.com\/al\/product\/vaj-kokosi\/","title":{"rendered":"VAJ KOKOSI"},"content":{"rendered":"<p><strong>Vaji i Kokosit:<\/strong><\/p>\n<ul>\n<li>I p\u00ebrshtatsh\u00ebm p\u00ebr p\u00ebrdorim n\u00eb t\u00eb ftoht\u00eb dhe n\u00eb t\u00eb nxeht\u00eb<\/li>\n<li>Pa pro\u00e7es paraprak\u00a0ngrohje: fruti i kokosit nuk ngrohet p\u00ebrpara se t\u00eb trajtohet n\u00eb , ,e cila do t\u00eb \u04abonte n\u00eb sasi prodhimi m\u00eb t\u00eb lart\u00eb e n\u00eb kosto m\u00eb t\u00eb ul\u00ebt, por jo cil\u00ebsin\u00eb e d\u00ebshiruar.<\/li>\n<li>100% natyral: pa aplikim kimikatesh,pa aditiv\u00eb t\u00eb shtuar,i pa rafinuar dhe pa aromatizues.<\/li>\n<\/ul>\n<p>&nbsp;<\/p>\n<p><strong>P\u00ebrfitimet e vajit t\u00eb kokosit:<\/strong><\/p>\n<ul>\n<li>Kujdesi p\u00ebr l\u00ebkur\u00ebn<\/li>\n<\/ul>\n<p>Vaji i kokosit \u00ebsht\u00eb nj\u00eb vaj i shk\u00eblqyer p\u00ebr masazh.Vepron si nje hidratant efektiv p\u00ebr t\u00eb gjitha llojet e l\u00ebkur\u00ebs.Vaji i kokosit p\u00ebrdoret si p\u00ebrb\u00ebres baz\u00eb p\u00ebr shum\u00eb produkte si sapun\u00eb,locione dhe kremra q\u00eb\u00a0 p\u00ebrdoren p\u00ebr kujdesin ndaj l\u00ebkur\u00ebs.Gjithashtu vaji i kokosit ndihmon n\u00eb ngadal\u00ebsimin e procesit t\u00eb plakjes p\u00ebr shkak t\u00eb vetive t\u00eb tij t\u00eb njohura antioksiduese.<\/p>\n<ul>\n<li>Dob\u00ebsimi<\/li>\n<\/ul>\n<p>Vaji i kokosit\u00a0 \u00ebsht\u00eb shum\u00eb i efektsh\u00ebm p\u00ebr t\u00eb r\u00ebn\u00eb n\u00eb pesh\u00eb. Ai p\u00ebrmban vargje karbonike t\u00eb shkurt\u00ebr dhe t\u00eb mes\u00ebm t\u00eb acideve yndyror\u00eb sidomos C 12:0 (50%) q\u00eb ndihmon n\u00eb eliminimin e pesh\u00ebs s\u00eb tep\u00ebrt.<\/p>\n<p>\u00cbsht\u00eb shum\u00eb i leht\u00eb p\u00ebr t`u tretur dhe ndihmon n\u00eb mir\u00ebfunksionimim e tiroides dhe sistemit endokrin.Pra rrit shkall\u00ebn e metabolizmit dhe leht\u00ebson pun\u00ebn e pankreasit dhe n\u00eb k\u00ebt\u00eb m\u00ebnyr\u00eb digjet m\u00eb shum\u00eb energji. Kjo\u00a0 ndihmon obez\u00ebt dhe njer\u00ebzit mbi pesh\u00eb t\u00eb humbasin kilogram\u00ebt e tep\u00ebrt .P\u00ebr k\u00ebt\u00eb arsye nje\u00ebzit q\u00eb jetojn\u00eb n\u00eb brigjet tropikale q\u00eb e p\u00ebrdorin \u00e7do dit\u00eb vajin e kokosit n\u00eb gatimet e tyre nuk jan\u00eb obez\u00eb apo mbi pesh\u00eb.<\/p>\n<ul>\n<li>Imuniteti<\/li>\n<\/ul>\n<p>Vaji i kokosit \u00ebsht\u00eb shum\u00eb i efektsh\u00ebm p\u00ebr sistemin imunitar.Ai forcon sistemin imunitar.Sepse p\u00ebrmban lipide antimikrobiale,acid laurik,acid kaprik dhe acid kaprilik q\u00eb kan\u00eb veti antibakteriale,antimykotike dhe antivirale.Trupi jon\u00eb e konverton acidin laurik n\u00eb monolaurin\u00eb q\u00eb sipas studimeve \u00ebsht\u00eb nj\u00eb m\u00ebnyr\u00eb shum\u00eb e mir\u00eb p\u00ebr t\u00eb luftuar viruset dhe bakteriet q\u00eb shkatojn\u00eb s\u00ebmundje si herpesi, ftohja,lufton citomegalovirusin madje edhe HIV-in.Vaji i kokosit ndihmon p\u00ebr t\u00eb luftuar bakteriet.<\/p>\n<ul>\n<li>Tretja<\/li>\n<\/ul>\n<p>Vaji i kokosit ndihmon tretjen,duke parandaluar nj\u00eb s\u00ebr\u00eb problemesh q\u00eb lidhen me stomakun apo tretjen.<\/p>\n<p>Yndyrnat e ngopura q\u00eb ndodhen n\u00eb vajin e kokosit kan\u00eb veti antibakteriale dhe ndihmojn\u00eb n\u00eb luft\u00ebn kund\u00ebr bakterieve t\u00eb ndryshme,mykut dhe parazit\u00ebve q\u00eb mund t\u00eb shkatojn\u00eb probleme me tretjen.<\/p>\n<p>Vaji i kokosit ndihmon n\u00eb absorbimin e nutrient\u00ebve t\u00eb tjer\u00eb si vitaminat,mineralet dhe aminoacidet.<\/p>\n<ul>\n<li>Myku<\/li>\n<\/ul>\n<p>Vaji i kokosit ndihmon n\u00eb parandalimin dhe kurimin e mykut.Qet\u00ebson inflamacionin e shkatuar nga myku si brenda ashtu dhe jasht\u00eb.<\/p>\n<p>Acidi kaprik \u00ebsht\u00eb nj\u00eb acid yndyror me varg karbonik mesatar (nj\u00eb yndyr\u00eb e ngopur ),q\u00eb ekziston n\u00eb vajin e kokosit dhe q\u00eb ka veti antibakteriale,antivirale si dhe antimykotike.\u00cbsht\u00eb i nj\u00ebjti acid q\u00eb gjendet n\u00eb qum\u00ebshtin e gjirit dhe mbron beben nga infeksionet bakteriale, virale dhe myku.Reagon me disa enzima t\u00eb sekretuara nga disa baktere t\u00eb tjera dhe q\u00eb p\u00ebr pasoj\u00eb kthehet n\u00eb nj\u00eb agjent t\u00eb fuqish\u00ebm anti bakterial : monokaprin\u00eb.<\/p>\n<p>Gjat\u00eb p\u00ebrdorimit t\u00eb vajit t\u00eb kokosit p\u00ebr kurimin e mykut,acidi kaprik \u00ebsht\u00eb shum\u00eb i efektsh\u00ebm.<\/p>\n<p>Acidi kaprilik,acidi kaproik,acidi miristik dhe acidi laurik jan\u00eb t\u00eb gjith\u00eb prezent n\u00eb vajin e kokosit dhe kan\u00eb veti antibakteriale dhe antimykotike q\u00eb ndihmojn\u00eb n\u00eb eliminimin e mykut albican.Acidi laurik \u00ebsht\u00eb nj\u00eb yndyr\u00eb e ngopur dhe nj\u00eb acid yndyror me varg karbonik mesatar.Formon nj\u00eb komponim t\u00eb quajtur monolaurin\u00eb kur reagon me enzimat dhe ky komponim \u00ebsht\u00eb mjaft i fuqish\u00ebm n\u00eb eliminimin e bakterieve dhe mikrobeve.<\/p>\n<p>&nbsp;<\/p>\n<ul>\n<li>Kurimi i infeksioneve<\/li>\n<\/ul>\n<p>N\u00ebse vaji i kokosit aplikohet n\u00eb nj\u00eb zon\u00eb t\u00eb infektuar,formon nj\u00eb shtres\u00eb kimike q\u00eb mbron zon\u00ebn e infektuar nga pluhuri i jasht\u00ebm,ajri,bakteriet,viruset,myku.Vaji i kokosit \u00ebsht\u00eb shum\u00eb efektiv ndaj djegieve sepse p\u00ebrshpejton rigjenerimin e pjes\u00ebs s\u00eb d\u00ebmtuar.<\/p>\n<p>Infeksionet :Vaji i kokosit \u00ebsht\u00eb shum\u00eb i efektsh\u00ebm ndaj shum\u00eb infeksioneve p\u00ebr shkak t\u00eb vetive t\u00eb tij antibakteriale,antivirale dhe antimykotike.<\/p>\n<p>M\u00ebl\u00e7ia:\u00a0Prezenca e triglicerideve me varg karbonik mesatar dhe acideve yndyrore ndihmon n\u00eb parandalimin e s\u00ebmundjeve t\u00eb m\u00ebl\u00e7is\u00eb.Kjo sepse k\u00ebto substanca konvertohen leht\u00ebsisht n\u00eb energji kur arrijn\u00eb m\u00ebl\u00e7in\u00eb.Pra, reduktojn\u00eb ngarkes\u00ebn e pun\u00ebs s\u00eb m\u00ebl\u00e7is\u00eb dhe gjithashtu parandalojn\u00eb akumulimin e yndyrnave.<\/p>\n<p>Veshkat: Vaji i kokosit ndihmon trupin ndaj s\u00ebmundjeve t\u00eb veshkave dhe fshik\u00ebz\u00ebs s\u00eb urin\u00ebs.Gjithashtu ndihmon n\u00eb shp\u00ebrb\u00ebrjen e gur\u00ebve n\u00eb veshka.<\/p>\n<p>\u00c7lirimi nga stresi :Me an\u00eb t\u00eb aplikimit t\u00eb vajit t\u00eb kokosit n\u00eb kok\u00eb duke e masazhuar leht\u00eb,ndihmon n\u00eb reduktimin e lodhjes mendore.<\/p>\n<p>Diabeti :Vaji i kokosit kontrollon nivelin e sheqerit n\u00eb gjak dhe nxit sekretimin e insulin\u00ebs.Gjithashtu b\u00ebn t\u00eb mundur p\u00ebrdorimin efektiv t\u00eb glukoz\u00ebs n\u00eb gjak.<\/p>\n<p>Kockat :Vaji i kokosit rrit aft\u00ebsin\u00eb e trupit ton\u00eb t\u00eb absorboj\u00eb minerale t\u00eb r\u00ebnd\u00ebsishme.Duke p\u00ebrfshir\u00eb kal\u00e7iumin dhe magnezin q\u00eb jan\u00eb t\u00eb r\u00ebnd\u00ebsish\u00ebm p\u00ebr zhvillimin e kockave.P\u00ebr k\u00ebt\u00eb vaji i kokosit\u00a0 \u00ebsht\u00eb shum\u00eb i dobish\u00ebm p\u00ebr grat\u00eb q\u00eb vuajne nga osteoporoza pas mosh\u00ebs s\u00eb mesme.<\/p>\n<p>Kujdesi ndaj dh\u00ebmb\u00ebve :Kal\u00e7iumi \u00ebsht\u00eb nj\u00eb komponent shum\u00eb i r\u00ebndesish\u00ebm p\u00ebr dh\u00ebmb\u00ebt ton\u00eb.P\u00ebrderisa\u00a0 vaji kokosit leht\u00ebson absorbimim e kal\u00e7iumit n\u00eb trup at\u00ebher\u00eb ky vaj ndihmon q\u00eb ne t\u00eb kemi dh\u00ebmb\u00eb t\u00eb fort\u00eb dhe parandalon problemet me dh\u00ebmb\u00ebt.<\/p>\n<p>Vaji i kokosit \u00ebsht\u00eb shum\u00eb i p\u00eblqyer nga atlet\u00ebt,ata q\u00eb merren me bodybuilding dhe nga ata q\u00eb jan\u00eb me diet\u00eb.A\u00ebsyeja \u00ebsht\u00eb se ai p\u00ebrmban\u00a0 m\u00eb pak kalori se vajrat e tjer\u00eb,p\u00ebrmbajtja e tij e yndyr\u00ebs konvertohet leht\u00ebsisht n\u00eb energji n\u00eb m\u00ebl\u00e7i dhe b\u00ebn t\u00eb mundur q\u00eb yndyra t\u00eb mos akumulohet n\u00eb zem\u00ebr apo arterie.<\/p>\n<p>Vaji i kokosit ndihmon n\u00eb marrjen e energjis\u00eb dhe n\u00eb rezistenc\u00ebn e trupit,p\u00ebr k\u00ebt\u00eb arsye\u00ebsht\u00eb mjaft i preferuesh\u00ebm nga atlet\u00ebt.<\/p>\n<p>Vaji i kokosit \u00ebsht\u00eb leht\u00ebsisht i tretsh\u00ebm.<\/p>\n<p>&nbsp;<\/p>\n<p><strong>P\u00ebrdorimet e vajit t\u00eb kokosit<\/strong><\/p>\n<ul>\n<li>Ka shum\u00eb m\u00ebnyra p\u00ebr t\u00eb p\u00ebrdorur vajin e kokosit<\/li>\n<li>Mund t\u00eb p\u00ebrdoret p\u00ebr gatim.Ka nj\u00eb pik\u00eb shkrirje t\u00eb lart\u00eb.Kjo do t\u00eb thot\u00eb q\u00eb \u00ebsht\u00eb n\u00eb trajt\u00eb t\u00eb ngurt\u00eb n\u00eb temperatur\u00eb dhome. Nuk shkrin posht\u00eb 77 0F (250 C). N\u00ebse e blini do t\u00eb v\u00ebreni q\u00eb \u00ebsht\u00eb n\u00eb gjendje t\u00eb ngurt\u00eb.<\/li>\n<li>N\u00ebse jeni duke e p\u00ebrdorur p\u00ebr flok\u00ebt apo p\u00ebr l\u00ebkur\u00ebn ,mund t\u00eb zhysni\u00a0 mbajt\u00ebsen e vajit t\u00eb kokosit n\u00eb nj\u00eb en\u00eb me uj\u00eb t\u00eb ngroht\u00eb.Do t\u00eb shkrij\u00eb pas pak \u00e7astesh.Nuk duhet t\u00eb vendoset n\u00eb mikroval\u00eb apo sob\u00eb sepse do t\u00eb ndikonte tek vetit\u00eb e tij kuruese.M\u00eb pas merreni vajin n\u00eb p\u00ebll\u00ebmb\u00ebn e dor\u00ebs dhe aplikojeni n\u00eb flok\u00eb,fytyr\u00eb dhe l\u00ebkur\u00eb.N\u00ebse\u00a0 e p\u00ebrdorni rregullisht do vini re nj\u00eb l\u00ebkur\u00eb dhe flok\u00eb m\u00eb t\u00eb sh\u00ebndetsh\u00ebm.<\/li>\n<li>Vaji i kokosit \u00ebsht\u00eb nj\u00eb nd\u00ebr\u00a0 produktet m\u00eb t\u00eb ushqyesh\u00ebm q\u00eb mund t\u00eb konsumoni.<\/li>\n<\/ul>\n","protected":false},"excerpt":{"rendered":"<p>Vaji i Kokosit: I p\u00ebrshtatsh\u00ebm p\u00ebr p\u00ebrdorim n\u00eb t\u00eb ftoht\u00eb dhe n\u00eb t\u00eb nxeht\u00eb Pa pro\u00e7es paraprak\u00a0ngrohje: fruti i kokosit nuk ngrohet p\u00ebrpara se t\u00eb trajtohet n\u00eb , ,e cila do t\u00eb \u04abonte n\u00eb sasi prodhimi m\u00eb t\u00eb lart\u00eb e n\u00eb kosto m\u00eb t\u00eb ul\u00ebt, por jo cil\u00ebsin\u00eb e d\u00ebshiruar. 100% natyral: pa aplikim kimikatesh,pa &hellip;<\/p>\n<p class=\"read-more\"> <a class=\"\" href=\"https:\/\/www.secretsofnatureltd.com\/al\/product\/vaj-kokosi\/\"> <span class=\"screen-reader-text\">VAJ KOKOSI<\/span> Read More &raquo;<\/a><\/p>\n","protected":false},"featured_media":1022,"comment_status":"open","ping_status":"closed","template":"","meta":{"site-sidebar-layout":"default","site-content-layout":"default","ast-main-header-display":"","ast-hfb-above-header-display":"","ast-hfb-below-header-display":"","ast-hfb-mobile-header-display":"","site-post-title":"","ast-breadcrumbs-content":"","ast-featured-img":"","footer-sml-layout":"","theme-transparent-header-meta":"default","adv-header-id-meta":"","stick-header-meta":"","header-above-stick-meta":"","header-main-stick-meta":"","header-below-stick-meta":""},"product_brand":[],"product_cat":[42],"product_tag":[],"class_list":{"0":"post-1021","1":"product","2":"type-product","3":"status-publish","4":"has-post-thumbnail","6":"product_cat-vajra","8":"first","9":"instock","10":"shipping-taxable","11":"purchasable","12":"product-type-simple"},"_links":{"self":[{"href":"https:\/\/www.secretsofnatureltd.com\/al\/wp-json\/wp\/v2\/product\/1021","targetHints":{"allow":["GET"]}}],"collection":[{"href":"https:\/\/www.secretsofnatureltd.com\/al\/wp-json\/wp\/v2\/product"}],"about":[{"href":"https:\/\/www.secretsofnatureltd.com\/al\/wp-json\/wp\/v2\/types\/product"}],"replies":[{"embeddable":true,"href":"https:\/\/www.secretsofnatureltd.com\/al\/wp-json\/wp\/v2\/comments?post=1021"}],"wp:featuredmedia":[{"embeddable":true,"href":"https:\/\/www.secretsofnatureltd.com\/al\/wp-json\/wp\/v2\/media\/1022"}],"wp:attachment":[{"href":"https:\/\/www.secretsofnatureltd.com\/al\/wp-json\/wp\/v2\/media?parent=1021"}],"wp:term":[{"taxonomy":"product_brand","embeddable":true,"href":"https:\/\/www.secretsofnatureltd.com\/al\/wp-json\/wp\/v2\/product_brand?post=1021"},{"taxonomy":"product_cat","embeddable":true,"href":"https:\/\/www.secretsofnatureltd.com\/al\/wp-json\/wp\/v2\/product_cat?post=1021"},{"taxonomy":"product_tag","embeddable":true,"href":"https:\/\/www.secretsofnatureltd.com\/al\/wp-json\/wp\/v2\/product_tag?post=1021"}],"curies":[{"name":"wp","href":"https:\/\/api.w.org\/{rel}","templated":true}]}}