{"id":1014,"date":"2021-12-15T13:20:09","date_gmt":"2021-12-15T13:20:09","guid":{"rendered":"https:\/\/www.secretsofnatureltd.com\/sq\/?post_type=product&#038;p=1014"},"modified":"2025-04-08T08:44:02","modified_gmt":"2025-04-08T08:44:02","slug":"vaj-fiku","status":"publish","type":"product","link":"https:\/\/www.secretsofnatureltd.com\/al\/product\/vaj-fiku\/","title":{"rendered":"VAJ FIKU"},"content":{"rendered":"<p><strong>Vaji i Farave t\u00eb Fikut:<\/strong><\/p>\n<p>Vaji i Farave te Fikut \u00ebsht\u00eb nj\u00eb vaj me cil\u00ebsi t\u00eb jasht\u00ebzakonshme, i cili p\u00ebrfitohet\u00a0 n\u00ebp\u00ebrmjet metod\u00ebs me presim t\u00eb ftoht\u00eb t\u00eb farave t\u00eb fikut.\u00a0 Vaji i Farave t\u00eb Fikut p\u00ebrmban 40%\u00a0 Omega-3, 30% Omega-6 dhe 17% e Omega-9, p\u00ebrmbajtje q\u00eb nuk \u00ebsht\u00eb\u00a0 par\u00eb edhe tek peshku. Ky vaj \u00ebsht\u00eb i njohur si burim i pasur i vitamin\u00ebs D, me p\u00ebrmbajtje m\u00eb t\u00eb lart\u00eb q\u00eb \u00ebsht\u00eb par\u00eb n\u00eb bot\u00eb deri tani.<\/p>\n<p><strong>P\u00ebrfitimet e Vajit t\u00eb Farave t\u00eb Fikut:<\/strong><\/p>\n<ul>\n<li>Ka efekt te theksuar antirrudhe , lufton plakjen dhe ushqen lekuren ne thellesi.<\/li>\n<li>Hidraton flok\u00ebt , ju jep shkelqim dhe i b\u00ebn m\u00eb t\u00eb lehta p\u00ebr tu krehur&#8230;<\/li>\n<li>Fiku \u00ebsht\u00eb nj\u00eb burim i pasur i kaliumit, nj\u00eb mineral q\u00eb ndihmon p\u00ebr t\u00eb kontrolluar presionin e gjakut dhe mund t\u00eb ndihmoj\u00eb n\u00eb uljen e insulin\u00ebs.<\/li>\n<li>P\u00ebrmbajtja e lart\u00eb me Omega 3 ushqen l\u00ebkuren dhe rrit elasticitetin e saj<\/li>\n<li>Fiku \u00ebsht\u00eb nj\u00eb burim i mir\u00eb i kalciumit, nj\u00eb mineral q\u00eb forcon densitetin e kockave , gjithashtu p\u00ebrmban sasi t\u00eb lart\u00eb t\u00eb vitamins D dhe E.<\/li>\n<li>Permbajtja e larte e kaliumit ndihmon p\u00ebr t\u00eb luftuar sekretimin urinar, t\u00eb kalciumit t\u00eb shkaktuar nga p\u00ebrdorimi i lart\u00eb i krip\u00ebs, prandaj vaji i farave t\u00eb fikut ndihmon p\u00ebr t\u00eb mbajtur kalciumin n\u00eb kocka dhe ul rrezikun e osteoporoz\u00ebs<\/li>\n<li>Vaji i farave fikut ka efektivitet t\u00eb lart\u00eb p\u00ebr kujdesin ndaj flok\u00ebve dhe l\u00ebkur\u00ebs<\/li>\n<li>Parandalon plasaritjen e buz\u00ebve dhe n\u00ebp\u00ebrmjet hidratimit ju jep m\u00eb shum\u00eb volum<\/li>\n<li>Mund t\u00eb p\u00ebrdoret edhe p\u00ebr sallat\u00eb.<\/li>\n<\/ul>\n","protected":false},"excerpt":{"rendered":"<p>Vaji i Farave t\u00eb Fikut: Vaji i Farave te Fikut \u00ebsht\u00eb nj\u00eb vaj me cil\u00ebsi t\u00eb jasht\u00ebzakonshme, i cili p\u00ebrfitohet\u00a0 n\u00ebp\u00ebrmjet metod\u00ebs me presim t\u00eb ftoht\u00eb t\u00eb farave t\u00eb fikut.\u00a0 Vaji i Farave t\u00eb Fikut p\u00ebrmban 40%\u00a0 Omega-3, 30% Omega-6 dhe 17% e Omega-9, p\u00ebrmbajtje q\u00eb nuk \u00ebsht\u00eb\u00a0 par\u00eb edhe tek peshku. Ky vaj \u00ebsht\u00eb &hellip;<\/p>\n<p class=\"read-more\"> <a class=\"\" href=\"https:\/\/www.secretsofnatureltd.com\/al\/product\/vaj-fiku\/\"> <span class=\"screen-reader-text\">VAJ FIKU<\/span> Read More &raquo;<\/a><\/p>\n","protected":false},"featured_media":1015,"comment_status":"open","ping_status":"closed","template":"","meta":{"site-sidebar-layout":"default","site-content-layout":"default","ast-main-header-display":"","ast-hfb-above-header-display":"","ast-hfb-below-header-display":"","ast-hfb-mobile-header-display":"","site-post-title":"","ast-breadcrumbs-content":"","ast-featured-img":"","footer-sml-layout":"","theme-transparent-header-meta":"default","adv-header-id-meta":"","stick-header-meta":"","header-above-stick-meta":"","header-main-stick-meta":"","header-below-stick-meta":""},"product_brand":[],"product_cat":[42],"product_tag":[],"class_list":{"0":"post-1014","1":"product","2":"type-product","3":"status-publish","4":"has-post-thumbnail","6":"product_cat-vajra","8":"first","9":"instock","10":"shipping-taxable","11":"purchasable","12":"product-type-simple"},"_links":{"self":[{"href":"https:\/\/www.secretsofnatureltd.com\/al\/wp-json\/wp\/v2\/product\/1014","targetHints":{"allow":["GET"]}}],"collection":[{"href":"https:\/\/www.secretsofnatureltd.com\/al\/wp-json\/wp\/v2\/product"}],"about":[{"href":"https:\/\/www.secretsofnatureltd.com\/al\/wp-json\/wp\/v2\/types\/product"}],"replies":[{"embeddable":true,"href":"https:\/\/www.secretsofnatureltd.com\/al\/wp-json\/wp\/v2\/comments?post=1014"}],"wp:featuredmedia":[{"embeddable":true,"href":"https:\/\/www.secretsofnatureltd.com\/al\/wp-json\/wp\/v2\/media\/1015"}],"wp:attachment":[{"href":"https:\/\/www.secretsofnatureltd.com\/al\/wp-json\/wp\/v2\/media?parent=1014"}],"wp:term":[{"taxonomy":"product_brand","embeddable":true,"href":"https:\/\/www.secretsofnatureltd.com\/al\/wp-json\/wp\/v2\/product_brand?post=1014"},{"taxonomy":"product_cat","embeddable":true,"href":"https:\/\/www.secretsofnatureltd.com\/al\/wp-json\/wp\/v2\/product_cat?post=1014"},{"taxonomy":"product_tag","embeddable":true,"href":"https:\/\/www.secretsofnatureltd.com\/al\/wp-json\/wp\/v2\/product_tag?post=1014"}],"curies":[{"name":"wp","href":"https:\/\/api.w.org\/{rel}","templated":true}]}}