{"id":1009,"date":"2021-12-15T13:15:37","date_gmt":"2021-12-15T13:15:37","guid":{"rendered":"https:\/\/www.secretsofnatureltd.com\/sq\/?post_type=product&#038;p=1009"},"modified":"2025-04-08T08:44:02","modified_gmt":"2025-04-08T08:44:02","slug":"vaj-i-farave-t%d1%91-rrushit","status":"publish","type":"product","link":"https:\/\/www.secretsofnatureltd.com\/al\/product\/vaj-i-farave-t%d1%91-rrushit\/","title":{"rendered":"VAJ I FARAVE T\u0401 RRUSHIT"},"content":{"rendered":"<p><strong>Vaji i rrushit:<\/strong><\/p>\n<ul>\n<li>100% natyrale:\u00a0pa aplikim kimikatesh, pa aditiv\u00eb t\u00eb shtuar, jo t\u00eb rafinuar dhe pa aromatizues. Vaji e far\u00ebs s\u00eb rrushit, i prodhuar nga nj\u00eb presim q\u00eb i b\u00ebhet farave t\u00eb tij n\u00eb t\u00eb ftoht\u00eb, ruan t\u00eb gjitha vetit\u00eb e tij.<\/li>\n<\/ul>\n<p><strong>P\u00ebrfitimet nga vaji i farave t\u00eb rrushit:<\/strong><\/p>\n<ul>\n<li>Ndihmon n\u00eb p\u00ebrmir\u00ebsimin e sh\u00ebndetit t\u00eb zemr\u00ebs dhe sistemit kardiovaskular.<\/li>\n<li>Vaji i farave t\u00eb rrushit ul nivelin e \u2018kolesterolit\u00a0t\u00eb keq\u2019 (LDL) dhe rrit nivelin e \u2018kolesterolit t\u00eb mir\u00eb\u2019 (HDL).<\/li>\n<li>Antioksidant\u00ebt e gjetur n\u00eb vajin e farave t\u00eb rrushit mund t\u00eb mbrojn\u00eb dhe t\u00eb p\u00ebrmir\u00ebsojn\u00eb en\u00ebt e gjakut dhe parandalojn\u00eb tensionin e lart\u00eb t\u00eb gjakut.<\/li>\n<li>Vaji i farave t\u00eb rrushit parandalon shumimin e qelizave kanceroze sidomos n\u00eb k\u00ebto pjes\u00eb trupi: stomak, gjoks, fshik\u00ebz dhe prostat\u00eb.<\/li>\n<li>\u0401sht\u00eb i njohur tashm\u00eb fakti q\u00eb vaji i farave t\u00eb rrushit parandalon ose vonon s\u00ebmundjen e Alzhaimerit.<\/li>\n<li>Parandalon shenjat e mosh\u00ebs dhe rrudhat n\u00eb l\u00ebkur\u00eb.<\/li>\n<li>Leht\u00ebson shqet\u00ebsimet e l\u00ebkur\u00ebs si ekzema,reaksionet alergjike dhe dermatitet.<\/li>\n<li>Kur aplikohet n\u00eb skalp rigjeneron flok\u00ebt dhe ndihmon n\u00eb eliminimin e zbokthit.<\/li>\n<li>I pasur me vitamina E, C, dhe D.<\/li>\n<\/ul>\n<p><strong>P\u00ebrdorimi i vajit t\u00eb farave t\u00eb rrushit:<\/strong><\/p>\n<ul>\n<li>Rekomandohet t\u00eb konsumohet nj\u00eb lug\u00eb \u00e7aji n\u00eb dit\u00eb.<\/li>\n<li>Vaji i farave t\u00eb rrushit mund t\u00eb p\u00ebrdoret p\u00ebr masazhe dhe n\u00eb kozmetik\u00eb.<\/li>\n<li>Mund t\u00eb p\u00ebrdoret dhe n\u00eb gatime (si ne salca dhe garniture) n\u00eb temperatur\u00eb t\u00eb madhe p\u00ebr shkak se ka nj\u00eb pik\u00eb vlimi t\u00eb lart\u00eb.<\/li>\n<\/ul>\n<p>&nbsp;<\/p>\n","protected":false},"excerpt":{"rendered":"<p>Vaji i rrushit: 100% natyrale:\u00a0pa aplikim kimikatesh, pa aditiv\u00eb t\u00eb shtuar, jo t\u00eb rafinuar dhe pa aromatizues. Vaji e far\u00ebs s\u00eb rrushit, i prodhuar nga nj\u00eb presim q\u00eb i b\u00ebhet farave t\u00eb tij n\u00eb t\u00eb ftoht\u00eb, ruan t\u00eb gjitha vetit\u00eb e tij. P\u00ebrfitimet nga vaji i farave t\u00eb rrushit: Ndihmon n\u00eb p\u00ebrmir\u00ebsimin e sh\u00ebndetit t\u00eb &hellip;<\/p>\n<p class=\"read-more\"> <a class=\"\" href=\"https:\/\/www.secretsofnatureltd.com\/al\/product\/vaj-i-farave-t%d1%91-rrushit\/\"> <span class=\"screen-reader-text\">VAJ I FARAVE T\u0401 RRUSHIT<\/span> Read More &raquo;<\/a><\/p>\n","protected":false},"featured_media":1010,"comment_status":"open","ping_status":"closed","template":"","meta":{"site-sidebar-layout":"default","site-content-layout":"default","ast-main-header-display":"","ast-hfb-above-header-display":"","ast-hfb-below-header-display":"","ast-hfb-mobile-header-display":"","site-post-title":"","ast-breadcrumbs-content":"","ast-featured-img":"","footer-sml-layout":"","theme-transparent-header-meta":"default","adv-header-id-meta":"","stick-header-meta":"","header-above-stick-meta":"","header-main-stick-meta":"","header-below-stick-meta":""},"product_brand":[],"product_cat":[42],"product_tag":[],"class_list":{"0":"post-1009","1":"product","2":"type-product","3":"status-publish","4":"has-post-thumbnail","6":"product_cat-vajra","8":"first","9":"instock","10":"shipping-taxable","11":"purchasable","12":"product-type-simple"},"_links":{"self":[{"href":"https:\/\/www.secretsofnatureltd.com\/al\/wp-json\/wp\/v2\/product\/1009","targetHints":{"allow":["GET"]}}],"collection":[{"href":"https:\/\/www.secretsofnatureltd.com\/al\/wp-json\/wp\/v2\/product"}],"about":[{"href":"https:\/\/www.secretsofnatureltd.com\/al\/wp-json\/wp\/v2\/types\/product"}],"replies":[{"embeddable":true,"href":"https:\/\/www.secretsofnatureltd.com\/al\/wp-json\/wp\/v2\/comments?post=1009"}],"wp:featuredmedia":[{"embeddable":true,"href":"https:\/\/www.secretsofnatureltd.com\/al\/wp-json\/wp\/v2\/media\/1010"}],"wp:attachment":[{"href":"https:\/\/www.secretsofnatureltd.com\/al\/wp-json\/wp\/v2\/media?parent=1009"}],"wp:term":[{"taxonomy":"product_brand","embeddable":true,"href":"https:\/\/www.secretsofnatureltd.com\/al\/wp-json\/wp\/v2\/product_brand?post=1009"},{"taxonomy":"product_cat","embeddable":true,"href":"https:\/\/www.secretsofnatureltd.com\/al\/wp-json\/wp\/v2\/product_cat?post=1009"},{"taxonomy":"product_tag","embeddable":true,"href":"https:\/\/www.secretsofnatureltd.com\/al\/wp-json\/wp\/v2\/product_tag?post=1009"}],"curies":[{"name":"wp","href":"https:\/\/api.w.org\/{rel}","templated":true}]}}