{"id":1002,"date":"2021-12-15T13:04:25","date_gmt":"2021-12-15T13:04:25","guid":{"rendered":"https:\/\/www.secretsofnatureltd.com\/sq\/?post_type=product&#038;p=1002"},"modified":"2025-04-08T08:44:01","modified_gmt":"2025-04-08T08:44:01","slug":"vaj-i-farave-te-linit","status":"publish","type":"product","link":"https:\/\/www.secretsofnatureltd.com\/al\/product\/vaj-i-farave-te-linit\/","title":{"rendered":"VAJ I FARAVE T\u00cb LINIT"},"content":{"rendered":"<p><strong>Vaji i Farave t\u00eb Linit <\/strong><\/p>\n<ul>\n<li>100% natyral:\u00a0pa aplikim kimikatesh, pa aditiv\u00eb t\u00eb shtuar, i pa rafinuar dhe pa aromatizues. Vaji i farave t\u00eb lirit, i prodhuar nga presimi n\u00eb t\u00eb ftoht\u00eb ruan karakteristikat primare t\u00eb farave.<\/li>\n<\/ul>\n<p><strong>P\u00ebrftimet nga vaji i farave t\u00eb lirit<\/strong><\/p>\n<ul>\n<li>Vaji natyral i farave t\u00eb lirit, i presuar n\u00eb t\u00eb ftoht\u00eb p\u00ebrmban acide yndyrore omega-3 q\u00eb ndihmojn\u00eb n\u00eb reduktimin e kolesterolit dhe presionit t\u00eb gjakut t\u00eb shkaktuar nga trigliceridet. Por personat q\u00eb p\u00ebrdorin ila\u00e7e p\u00ebr holllim gjaku duhet t\u00eb konsultojn\u00eb farmacistin e tyre.<\/li>\n<li>Mbron nga s\u00ebmundjet kardiovaskulare dhe p\u00ebrmir\u00ebson funksionimin e sistemit kardiovaskular.<\/li>\n<li>K\u00ebrkimet kan\u00eb treguar q\u00eb vaji lirit p\u00ebrmban substanca q\u00eb mbrojn\u00eb nga kanceri gjirit, kanceri prostat\u00ebs dhe nga kanceri kolon\u00ebs.<\/li>\n<li>Vaji i lirit p\u00ebrmban omega-3 q\u00eb ndalon shumimin e qelizave kanceroze sidomos n\u00eb rastet e kancerit t\u00eb kolon\u00ebs.<\/li>\n<li>I presuar n\u00eb t\u00eb ftoht\u00eb, ky vaj ndihmon n\u00eb reduktimin e inflamacioneve t\u00eb shtres\u00ebs s\u00eb br\u00ebnde\u00ebshme t\u00eb zorr\u00ebve.<\/li>\n<li>P\u00ebr shkak se t\u00eb krijon ndjesin\u00eb e ngopjes,vaji i lirit i presuar n\u00eb t\u00eb ftoht\u00eb p\u00ebrmban yndyrna dietike q\u00eb ndihmojn\u00eb n\u00eb humbjen e pesh\u00ebs.<\/li>\n<li>Forcon sistemin imunitar dhe kockat.<\/li>\n<li>P\u00ebrmban omega-3 dhe vitamin\u00eb B12, te cilat kan\u00eb veti kund\u00ebr plakjes.<\/li>\n<li>P\u00ebrdoret p\u00ebr parandalimin e s\u00ebmundjes s\u00eb reumatizm\u00ebs.<\/li>\n<li>P\u00ebrdoret p\u00ebr kurimin e ekzem\u00ebs dhe psoriases.<\/li>\n<li>Redukton simptomat e sindrom\u00ebs s\u00eb syrit t\u00eb that\u00eb.<\/li>\n<li>Acidet yndyrore,vitaminat dhe mineralet q\u00eb gj\u00ebnden tek vaji i farave t\u00eb lirit ndihmojn\u00eb n\u00eb rritjen e flok\u00ebve dhe parandalojn\u00eb r\u00ebnien e tyre.<\/li>\n<\/ul>\n<p><strong>Perdorimi i vajit te farave te linit:<\/strong><\/p>\n<ul>\n<li>Meret nj\u00eb lug\u00eb gjelle n\u00eb dit\u00eb.<\/li>\n<\/ul>\n","protected":false},"excerpt":{"rendered":"<p>Vaji i Farave t\u00eb Linit 100% natyral:\u00a0pa aplikim kimikatesh, pa aditiv\u00eb t\u00eb shtuar, i pa rafinuar dhe pa aromatizues. Vaji i farave t\u00eb lirit, i prodhuar nga presimi n\u00eb t\u00eb ftoht\u00eb ruan karakteristikat primare t\u00eb farave. P\u00ebrftimet nga vaji i farave t\u00eb lirit Vaji natyral i farave t\u00eb lirit, i presuar n\u00eb t\u00eb ftoht\u00eb p\u00ebrmban &hellip;<\/p>\n<p class=\"read-more\"> <a class=\"\" href=\"https:\/\/www.secretsofnatureltd.com\/al\/product\/vaj-i-farave-te-linit\/\"> <span class=\"screen-reader-text\">VAJ I FARAVE T\u00cb LINIT<\/span> Read More &raquo;<\/a><\/p>\n","protected":false},"featured_media":1003,"comment_status":"open","ping_status":"closed","template":"","meta":{"site-sidebar-layout":"default","site-content-layout":"default","ast-main-header-display":"","ast-hfb-above-header-display":"","ast-hfb-below-header-display":"","ast-hfb-mobile-header-display":"","site-post-title":"","ast-breadcrumbs-content":"","ast-featured-img":"","footer-sml-layout":"","theme-transparent-header-meta":"default","adv-header-id-meta":"","stick-header-meta":"","header-above-stick-meta":"","header-main-stick-meta":"","header-below-stick-meta":""},"product_brand":[],"product_cat":[42],"product_tag":[],"class_list":{"0":"post-1002","1":"product","2":"type-product","3":"status-publish","4":"has-post-thumbnail","6":"product_cat-vajra","8":"first","9":"instock","10":"shipping-taxable","11":"purchasable","12":"product-type-simple"},"_links":{"self":[{"href":"https:\/\/www.secretsofnatureltd.com\/al\/wp-json\/wp\/v2\/product\/1002","targetHints":{"allow":["GET"]}}],"collection":[{"href":"https:\/\/www.secretsofnatureltd.com\/al\/wp-json\/wp\/v2\/product"}],"about":[{"href":"https:\/\/www.secretsofnatureltd.com\/al\/wp-json\/wp\/v2\/types\/product"}],"replies":[{"embeddable":true,"href":"https:\/\/www.secretsofnatureltd.com\/al\/wp-json\/wp\/v2\/comments?post=1002"}],"wp:featuredmedia":[{"embeddable":true,"href":"https:\/\/www.secretsofnatureltd.com\/al\/wp-json\/wp\/v2\/media\/1003"}],"wp:attachment":[{"href":"https:\/\/www.secretsofnatureltd.com\/al\/wp-json\/wp\/v2\/media?parent=1002"}],"wp:term":[{"taxonomy":"product_brand","embeddable":true,"href":"https:\/\/www.secretsofnatureltd.com\/al\/wp-json\/wp\/v2\/product_brand?post=1002"},{"taxonomy":"product_cat","embeddable":true,"href":"https:\/\/www.secretsofnatureltd.com\/al\/wp-json\/wp\/v2\/product_cat?post=1002"},{"taxonomy":"product_tag","embeddable":true,"href":"https:\/\/www.secretsofnatureltd.com\/al\/wp-json\/wp\/v2\/product_tag?post=1002"}],"curies":[{"name":"wp","href":"https:\/\/api.w.org\/{rel}","templated":true}]}}