{"id":826,"date":"2021-12-01T14:32:10","date_gmt":"2021-12-01T14:32:10","guid":{"rendered":"https:\/\/www.secretsofnatureltd.com\/sq\/?page_id=826"},"modified":"2022-03-01T18:21:07","modified_gmt":"2022-03-01T18:21:07","slug":"misioni","status":"publish","type":"page","link":"https:\/\/www.secretsofnatureltd.com\/al\/misioni\/","title":{"rendered":"Misioni yn\u00eb"},"content":{"rendered":"\t\t<div data-elementor-type=\"wp-page\" data-elementor-id=\"826\" class=\"elementor elementor-826\" data-elementor-settings=\"[]\">\n\t\t\t\t\t\t\t<div class=\"elementor-section-wrap\">\n\t\t\t\t\t\t\t<section class=\"elementor-section elementor-top-section elementor-element elementor-element-fb0497d elementor-section-height-min-height elementor-section-boxed elementor-section-height-default elementor-section-items-middle\" data-id=\"fb0497d\" data-element_type=\"section\" data-settings=\"{&quot;background_background&quot;:&quot;classic&quot;}\">\n\t\t\t\t\t\t\t<div class=\"elementor-background-overlay\"><\/div>\n\t\t\t\t\t\t\t<div class=\"elementor-container elementor-column-gap-no\">\n\t\t\t\t\t<div class=\"elementor-column elementor-col-100 elementor-top-column elementor-element elementor-element-325f11c\" data-id=\"325f11c\" data-element_type=\"column\">\n\t\t\t<div class=\"elementor-widget-wrap elementor-element-populated\">\n\t\t\t\t\t\t\t\t<div class=\"elementor-element elementor-element-25b39bd elementor-widget elementor-widget-heading\" data-id=\"25b39bd\" data-element_type=\"widget\" data-widget_type=\"heading.default\">\n\t\t\t\t<div class=\"elementor-widget-container\">\n\t\t\t<style>\/*! elementor - v3.5.5 - 03-02-2022 *\/\n.elementor-heading-title{padding:0;margin:0;line-height:1}.elementor-widget-heading .elementor-heading-title[class*=elementor-size-]>a{color:inherit;font-size:inherit;line-height:inherit}.elementor-widget-heading .elementor-heading-title.elementor-size-small{font-size:15px}.elementor-widget-heading .elementor-heading-title.elementor-size-medium{font-size:19px}.elementor-widget-heading .elementor-heading-title.elementor-size-large{font-size:29px}.elementor-widget-heading .elementor-heading-title.elementor-size-xl{font-size:39px}.elementor-widget-heading .elementor-heading-title.elementor-size-xxl{font-size:59px}<\/style><h3 class=\"elementor-heading-title elementor-size-default\">Misioni Yn\u00eb<\/h3>\t\t<\/div>\n\t\t\t\t<\/div>\n\t\t\t\t\t<\/div>\n\t\t<\/div>\n\t\t\t\t\t\t\t<\/div>\n\t\t<\/section>\n\t\t\t\t<section class=\"elementor-section elementor-top-section elementor-element elementor-element-8da0157 elementor-section-boxed elementor-section-height-default elementor-section-height-default\" data-id=\"8da0157\" data-element_type=\"section\">\n\t\t\t\t\t\t<div class=\"elementor-container elementor-column-gap-default\">\n\t\t\t\t\t<div class=\"elementor-column elementor-col-100 elementor-top-column elementor-element elementor-element-783f431\" data-id=\"783f431\" data-element_type=\"column\">\n\t\t\t<div class=\"elementor-widget-wrap elementor-element-populated\">\n\t\t\t\t\t\t\t\t<div class=\"elementor-element elementor-element-6bd80f6 elementor-widget elementor-widget-spacer\" data-id=\"6bd80f6\" data-element_type=\"widget\" data-widget_type=\"spacer.default\">\n\t\t\t\t<div class=\"elementor-widget-container\">\n\t\t\t\t\t<div class=\"elementor-spacer\">\n\t\t\t<div class=\"elementor-spacer-inner\"><\/div>\n\t\t<\/div>\n\t\t\t\t<\/div>\n\t\t\t\t<\/div>\n\t\t\t\t<section class=\"elementor-section elementor-inner-section elementor-element elementor-element-450925d elementor-section-boxed elementor-section-height-default elementor-section-height-default\" data-id=\"450925d\" data-element_type=\"section\">\n\t\t\t\t\t\t<div class=\"elementor-container elementor-column-gap-default\">\n\t\t\t\t\t<div class=\"elementor-column elementor-col-50 elementor-inner-column elementor-element elementor-element-1d51f62\" data-id=\"1d51f62\" data-element_type=\"column\">\n\t\t\t<div class=\"elementor-widget-wrap elementor-element-populated\">\n\t\t\t\t\t\t\t\t<div class=\"elementor-element elementor-element-c3ff5ef elementor-widget elementor-widget-text-editor\" data-id=\"c3ff5ef\" data-element_type=\"widget\" data-widget_type=\"text-editor.default\">\n\t\t\t\t<div class=\"elementor-widget-container\">\n\t\t\t<style>\/*! elementor - v3.5.5 - 03-02-2022 *\/\n.elementor-widget-text-editor.elementor-drop-cap-view-stacked .elementor-drop-cap{background-color:#818a91;color:#fff}.elementor-widget-text-editor.elementor-drop-cap-view-framed .elementor-drop-cap{color:#818a91;border:3px solid;background-color:transparent}.elementor-widget-text-editor:not(.elementor-drop-cap-view-default) .elementor-drop-cap{margin-top:8px}.elementor-widget-text-editor:not(.elementor-drop-cap-view-default) .elementor-drop-cap-letter{width:1em;height:1em}.elementor-widget-text-editor .elementor-drop-cap{float:left;text-align:center;line-height:1;font-size:50px}.elementor-widget-text-editor .elementor-drop-cap-letter{display:inline-block}<\/style>\t\t\t\t<p style=\"font-size: 19px; font-style: normal; font-weight: 500; text-align: center;\">\u201cBukuria na \u00ebsht\u00eb dh\u00ebn\u00eb q\u00eb n\u00eb momentin e par\u00eb t\u00eb lindjes\nAjo q\u00eb q\u00ebndron me ne duhet thjesht t\u00eb zbulohet me delikates\u00eb\nNuk k\u00ebrkon aq shum\u00eb sa dashuri dhe p\u00ebrkushtim dita-dit\u00ebs n\u00eb rritje\nMbi t\u00eb gjitha, duke zgjedhur gjithmon\u00eb vet\u00ebm at\u00eb q\u00eb na ofron natyra.\u201d<\/p>\n<p style=\"font-size: 19px; font-style: normal; font-weight: 500; text-align: center;\">Eriona Xhaferaj \u2013 Themeluesja e Secrets of Nature<\/p>\n<p style=\"font-size: 19px; font-style: normal; font-weight: 500; text-align: center;\">\u201cSecrets of Nature\u201d \u00ebsht\u00eb tashm\u00eb marka q\u00eb sh\u00ebnon kombinimin perfekt t\u00eb Bukuris\u00eb me harmonin\u00eb, freskin\u00eb, delikates\u00ebn dhe frym\u00ebn e qet\u00eb t\u00eb Natyr\u00ebs.<\/p>\n<p style=\"font-size: 19px; font-style: normal; font-weight: 500; text-align: center;\">E themeluar n\u00eb vitin 2014, kjo mark\u00eb njihet brenda dhe jasht\u00eb kufijve t\u00eb Shqip\u00ebris\u00eb fal\u00eb pun\u00ebs, pasionit, p\u00ebrkushtimit dhe ekspertiz\u00ebs s\u00eb farmacistes Eriona!<\/p>\t\t\t\t\t\t<\/div>\n\t\t\t\t<\/div>\n\t\t\t\t\t<\/div>\n\t\t<\/div>\n\t\t\t\t<div class=\"elementor-column elementor-col-50 elementor-inner-column elementor-element elementor-element-33fd30d\" data-id=\"33fd30d\" data-element_type=\"column\">\n\t\t\t<div class=\"elementor-widget-wrap elementor-element-populated\">\n\t\t\t\t\t\t\t\t<div class=\"elementor-element elementor-element-e4ce81a elementor-widget elementor-widget-image\" data-id=\"e4ce81a\" data-element_type=\"widget\" data-widget_type=\"image.default\">\n\t\t\t\t<div class=\"elementor-widget-container\">\n\t\t\t<style>\/*! elementor - v3.5.5 - 03-02-2022 *\/\n.elementor-widget-image{text-align:center}.elementor-widget-image a{display:inline-block}.elementor-widget-image a img[src$=\".svg\"]{width:48px}.elementor-widget-image img{vertical-align:middle;display:inline-block}<\/style>\t\t\t\t\t\t\t\t\t\t\t\t<img decoding=\"async\" src=\"https:\/\/www.secretsofnatureltd.com\/al\/wp-content\/uploads\/sites\/2\/elementor\/thumbs\/JPEG-image1-scaled-pl8e0t5vz6qfevo73jizg9lg3nv8dfn3n1ximueduo.jpeg\" title=\"JPEG image(1)\" alt=\"JPEG image(1)\" \/>\t\t\t\t\t\t\t\t\t\t\t\t\t\t\t<\/div>\n\t\t\t\t<\/div>\n\t\t\t\t\t<\/div>\n\t\t<\/div>\n\t\t\t\t\t\t\t<\/div>\n\t\t<\/section>\n\t\t\t\t<section class=\"elementor-section elementor-inner-section elementor-element elementor-element-883f74e elementor-section-boxed elementor-section-height-default elementor-section-height-default\" data-id=\"883f74e\" data-element_type=\"section\">\n\t\t\t\t\t\t<div class=\"elementor-container elementor-column-gap-default\">\n\t\t\t\t\t<div class=\"elementor-column elementor-col-50 elementor-inner-column elementor-element elementor-element-9ed637b\" data-id=\"9ed637b\" data-element_type=\"column\">\n\t\t\t<div class=\"elementor-widget-wrap elementor-element-populated\">\n\t\t\t\t\t\t\t\t<div class=\"elementor-element elementor-element-c1e18a4 elementor-widget elementor-widget-image\" data-id=\"c1e18a4\" data-element_type=\"widget\" data-widget_type=\"image.default\">\n\t\t\t\t<div class=\"elementor-widget-container\">\n\t\t\t\t\t\t\t\t\t\t\t\t\t\t\t<img decoding=\"async\" src=\"https:\/\/www.secretsofnatureltd.com\/al\/wp-content\/uploads\/sites\/2\/elementor\/thumbs\/image_6483441-scaled-pl8ffkg5148za0mjdmqn5o5joel6kt3nt953mo6zxs.jpg\" title=\"image_6483441\" alt=\"image_6483441\" \/>\t\t\t\t\t\t\t\t\t\t\t\t\t\t\t<\/div>\n\t\t\t\t<\/div>\n\t\t\t\t\t<\/div>\n\t\t<\/div>\n\t\t\t\t<div class=\"elementor-column elementor-col-50 elementor-inner-column elementor-element elementor-element-0fe0963\" data-id=\"0fe0963\" data-element_type=\"column\">\n\t\t\t<div class=\"elementor-widget-wrap elementor-element-populated\">\n\t\t\t\t\t\t\t\t<div class=\"elementor-element elementor-element-860793e elementor-widget elementor-widget-text-editor\" data-id=\"860793e\" data-element_type=\"widget\" data-widget_type=\"text-editor.default\">\n\t\t\t\t<div class=\"elementor-widget-container\">\n\t\t\t\t\t\t\t<p style=\"font-size: 19px; font-style: normal; font-weight: 500; text-align: center;\">Eriona, pas specializimit t\u00eb dyt\u00eb shkencor n\u00eb fush\u00ebn e farmacis\u00eb dhe mbrojtjes s\u00eb shk\u00eblqyer t\u00eb tem\u00ebs &#8216;Ksenoestrogjenet n\u00eb kozmetik\u00eb&#8217; \u2013 vendosi t\u00eb sfidoj\u00eb veten me profesionin e saj, duke iu rikthyer rr\u00ebnj\u00ebve t\u00eb Natyr\u00ebs \u2013 k\u00ebtij Prosperiteti t\u00eb q\u00ebndruesh\u00ebm q\u00eb mbetet burimi m\u00eb i sigurt p\u00ebr sh\u00ebndetin dhe sh\u00ebndetin. P\u00ebrkujdesje l\u00ebkure! POR nuk mbaron me kaq! Iniciativa e p\u00ebrzem\u00ebrt gjat\u00eb themelimit t\u00eb Sekreteve t\u00eb Natyr\u00ebs e b\u00ebri Erion\u00ebn aq shum\u00eb t\u00eb p\u00ebrfshir\u00eb sa udh\u00ebtimi i saj n\u00eb bot\u00ebn e dijes u b\u00eb i pakthyesh\u00ebm; gjurmimi i drejtimeve dhe zonave t\u00eb ndryshme, q\u00eb nga formulimet laboratorike, trajtimet estetike, aromaterapia, parfumeria dhe s\u00eb fundi, thellimi n\u00eb oqeanin e pafund t\u00eb holistik dhe nutricionalizmit.<\/p><p style=\"font-size: 19px; font-style: normal; font-weight: 500; text-align: center;\">T\u00eb gjitha k\u00ebto studime dhe k\u00ebrkime i dhan\u00eb form\u00ebn m\u00eb t\u00eb plot\u00eb dhe t\u00eb past\u00ebr k\u00ebsaj marke, simboli i s\u00eb cil\u00ebs tashm\u00eb sh\u00ebnohet me Perl\u00ebn; si nj\u00eb tregues qelibar i Bukuris\u00eb s\u00eb praruar; duke mish\u00ebruar p\u00ebrpjekjet, p\u00ebrkushtimin dhe v\u00ebshtir\u00ebsit\u00eb q\u00eb p\u00ebrjetoi ky rrug\u00ebtim, deri tani!<\/p><p style=\"font-size: 19px; font-style: normal; font-weight: 500; text-align: center;\">Bardh\u00ebsia, but\u00ebsia dhe q\u00ebndrueshm\u00ebria e k\u00ebtij guri \u2013 nj\u00eb thesar natyror, \u00ebsht\u00eb nj\u00ebsoj si vizioni i Erion\u00ebs, e cila e percepton t\u00eb Bukur\u00ebn si nj\u00eb Dashuri q\u00eb ofrohet me kujdes dhe n\u00eb harmoni t\u00eb plot\u00eb me Natyr\u00ebn dhe Shpirtin Njer\u00ebzor.<\/p>\t\t\t\t\t\t<\/div>\n\t\t\t\t<\/div>\n\t\t\t\t\t<\/div>\n\t\t<\/div>\n\t\t\t\t\t\t\t<\/div>\n\t\t<\/section>\n\t\t\t\t<section class=\"elementor-section elementor-inner-section elementor-element elementor-element-ba6f54d elementor-section-boxed elementor-section-height-default elementor-section-height-default\" data-id=\"ba6f54d\" data-element_type=\"section\">\n\t\t\t\t\t\t<div class=\"elementor-container elementor-column-gap-default\">\n\t\t\t\t\t<div class=\"elementor-column elementor-col-50 elementor-inner-column elementor-element elementor-element-df494d7\" data-id=\"df494d7\" data-element_type=\"column\">\n\t\t\t<div class=\"elementor-widget-wrap elementor-element-populated\">\n\t\t\t\t\t\t\t\t<div class=\"elementor-element elementor-element-8880d12 elementor-widget elementor-widget-text-editor\" data-id=\"8880d12\" data-element_type=\"widget\" data-widget_type=\"text-editor.default\">\n\t\t\t\t<div class=\"elementor-widget-container\">\n\t\t\t\t\t\t\t<p style=\"font-size: 19px; font-style: normal; font-weight: 500; text-align: center;\">Produktet \u201cSekretet e Natyr\u00ebs\u201d jan\u00eb formulime autentike t\u00eb farmacistes Eriona Xhaferaj. Ato jan\u00eb t\u00eb p\u00ebrgatitura me p\u00ebrb\u00ebr\u00ebs 100% natyral\u00eb dhe cil\u00ebsi superiore! Produktet tona marrin jet\u00eb dhe form\u00eb n\u00eb m\u00ebnyr\u00eb artizanale, nga dashuria, men\u00e7uria dhe dija q\u00eb \u00ebsht\u00eb m\u00ebsuar nd\u00ebr vite. T\u00eb gjitha formulimet q\u00ebndrojn\u00eb larg parabenit, silikonit, sulfatit, glutenit ose aromave sintetike. Shumica e tyre jan\u00eb produkte t\u00ebr\u00ebsisht vegane.<\/p><p style=\"font-size: 19px; font-style: normal; font-weight: 500; text-align: center;\">Produktet jan\u00eb gjithashtu t\u00eb certifikuara ISO, sipas standardeve evropiane dhe nuk jan\u00eb t\u00eb testuara n\u00eb kafsh\u00eb.<\/p>\t\t\t\t\t\t<\/div>\n\t\t\t\t<\/div>\n\t\t\t\t\t<\/div>\n\t\t<\/div>\n\t\t\t\t<div class=\"elementor-column elementor-col-50 elementor-inner-column elementor-element elementor-element-49a2025\" data-id=\"49a2025\" data-element_type=\"column\">\n\t\t\t<div class=\"elementor-widget-wrap elementor-element-populated\">\n\t\t\t\t\t\t\t\t<div class=\"elementor-element elementor-element-bfad958 elementor-widget elementor-widget-image\" data-id=\"bfad958\" data-element_type=\"widget\" data-widget_type=\"image.default\">\n\t\t\t\t<div class=\"elementor-widget-container\">\n\t\t\t\t\t\t\t\t\t\t\t\t\t\t\t<img decoding=\"async\" src=\"https:\/\/www.secretsofnatureltd.com\/al\/wp-content\/uploads\/sites\/2\/elementor\/thumbs\/Snapseed1-scaled-pl8e1b0tl1evjgy9798w9n37dzf7fom01ibqr3nwkg.jpg\" title=\"Snapseed(1)\" alt=\"Snapseed(1)\" \/>\t\t\t\t\t\t\t\t\t\t\t\t\t\t\t<\/div>\n\t\t\t\t<\/div>\n\t\t\t\t\t<\/div>\n\t\t<\/div>\n\t\t\t\t\t\t\t<\/div>\n\t\t<\/section>\n\t\t\t\t<div class=\"elementor-element elementor-element-fc40b69 elementor-widget elementor-widget-spacer\" data-id=\"fc40b69\" data-element_type=\"widget\" data-widget_type=\"spacer.default\">\n\t\t\t\t<div class=\"elementor-widget-container\">\n\t\t\t\t\t<div class=\"elementor-spacer\">\n\t\t\t<div class=\"elementor-spacer-inner\"><\/div>\n\t\t<\/div>\n\t\t\t\t<\/div>\n\t\t\t\t<\/div>\n\t\t\t\t<div class=\"elementor-element elementor-element-6edba16 elementor-widget elementor-widget-spacer\" data-id=\"6edba16\" data-element_type=\"widget\" data-widget_type=\"spacer.default\">\n\t\t\t\t<div class=\"elementor-widget-container\">\n\t\t\t\t\t<div class=\"elementor-spacer\">\n\t\t\t<div class=\"elementor-spacer-inner\"><\/div>\n\t\t<\/div>\n\t\t\t\t<\/div>\n\t\t\t\t<\/div>\n\t\t\t\t\t<\/div>\n\t\t<\/div>\n\t\t\t\t\t\t\t<\/div>\n\t\t<\/section>\n\t\t\t\t\t\t<\/div>\n\t\t\t\t\t<\/div>\n\t\t","protected":false},"excerpt":{"rendered":"<p>Misioni Yn\u00eb \u201cBukuria na \u00ebsht\u00eb dh\u00ebn\u00eb q\u00eb n\u00eb momentin e par\u00eb t\u00eb lindjes Ajo q\u00eb q\u00ebndron me ne duhet thjesht t\u00eb zbulohet me delikates\u00eb Nuk k\u00ebrkon aq shum\u00eb sa dashuri dhe p\u00ebrkushtim dita-dit\u00ebs n\u00eb rritje Mbi t\u00eb gjitha, duke zgjedhur gjithmon\u00eb vet\u00ebm at\u00eb q\u00eb na ofron natyra.\u201d Eriona Xhaferaj \u2013 Themeluesja e Secrets of Nature &hellip;<\/p>\n<p class=\"read-more\"> <a class=\"\" href=\"https:\/\/www.secretsofnatureltd.com\/al\/misioni\/\"> <span class=\"screen-reader-text\">Misioni yn\u00eb<\/span> Read More &raquo;<\/a><\/p>\n","protected":false},"author":1,"featured_media":0,"parent":0,"menu_order":0,"comment_status":"closed","ping_status":"closed","template":"","meta":{"site-sidebar-layout":"no-sidebar","site-content-layout":"page-builder","ast-main-header-display":"","ast-hfb-above-header-display":"","ast-hfb-below-header-display":"","ast-hfb-mobile-header-display":"","site-post-title":"disabled","ast-breadcrumbs-content":"disabled","ast-featured-img":"disabled","footer-sml-layout":"","theme-transparent-header-meta":"enabled","adv-header-id-meta":"","stick-header-meta":"","header-above-stick-meta":"","header-main-stick-meta":"","header-below-stick-meta":"","footnotes":""},"class_list":["post-826","page","type-page","status-publish","hentry"],"_links":{"self":[{"href":"https:\/\/www.secretsofnatureltd.com\/al\/wp-json\/wp\/v2\/pages\/826","targetHints":{"allow":["GET"]}}],"collection":[{"href":"https:\/\/www.secretsofnatureltd.com\/al\/wp-json\/wp\/v2\/pages"}],"about":[{"href":"https:\/\/www.secretsofnatureltd.com\/al\/wp-json\/wp\/v2\/types\/page"}],"author":[{"embeddable":true,"href":"https:\/\/www.secretsofnatureltd.com\/al\/wp-json\/wp\/v2\/users\/1"}],"replies":[{"embeddable":true,"href":"https:\/\/www.secretsofnatureltd.com\/al\/wp-json\/wp\/v2\/comments?post=826"}],"version-history":[{"count":55,"href":"https:\/\/www.secretsofnatureltd.com\/al\/wp-json\/wp\/v2\/pages\/826\/revisions"}],"predecessor-version":[{"id":1449,"href":"https:\/\/www.secretsofnatureltd.com\/al\/wp-json\/wp\/v2\/pages\/826\/revisions\/1449"}],"wp:attachment":[{"href":"https:\/\/www.secretsofnatureltd.com\/al\/wp-json\/wp\/v2\/media?parent=826"}],"curies":[{"name":"wp","href":"https:\/\/api.w.org\/{rel}","templated":true}]}}