{"id":2753,"date":"2025-06-16T09:41:16","date_gmt":"2025-06-16T09:41:16","guid":{"rendered":"https:\/\/www.secretsofnatureltd.com\/al\/?page_id=2753"},"modified":"2025-06-16T10:08:23","modified_gmt":"2025-06-16T10:08:23","slug":"terms-conditions","status":"publish","type":"page","link":"https:\/\/www.secretsofnatureltd.com\/al\/terms-conditions\/","title":{"rendered":"Terms-Conditions"},"content":{"rendered":"\t\t<div data-elementor-type=\"wp-page\" data-elementor-id=\"2753\" class=\"elementor elementor-2753\" data-elementor-settings=\"[]\">\n\t\t\t\t\t\t\t<div class=\"elementor-section-wrap\">\n\t\t\t\t\t\t\t<section class=\"elementor-section elementor-top-section elementor-element elementor-element-65ae8c5 elementor-section-boxed elementor-section-height-default elementor-section-height-default\" data-id=\"65ae8c5\" data-element_type=\"section\">\n\t\t\t\t\t\t<div class=\"elementor-container elementor-column-gap-default\">\n\t\t\t\t\t<div class=\"elementor-column elementor-col-100 elementor-top-column elementor-element elementor-element-eab2827\" data-id=\"eab2827\" data-element_type=\"column\">\n\t\t\t<div class=\"elementor-widget-wrap elementor-element-populated\">\n\t\t\t\t\t\t\t\t<section class=\"elementor-section elementor-inner-section elementor-element elementor-element-44625f9 elementor-section-boxed elementor-section-height-default elementor-section-height-default\" data-id=\"44625f9\" data-element_type=\"section\">\n\t\t\t\t\t\t<div class=\"elementor-container elementor-column-gap-default\">\n\t\t\t\t\t<div class=\"elementor-column elementor-col-100 elementor-inner-column elementor-element elementor-element-c429c07\" data-id=\"c429c07\" data-element_type=\"column\">\n\t\t\t<div class=\"elementor-widget-wrap elementor-element-populated\">\n\t\t\t\t\t\t\t\t<div class=\"elementor-element elementor-element-f1c2edf elementor-widget elementor-widget-heading\" data-id=\"f1c2edf\" data-element_type=\"widget\" data-widget_type=\"heading.default\">\n\t\t\t\t<div class=\"elementor-widget-container\">\n\t\t\t<style>\/*! elementor - v3.5.5 - 03-02-2022 *\/\n.elementor-heading-title{padding:0;margin:0;line-height:1}.elementor-widget-heading .elementor-heading-title[class*=elementor-size-]>a{color:inherit;font-size:inherit;line-height:inherit}.elementor-widget-heading .elementor-heading-title.elementor-size-small{font-size:15px}.elementor-widget-heading .elementor-heading-title.elementor-size-medium{font-size:19px}.elementor-widget-heading .elementor-heading-title.elementor-size-large{font-size:29px}.elementor-widget-heading .elementor-heading-title.elementor-size-xl{font-size:39px}.elementor-widget-heading .elementor-heading-title.elementor-size-xxl{font-size:59px}<\/style><div class=\"elementor-heading-title elementor-size-default\"><div style=\"max-width: 900px; margin: 40px auto; font-family: Arial, sans-serif; color: #273746; line-height: 1.6; padding: 0 20px;\">\n  <h2 style=\"color: #9f7107; font-weight: 400; font-size: 1.8rem; margin-bottom: 24px;\">\n    Kushtet dhe Termat e P\u00ebrdorimit\n  <\/h2>\n\n  <p>\n    Ju lutemi lexoni me kujdes k\u00ebto kushte p\u00ebrpara se t\u00eb p\u00ebrdorni faqen <strong style=\"color: #9f7107; text-transform: uppercase;\">Secrets of Nature Ltd<\/strong>, produktet apo sh\u00ebrbimet tona.\n  <\/p>\n\n  <p>\n    Duke hyr\u00eb dhe p\u00ebrdorur k\u00ebt\u00eb faqe, ju pranoni t\u00eb respektoni k\u00ebto kushte dhe dispozita, si dhe ligjet p\u00ebrkat\u00ebse. N\u00ebse nuk pajtoheni me ndonj\u00eb prej tyre, ju lutemi mos e p\u00ebrdorni k\u00ebt\u00eb faqe.\n  <\/p>\n\n  <p><strong style=\"color: #9f7107; text-transform: uppercase;\">E DREJTA E AUTORIT<\/strong><br\/>  E gjith\u00eb p\u00ebrmbajtja e k\u00ebsaj faqeje \u00ebsht\u00eb e mbrojtur nga ligjet p\u00ebr t\u00eb drejt\u00ebn e autorit dhe \u00ebsht\u00eb pron\u00eb e <strong style=\"color: #9f7107; text-transform: uppercase;\">Secrets of Nature Ltd<\/strong>. Ju mund t\u00eb shkarkoni ose printoni p\u00ebrmbajtje vet\u00ebm p\u00ebr p\u00ebrdorim personal dhe jo-komercial. \u00c7do p\u00ebrdorim tjet\u00ebr \u00ebsht\u00eb i ndaluar pa autorizim t\u00eb shkruar.<\/p>\n\n  <p><strong style=\"color: #9f7107; text-transform: uppercase;\">P\u00cbRDORIMI I LEJUESH\u00cbM<\/strong><br\/> Lejohet p\u00ebrdorimi i faqes p\u00ebr q\u00ebllime personale, edukative ose p\u00ebr t\u00eb b\u00ebr\u00eb nj\u00eb porosi. \u00c7do kopjim, modifikim, ose shp\u00ebrndarje e p\u00ebrmbajtjes p\u00ebr q\u00ebllime t\u00eb tjera pa leje, ndalohet rrept\u00ebsisht.<\/p>\n\n  <p><strong style=\"color: #9f7107; text-transform: uppercase;\">P\u00cbRGJEGJ\u00cbSIA PERSONALE<\/strong> <br\/> Ju jeni p\u00ebrgjegj\u00ebs p\u00ebr \u00e7do veprim q\u00eb nd\u00ebrmerrni n\u00eb baz\u00eb t\u00eb informacionit t\u00eb p\u00ebrfshir\u00eb n\u00eb k\u00ebt\u00eb faqe. P\u00ebrdorimi i informacionit b\u00ebhet n\u00eb rrezikun tuaj dhe ne nuk garantojm\u00eb rezultate specifike.<\/p>\n\n  <p><strong style=\"color: #9f7107; text-transform: uppercase;\">MOHIMI I GARANCIS\u00cb<\/strong><br\/>  Faqja dhe p\u00ebrmbajtja ofrohen \"si\u00e7 jan\u00eb\". Ne nuk garantojm\u00eb q\u00eb faqja do t\u00eb jet\u00eb pa gabime, e nd\u00ebrprer\u00eb ose e sigurt ndaj viruseve. P\u00ebrdorimi \u00ebsht\u00eb n\u00eb p\u00ebrgjegj\u00ebsin\u00eb tuaj t\u00eb plot\u00eb.<\/p>\n\n  <p><strong style=\"color: #9f7107; text-transform: uppercase;\">KUFIZIMI I P\u00cbRGJEGJ\u00cbSIS\u00cb<\/strong> <br\/> Secrets of Nature Ltd nuk mban p\u00ebrgjegj\u00ebsi p\u00ebr ndonj\u00eb d\u00ebm direkt, indirekt, aksidental ose pasues q\u00eb lind nga p\u00ebrdorimi i faqes ose i produkteve tona.<\/p>\n\n  <p><strong style=\"color: #9f7107; text-transform: uppercase;\">SH\u00cbNIM MJEK\u00cbSOR<\/strong><br\/>  Asnj\u00eb p\u00ebrmbajtje n\u00eb k\u00ebt\u00eb faqe nuk duhet t\u00eb konsiderohet si k\u00ebshill\u00eb mjek\u00ebsore. P\u00ebr \u00e7do problem sh\u00ebndet\u00ebsor, konsultohuni me mjekun ose profesionistin tuaj t\u00eb kujdesit sh\u00ebndet\u00ebsor.<\/p>\n\n  <p><strong style=\"color: #9f7107; text-transform: uppercase;\">PRIVAT\u00cbSIA<\/strong> <br\/> T\u00eb dh\u00ebnat tuaja trajtohen me kujdes sipas <a href=\"\/privacy-policy\" style=\"color: #9f7107; text-decoration: none;\">Politik\u00ebs son\u00eb t\u00eb Privat\u00ebsis\u00eb<\/a>. Duke p\u00ebrdorur faqen, ju pranoni kushtet e saj.<\/p>\n\n  <p><strong style=\"color: #9f7107; text-transform: uppercase;\">BLERJET DHE ABONIMET<\/strong><br\/>  P\u00ebr produktet e blera ose abonimet, mund t\u00eb k\u00ebrkohet informacion personal dhe pagesa paraprake. Pagesat p\u00ebrs\u00ebriten sipas marr\u00ebveshjes p\u00ebrkat\u00ebse.<\/p>\n\n  <p><strong style=\"color: #9f7107; text-transform: uppercase;\">NDRYSHIME N\u00cb KUSHTE<\/strong><br\/>  Ne rezervojm\u00eb t\u00eb drejt\u00ebn t\u00eb ndryshojm\u00eb k\u00ebto kushte n\u00eb \u00e7do koh\u00eb, pa paralajm\u00ebrim. P\u00ebrdorimi i m\u00ebtejsh\u00ebm i faqes pas ndryshimeve p\u00ebrb\u00ebn pranim t\u00eb tyre.<\/p>\n\n  <p><strong style=\"color: #9f7107; text-transform: uppercase;\">KONTAKT<\/strong><br\/>  P\u00ebr pyetje ose sqarime n\u00eb lidhje me k\u00ebto kushte, ju lutemi na shkruani n\u00eb <a href=\"mailto:info@secretsofnatureltd.com\" style=\"color: #9f7107; text-decoration: none;\">info@secretsofnatureltd.com<\/a>.<\/p>\n<\/div>\n<\/div>\t\t<\/div>\n\t\t\t\t<\/div>\n\t\t\t\t\t<\/div>\n\t\t<\/div>\n\t\t\t\t\t\t\t<\/div>\n\t\t<\/section>\n\t\t\t\t\t<\/div>\n\t\t<\/div>\n\t\t\t\t\t\t\t<\/div>\n\t\t<\/section>\n\t\t\t\t\t\t<\/div>\n\t\t\t\t\t<\/div>\n\t\t","protected":false},"excerpt":{"rendered":"<p>Kushtet dhe Termat e P\u00ebrdorimit Ju lutemi lexoni me kujdes k\u00ebto kushte p\u00ebrpara se t\u00eb p\u00ebrdorni faqen Secrets of Nature Ltd, produktet apo sh\u00ebrbimet tona. Duke hyr\u00eb dhe p\u00ebrdorur k\u00ebt\u00eb faqe, ju pranoni t\u00eb respektoni k\u00ebto kushte dhe dispozita, si dhe ligjet p\u00ebrkat\u00ebse. N\u00ebse nuk pajtoheni me ndonj\u00eb prej tyre, ju lutemi mos e p\u00ebrdorni &hellip;<\/p>\n<p class=\"read-more\"> <a class=\"\" href=\"https:\/\/www.secretsofnatureltd.com\/al\/terms-conditions\/\"> <span class=\"screen-reader-text\">Terms-Conditions<\/span> Read More &raquo;<\/a><\/p>\n","protected":false},"author":1,"featured_media":0,"parent":0,"menu_order":0,"comment_status":"closed","ping_status":"closed","template":"","meta":{"site-sidebar-layout":"no-sidebar","site-content-layout":"page-builder","ast-main-header-display":"","ast-hfb-above-header-display":"","ast-hfb-below-header-display":"","ast-hfb-mobile-header-display":"","site-post-title":"disabled","ast-breadcrumbs-content":"","ast-featured-img":"disabled","footer-sml-layout":"","theme-transparent-header-meta":"","adv-header-id-meta":"","stick-header-meta":"","header-above-stick-meta":"","header-main-stick-meta":"","header-below-stick-meta":"","footnotes":""},"class_list":["post-2753","page","type-page","status-publish","hentry"],"_links":{"self":[{"href":"https:\/\/www.secretsofnatureltd.com\/al\/wp-json\/wp\/v2\/pages\/2753","targetHints":{"allow":["GET"]}}],"collection":[{"href":"https:\/\/www.secretsofnatureltd.com\/al\/wp-json\/wp\/v2\/pages"}],"about":[{"href":"https:\/\/www.secretsofnatureltd.com\/al\/wp-json\/wp\/v2\/types\/page"}],"author":[{"embeddable":true,"href":"https:\/\/www.secretsofnatureltd.com\/al\/wp-json\/wp\/v2\/users\/1"}],"replies":[{"embeddable":true,"href":"https:\/\/www.secretsofnatureltd.com\/al\/wp-json\/wp\/v2\/comments?post=2753"}],"version-history":[{"count":19,"href":"https:\/\/www.secretsofnatureltd.com\/al\/wp-json\/wp\/v2\/pages\/2753\/revisions"}],"predecessor-version":[{"id":2773,"href":"https:\/\/www.secretsofnatureltd.com\/al\/wp-json\/wp\/v2\/pages\/2753\/revisions\/2773"}],"wp:attachment":[{"href":"https:\/\/www.secretsofnatureltd.com\/al\/wp-json\/wp\/v2\/media?parent=2753"}],"curies":[{"name":"wp","href":"https:\/\/api.w.org\/{rel}","templated":true}]}}